{"id":9133,"date":"2025-08-07T15:31:55","date_gmt":"2025-08-07T18:31:55","guid":{"rendered":"https:\/\/sadenir.com.uy\/orijen\/?post_type=product&#038;p=9133"},"modified":"2025-08-07T15:31:55","modified_gmt":"2025-08-07T18:31:55","slug":"pate-original-con-higado","status":"publish","type":"product","link":"https:\/\/sadenir.com.uy\/orijen\/shop\/perros\/pate-original-con-higado\/","title":{"rendered":"Pat\u00e9 ORIGINAL con H\u00edgado"},"content":{"rendered":"<h3 data-start=\"151\" data-end=\"172\"><strong data-start=\"155\" data-end=\"172\">Ingredientes:<\/strong><\/h3>\n<p data-start=\"173\" data-end=\"988\">Pollo, pavo, caldo de huesos de pollo, caldo de huesos de pavo, h\u00edgado de pollo, h\u00edgado de pavo, bacalao, br\u00f3coli, zanahorias, coraz\u00f3n de pavo, coraz\u00f3n de pollo, sabor natural de cerdo, arenque, calabaza, goma guar, agar-agar, sal, cloruro de potasio, minerales (proteinato de zinc, proteinato de hierro, levadura con selenio, proteinato de cobre, proteinato de cobalto, proteinato de manganeso, yoduro de potasio), aceite de arenque (conservado con tocoferoles mixtos), vitaminas (mononitrato de tiamina, suplemento de vitamina E, suplemento de niacina, pantotenato de calcio, suplemento de vitamina A, suplemento de riboflavina, biotina, suplemento de vitamina B12, hidrocloruro de piridoxina, suplemento de vitamina D3, \u00e1cido f\u00f3lico), cloruro de colina, inulina, c\u00farcuma, carbonato de sodio, sulfato de magnesio.<\/p>\n<hr data-start=\"990\" data-end=\"993\" \/>\n<h3 data-start=\"995\" data-end=\"1036\"><strong data-start=\"999\" data-end=\"1036\">Contenido energ\u00e9tico (calculado):<\/strong><\/h3>\n<ul data-start=\"1037\" data-end=\"1099\">\n<li data-start=\"1037\" data-end=\"1057\">\n<p data-start=\"1039\" data-end=\"1057\"><strong data-start=\"1039\" data-end=\"1055\">1231 kcal\/kg<\/strong><\/p>\n<\/li>\n<li data-start=\"1058\" data-end=\"1099\">\n<p data-start=\"1060\" data-end=\"1099\"><strong data-start=\"1060\" data-end=\"1081\">447 kcal por lata<\/strong> (363 g \/ 12.8 oz)<\/p>\n<\/li>\n<\/ul>\n<hr data-start=\"1101\" data-end=\"1104\" \/>\n<h3 data-start=\"1106\" data-end=\"1135\"><strong data-start=\"1110\" data-end=\"1135\">An\u00e1lisis garantizado:<\/strong><\/h3>\n<ul data-start=\"1136\" data-end=\"1298\">\n<li data-start=\"1136\" data-end=\"1170\">\n<p data-start=\"1138\" data-end=\"1170\"><strong data-start=\"1138\" data-end=\"1164\">Prote\u00edna cruda (m\u00edn.):<\/strong> 10%<\/p>\n<\/li>\n<li data-start=\"1171\" data-end=\"1201\">\n<p data-start=\"1173\" data-end=\"1201\"><strong data-start=\"1173\" data-end=\"1196\">Grasa cruda (m\u00edn.):<\/strong> 7%<\/p>\n<\/li>\n<li data-start=\"1202\" data-end=\"1234\">\n<p data-start=\"1204\" data-end=\"1234\"><strong data-start=\"1204\" data-end=\"1227\">Fibra cruda (m\u00e1x.):<\/strong> 1,5%<\/p>\n<\/li>\n<li data-start=\"1235\" data-end=\"1298\">\n<p data-start=\"1237\" data-end=\"1298\"><strong data-start=\"1237\" data-end=\"1256\">Humedad (m\u00e1x.):<\/strong> <em data-start=\"1257\" data-end=\"1274\">[dato faltante]<\/em> \u2190 (avisame si lo ten\u00e9s)<\/p>\n<\/li>\n<\/ul>\n<hr data-start=\"1300\" data-end=\"1303\" \/>\n<h3 data-start=\"1305\" data-end=\"1339\"><strong data-start=\"1309\" data-end=\"1339\">Recomendaci\u00f3n nutricional:<\/strong><\/h3>\n<p data-start=\"1340\" data-end=\"1665\">La <strong data-start=\"1343\" data-end=\"1397\">Comida para Perros ORIJEN P\u00e2t\u00e9 Original con H\u00edgado<\/strong> est\u00e1 formulada para cumplir con los niveles nutricionales establecidos por los <strong data-start=\"1477\" data-end=\"1540\">perfiles nutricionales de alimentos para perros de la AAFCO<\/strong> para <strong data-start=\"1546\" data-end=\"1577\">todas las etapas de la vida<\/strong>, <strong data-start=\"1579\" data-end=\"1590\">excepto<\/strong> el <strong data-start=\"1594\" data-end=\"1636\">crecimiento de perros de razas grandes<\/strong> (70 lb o m\u00e1s en la adultez).<\/p>\n","protected":false},"excerpt":{"rendered":"<p data-start=\"266\" data-end=\"636\">No todas las comidas h\u00famedas para perros son iguales. Este <strong data-start=\"325\" data-end=\"351\">pat\u00e9 suave y nutritivo<\/strong> ofrece los ingredientes animales que tu perro necesita para prosperar. Cada lata de <strong data-start=\"436\" data-end=\"463\">ORIJEN\u2122 Pat\u00e9 con H\u00edgado<\/strong> est\u00e1 repleta de ingredientes WholePrey\u2122: pollo, pavo y bacalao ricos en prote\u00ednas, junto con h\u00edgados de pollo y pavo que aportan un sabor delicioso y nutrientes esenciales.<\/p>\n<p data-start=\"638\" data-end=\"718\">Adem\u00e1s, los caldos sabrosos de pollo y pavo contribuyen a una mejor hidrataci\u00f3n.<\/p>\n<hr data-start=\"720\" data-end=\"723\" \/>\n<p data-start=\"725\" data-end=\"751\"><strong data-start=\"725\" data-end=\"751\">Beneficios destacados:<\/strong><\/p>\n<ul data-start=\"752\" data-end=\"1089\">\n<li data-start=\"752\" data-end=\"839\">\n<p data-start=\"754\" data-end=\"839\">Los 7 primeros ingredientes son de origen animal, incluyendo pollo, pavo y bacalao.<\/p>\n<\/li>\n<li data-start=\"840\" data-end=\"912\">\n<p data-start=\"842\" data-end=\"912\">Contiene \u00f3rganos ricos en nutrientes como h\u00edgado de pollo y de pavo.<\/p>\n<\/li>\n<li data-start=\"913\" data-end=\"984\">\n<p data-start=\"915\" data-end=\"984\">95\u202f% de ingredientes animales provenientes de 5 fuentes diferentes.<\/p>\n<\/li>\n<li data-start=\"985\" data-end=\"1020\">\n<p data-start=\"987\" data-end=\"1020\">Rico en prote\u00ednas y sin granos.<\/p>\n<\/li>\n<li data-start=\"1021\" data-end=\"1089\">\n<p data-start=\"1023\" data-end=\"1089\">Elaborado en EE.\u202fUU. con ingredientes de calidad de todo el mundo.<\/p>\n<\/li>\n<\/ul>\n","protected":false},"featured_media":9134,"template":"","meta":{"pgc_sgb_lightbox_settings":""},"product_brand":[],"product_cat":[37],"product_tag":[],"class_list":{"0":"post-9133","1":"product","2":"type-product","3":"status-publish","4":"has-post-thumbnail","6":"product_cat-perros","8":"first","9":"instock","10":"shipping-taxable","11":"product-type-simple"},"yoast_head":"<!-- This site is optimized with the Yoast SEO plugin v26.1.1 - https:\/\/yoast.com\/wordpress\/plugins\/seo\/ -->\n<title>Pat\u00e9 ORIGINAL con H\u00edgado - Orijen<\/title>\n<meta name=\"description\" content=\"P\u00e2t\u00e9 h\u00famedo de ORIJEN con h\u00edgado, pollo, pavo y bacalao. 95\u202f% ingredientes animales. Alta prote\u00edna y sin granos. Nutrici\u00f3n completa para tu perro.\" \/>\n<meta name=\"robots\" content=\"index, follow, max-snippet:-1, max-image-preview:large, max-video-preview:-1\" \/>\n<link rel=\"canonical\" href=\"https:\/\/sadenir.com.uy\/orijen\/shop\/perros\/pate-original-con-higado\/\" \/>\n<meta property=\"og:locale\" content=\"es_ES\" \/>\n<meta property=\"og:type\" content=\"article\" \/>\n<meta property=\"og:title\" content=\"Pat\u00e9 ORIGINAL con H\u00edgado - Orijen\" \/>\n<meta property=\"og:description\" content=\"P\u00e2t\u00e9 h\u00famedo de ORIJEN con h\u00edgado, pollo, pavo y bacalao. 95\u202f% ingredientes animales. Alta prote\u00edna y sin granos. Nutrici\u00f3n completa para tu perro.\" \/>\n<meta property=\"og:url\" content=\"https:\/\/sadenir.com.uy\/orijen\/shop\/perros\/pate-original-con-higado\/\" \/>\n<meta property=\"og:site_name\" content=\"Orijen\" \/>\n<meta property=\"og:image\" content=\"https:\/\/sadenir.com.uy\/orijen\/wp-content\/uploads\/sites\/10\/2025\/08\/ORIJEN-Pate-With-Liver-Original-Wet-Dog-Front-12.8oz-USA.webp\" \/>\n\t<meta property=\"og:image:width\" content=\"450\" \/>\n\t<meta property=\"og:image:height\" content=\"450\" \/>\n\t<meta property=\"og:image:type\" content=\"image\/png\" \/>\n<meta name=\"twitter:card\" content=\"summary_large_image\" \/>\n<meta name=\"twitter:label1\" content=\"Tiempo de lectura\" \/>\n\t<meta name=\"twitter:data1\" content=\"2 minutos\" \/>\n<script type=\"application\/ld+json\" class=\"yoast-schema-graph\">{\"@context\":\"https:\/\/schema.org\",\"@graph\":[{\"@type\":\"WebPage\",\"@id\":\"https:\/\/sadenir.com.uy\/orijen\/shop\/perros\/pate-original-con-higado\/\",\"url\":\"https:\/\/sadenir.com.uy\/orijen\/shop\/perros\/pate-original-con-higado\/\",\"name\":\"Pat\u00e9 ORIGINAL con H\u00edgado - Orijen\",\"isPartOf\":{\"@id\":\"https:\/\/sadenir.com.uy\/orijen\/#website\"},\"primaryImageOfPage\":{\"@id\":\"https:\/\/sadenir.com.uy\/orijen\/shop\/perros\/pate-original-con-higado\/#primaryimage\"},\"image\":{\"@id\":\"https:\/\/sadenir.com.uy\/orijen\/shop\/perros\/pate-original-con-higado\/#primaryimage\"},\"thumbnailUrl\":\"https:\/\/sadenir.com.uy\/orijen\/wp-content\/uploads\/sites\/10\/2025\/08\/ORIJEN-Pate-With-Liver-Original-Wet-Dog-Front-12.8oz-USA.webp\",\"datePublished\":\"2025-08-07T18:31:55+00:00\",\"description\":\"P\u00e2t\u00e9 h\u00famedo de ORIJEN con h\u00edgado, pollo, pavo y bacalao. 95\u202f% ingredientes animales. Alta prote\u00edna y sin granos. Nutrici\u00f3n completa para tu perro.\",\"breadcrumb\":{\"@id\":\"https:\/\/sadenir.com.uy\/orijen\/shop\/perros\/pate-original-con-higado\/#breadcrumb\"},\"inLanguage\":\"es-AR\",\"potentialAction\":[{\"@type\":\"ReadAction\",\"target\":[\"https:\/\/sadenir.com.uy\/orijen\/shop\/perros\/pate-original-con-higado\/\"]}]},{\"@type\":\"ImageObject\",\"inLanguage\":\"es-AR\",\"@id\":\"https:\/\/sadenir.com.uy\/orijen\/shop\/perros\/pate-original-con-higado\/#primaryimage\",\"url\":\"https:\/\/sadenir.com.uy\/orijen\/wp-content\/uploads\/sites\/10\/2025\/08\/ORIJEN-Pate-With-Liver-Original-Wet-Dog-Front-12.8oz-USA.webp\",\"contentUrl\":\"https:\/\/sadenir.com.uy\/orijen\/wp-content\/uploads\/sites\/10\/2025\/08\/ORIJEN-Pate-With-Liver-Original-Wet-Dog-Front-12.8oz-USA.webp\",\"width\":450,\"height\":450},{\"@type\":\"BreadcrumbList\",\"@id\":\"https:\/\/sadenir.com.uy\/orijen\/shop\/perros\/pate-original-con-higado\/#breadcrumb\",\"itemListElement\":[{\"@type\":\"ListItem\",\"position\":1,\"name\":\"Inicio\",\"item\":\"https:\/\/sadenir.com.uy\/orijen\/\"},{\"@type\":\"ListItem\",\"position\":2,\"name\":\"Products\",\"item\":\"https:\/\/sadenir.com.uy\/orijen\/shop\/\"},{\"@type\":\"ListItem\",\"position\":3,\"name\":\"Pat\u00e9 ORIGINAL con H\u00edgado\"}]},{\"@type\":\"WebSite\",\"@id\":\"https:\/\/sadenir.com.uy\/orijen\/#website\",\"url\":\"https:\/\/sadenir.com.uy\/orijen\/\",\"name\":\"Orijen\",\"description\":\"Nutre como lo har\u00eda la naturaleza\",\"potentialAction\":[{\"@type\":\"SearchAction\",\"target\":{\"@type\":\"EntryPoint\",\"urlTemplate\":\"https:\/\/sadenir.com.uy\/orijen\/?s={search_term_string}\"},\"query-input\":{\"@type\":\"PropertyValueSpecification\",\"valueRequired\":true,\"valueName\":\"search_term_string\"}}],\"inLanguage\":\"es-AR\"}]}<\/script>\n<!-- \/ Yoast SEO plugin. -->","yoast_head_json":{"title":"Pat\u00e9 ORIGINAL con H\u00edgado - Orijen","description":"P\u00e2t\u00e9 h\u00famedo de ORIJEN con h\u00edgado, pollo, pavo y bacalao. 95\u202f% ingredientes animales. Alta prote\u00edna y sin granos. Nutrici\u00f3n completa para tu perro.","robots":{"index":"index","follow":"follow","max-snippet":"max-snippet:-1","max-image-preview":"max-image-preview:large","max-video-preview":"max-video-preview:-1"},"canonical":"https:\/\/sadenir.com.uy\/orijen\/shop\/perros\/pate-original-con-higado\/","og_locale":"es_ES","og_type":"article","og_title":"Pat\u00e9 ORIGINAL con H\u00edgado - Orijen","og_description":"P\u00e2t\u00e9 h\u00famedo de ORIJEN con h\u00edgado, pollo, pavo y bacalao. 95\u202f% ingredientes animales. Alta prote\u00edna y sin granos. Nutrici\u00f3n completa para tu perro.","og_url":"https:\/\/sadenir.com.uy\/orijen\/shop\/perros\/pate-original-con-higado\/","og_site_name":"Orijen","og_image":[{"width":450,"height":450,"url":"https:\/\/sadenir.com.uy\/orijen\/wp-content\/uploads\/sites\/10\/2025\/08\/ORIJEN-Pate-With-Liver-Original-Wet-Dog-Front-12.8oz-USA.webp","type":"image\/png"}],"twitter_card":"summary_large_image","twitter_misc":{"Tiempo de lectura":"2 minutos"},"schema":{"@context":"https:\/\/schema.org","@graph":[{"@type":"WebPage","@id":"https:\/\/sadenir.com.uy\/orijen\/shop\/perros\/pate-original-con-higado\/","url":"https:\/\/sadenir.com.uy\/orijen\/shop\/perros\/pate-original-con-higado\/","name":"Pat\u00e9 ORIGINAL con H\u00edgado - Orijen","isPartOf":{"@id":"https:\/\/sadenir.com.uy\/orijen\/#website"},"primaryImageOfPage":{"@id":"https:\/\/sadenir.com.uy\/orijen\/shop\/perros\/pate-original-con-higado\/#primaryimage"},"image":{"@id":"https:\/\/sadenir.com.uy\/orijen\/shop\/perros\/pate-original-con-higado\/#primaryimage"},"thumbnailUrl":"https:\/\/sadenir.com.uy\/orijen\/wp-content\/uploads\/sites\/10\/2025\/08\/ORIJEN-Pate-With-Liver-Original-Wet-Dog-Front-12.8oz-USA.webp","datePublished":"2025-08-07T18:31:55+00:00","description":"P\u00e2t\u00e9 h\u00famedo de ORIJEN con h\u00edgado, pollo, pavo y bacalao. 95\u202f% ingredientes animales. Alta prote\u00edna y sin granos. Nutrici\u00f3n completa para tu perro.","breadcrumb":{"@id":"https:\/\/sadenir.com.uy\/orijen\/shop\/perros\/pate-original-con-higado\/#breadcrumb"},"inLanguage":"es-AR","potentialAction":[{"@type":"ReadAction","target":["https:\/\/sadenir.com.uy\/orijen\/shop\/perros\/pate-original-con-higado\/"]}]},{"@type":"ImageObject","inLanguage":"es-AR","@id":"https:\/\/sadenir.com.uy\/orijen\/shop\/perros\/pate-original-con-higado\/#primaryimage","url":"https:\/\/sadenir.com.uy\/orijen\/wp-content\/uploads\/sites\/10\/2025\/08\/ORIJEN-Pate-With-Liver-Original-Wet-Dog-Front-12.8oz-USA.webp","contentUrl":"https:\/\/sadenir.com.uy\/orijen\/wp-content\/uploads\/sites\/10\/2025\/08\/ORIJEN-Pate-With-Liver-Original-Wet-Dog-Front-12.8oz-USA.webp","width":450,"height":450},{"@type":"BreadcrumbList","@id":"https:\/\/sadenir.com.uy\/orijen\/shop\/perros\/pate-original-con-higado\/#breadcrumb","itemListElement":[{"@type":"ListItem","position":1,"name":"Inicio","item":"https:\/\/sadenir.com.uy\/orijen\/"},{"@type":"ListItem","position":2,"name":"Products","item":"https:\/\/sadenir.com.uy\/orijen\/shop\/"},{"@type":"ListItem","position":3,"name":"Pat\u00e9 ORIGINAL con H\u00edgado"}]},{"@type":"WebSite","@id":"https:\/\/sadenir.com.uy\/orijen\/#website","url":"https:\/\/sadenir.com.uy\/orijen\/","name":"Orijen","description":"Nutre como lo har\u00eda la naturaleza","potentialAction":[{"@type":"SearchAction","target":{"@type":"EntryPoint","urlTemplate":"https:\/\/sadenir.com.uy\/orijen\/?s={search_term_string}"},"query-input":{"@type":"PropertyValueSpecification","valueRequired":true,"valueName":"search_term_string"}}],"inLanguage":"es-AR"}]}},"_links":{"self":[{"href":"https:\/\/sadenir.com.uy\/orijen\/wp-json\/wp\/v2\/product\/9133","targetHints":{"allow":["GET"]}}],"collection":[{"href":"https:\/\/sadenir.com.uy\/orijen\/wp-json\/wp\/v2\/product"}],"about":[{"href":"https:\/\/sadenir.com.uy\/orijen\/wp-json\/wp\/v2\/types\/product"}],"wp:featuredmedia":[{"embeddable":true,"href":"https:\/\/sadenir.com.uy\/orijen\/wp-json\/wp\/v2\/media\/9134"}],"wp:attachment":[{"href":"https:\/\/sadenir.com.uy\/orijen\/wp-json\/wp\/v2\/media?parent=9133"}],"wp:term":[{"taxonomy":"product_brand","embeddable":true,"href":"https:\/\/sadenir.com.uy\/orijen\/wp-json\/wp\/v2\/product_brand?post=9133"},{"taxonomy":"product_cat","embeddable":true,"href":"https:\/\/sadenir.com.uy\/orijen\/wp-json\/wp\/v2\/product_cat?post=9133"},{"taxonomy":"product_tag","embeddable":true,"href":"https:\/\/sadenir.com.uy\/orijen\/wp-json\/wp\/v2\/product_tag?post=9133"}],"curies":[{"name":"wp","href":"https:\/\/api.w.org\/{rel}","templated":true}]}}