{"id":6023,"date":"2020-09-01T22:02:50","date_gmt":"2020-09-01T22:02:50","guid":{"rendered":"https:\/\/www.andresdicamillo.com\/sadenir\/royalhorse\/?post_type=product&#038;p=6023"},"modified":"2024-05-02T19:42:28","modified_gmt":"2024-05-02T19:42:28","slug":"mature-grain-free","status":"publish","type":"product","link":"https:\/\/sadenir.com.uy\/royalhorse\/product\/mature-grain-free\/","title":{"rendered":"B-150"},"content":{"rendered":"<p>Royal Horse, es una marca global del grupo Neovia, especializado en nutrici\u00f3n y salud animal con m\u00e1s de 60 a\u00f1os de experiencia en soluciones multi especies y actuaci\u00f3n en 28 pa\u00edses, con m\u00e1s de 8300 colaboradores, 76 plantas productivas y 11 centros de nutrici\u00f3n repartidos por el mundo.<\/p>\n<p>En Brasil, posee 2600 colaboradores y 14 plantas productivas localizadas estrat\u00e9gicamente para atender con calidad y agilidad a los clientes de todos los pa\u00edses.<\/p>\n<p>Con las l\u00edneas \u201cS\u201d (Support). \u201cB\u201d (Breeding), \u201cC\u201d y \u201cH\u201d (High), Royal Horse ofrece un portfolio completo de soluciones de alto desempe\u00f1o que potencian resultados y t\u00edtulos en todo el planeta. Use Royal Horse y sea Usted tambi\u00e9n un campe\u00f3n.<\/p>\n<p><img decoding=\"async\" src=\"http:\/\/sadenir.com.uy\/wp-content\/uploads\/2019\/09\/B-150-1.jpg\" \/><\/p>\n<p><img decoding=\"async\" src=\"http:\/\/sadenir.com.uy\/wp-content\/uploads\/2019\/09\/B-150-2.jpg\" \/><\/p>\n<p><img decoding=\"async\" src=\"http:\/\/sadenir.com.uy\/wp-content\/uploads\/2019\/09\/B-LINE-FISIONOMIA-DEL-PRODUCTO.jpg\" \/><\/p>\n<p><img decoding=\"async\" src=\"http:\/\/sadenir.com.uy\/wp-content\/uploads\/2019\/09\/BREEDING.jpg\" \/><\/p>\n<p><img decoding=\"async\" src=\"http:\/\/sadenir.com.uy\/wp-content\/uploads\/2019\/09\/INFO-NUTRI-1.jpg\" \/><\/p>\n","protected":false},"excerpt":{"rendered":"<p>Hace aproximadamente 50 a\u00f1os ROYAL HORSE proporciona alto rendimiento en todo el mundo con soluciones desarrolladas por nutricionistas y veterinarios especializados en equinos. Se atienden diferentes necesidades con soluciones balanceadas y con materia prima de alto valor agregado, garantizando as\u00ed. El mejor desempe\u00f1o de los caballos. Sean montado por placer, deporte, competencia, carrera, o en fases de reproducci\u00f3n.<\/p>\n<p align=\"justify\">\n","protected":false},"featured_media":6183,"template":"","meta":{"pgc_sgb_lightbox_settings":""},"product_brand":[],"product_cat":[74],"product_tag":[],"class_list":{"0":"post-6023","1":"product","2":"type-product","3":"status-publish","4":"has-post-thumbnail","6":"product_cat-equinos","8":"first","9":"instock","10":"shipping-taxable","11":"product-type-simple"},"yoast_head":"<!-- This site is optimized with the Yoast SEO plugin v26.1.1 - https:\/\/yoast.com\/wordpress\/plugins\/seo\/ -->\n<title>B-150 - Royal Horse<\/title>\n<meta name=\"robots\" content=\"index, follow, max-snippet:-1, max-image-preview:large, max-video-preview:-1\" \/>\n<link rel=\"canonical\" href=\"https:\/\/sadenir.com.uy\/royalhorse\/product\/mature-grain-free\/\" \/>\n<meta property=\"og:locale\" content=\"es_ES\" \/>\n<meta property=\"og:type\" content=\"article\" \/>\n<meta property=\"og:title\" content=\"B-150 - Royal Horse\" \/>\n<meta property=\"og:description\" content=\"Hace aproximadamente 50 a\u00f1os ROYAL HORSE proporciona alto rendimiento en todo el mundo con soluciones desarrolladas por nutricionistas y veterinarios especializados en equinos. Se atienden diferentes necesidades con soluciones balanceadas y con materia prima de alto valor agregado, garantizando as\u00ed. El mejor desempe\u00f1o de los caballos. Sean montado por placer, deporte, competencia, carrera, o en fases de reproducci\u00f3n.\" \/>\n<meta property=\"og:url\" content=\"https:\/\/sadenir.com.uy\/royalhorse\/product\/mature-grain-free\/\" \/>\n<meta property=\"og:site_name\" content=\"Royal Horse\" \/>\n<meta property=\"article:modified_time\" content=\"2024-05-02T19:42:28+00:00\" \/>\n<meta property=\"og:image\" content=\"https:\/\/sadenir.com.uy\/royalhorse\/wp-content\/uploads\/sites\/6\/2020\/09\/LINHA-B-1-1.png\" \/>\n\t<meta property=\"og:image:width\" content=\"3523\" \/>\n\t<meta property=\"og:image:height\" content=\"4244\" \/>\n\t<meta property=\"og:image:type\" content=\"image\/png\" \/>\n<meta name=\"twitter:card\" content=\"summary_large_image\" \/>\n<meta name=\"twitter:label1\" content=\"Tiempo de lectura\" \/>\n\t<meta name=\"twitter:data1\" content=\"1 minuto\" \/>\n<script type=\"application\/ld+json\" class=\"yoast-schema-graph\">{\"@context\":\"https:\/\/schema.org\",\"@graph\":[{\"@type\":\"WebPage\",\"@id\":\"https:\/\/sadenir.com.uy\/royalhorse\/product\/mature-grain-free\/\",\"url\":\"https:\/\/sadenir.com.uy\/royalhorse\/product\/mature-grain-free\/\",\"name\":\"B-150 - Royal Horse\",\"isPartOf\":{\"@id\":\"https:\/\/sadenir.com.uy\/royalhorse\/#website\"},\"primaryImageOfPage\":{\"@id\":\"https:\/\/sadenir.com.uy\/royalhorse\/product\/mature-grain-free\/#primaryimage\"},\"image\":{\"@id\":\"https:\/\/sadenir.com.uy\/royalhorse\/product\/mature-grain-free\/#primaryimage\"},\"thumbnailUrl\":\"https:\/\/sadenir.com.uy\/royalhorse\/wp-content\/uploads\/sites\/6\/2020\/09\/LINHA-B-1-1.png\",\"datePublished\":\"2020-09-01T22:02:50+00:00\",\"dateModified\":\"2024-05-02T19:42:28+00:00\",\"breadcrumb\":{\"@id\":\"https:\/\/sadenir.com.uy\/royalhorse\/product\/mature-grain-free\/#breadcrumb\"},\"inLanguage\":\"es-AR\",\"potentialAction\":[{\"@type\":\"ReadAction\",\"target\":[\"https:\/\/sadenir.com.uy\/royalhorse\/product\/mature-grain-free\/\"]}]},{\"@type\":\"ImageObject\",\"inLanguage\":\"es-AR\",\"@id\":\"https:\/\/sadenir.com.uy\/royalhorse\/product\/mature-grain-free\/#primaryimage\",\"url\":\"https:\/\/sadenir.com.uy\/royalhorse\/wp-content\/uploads\/sites\/6\/2020\/09\/LINHA-B-1-1.png\",\"contentUrl\":\"https:\/\/sadenir.com.uy\/royalhorse\/wp-content\/uploads\/sites\/6\/2020\/09\/LINHA-B-1-1.png\",\"width\":3523,\"height\":4244},{\"@type\":\"BreadcrumbList\",\"@id\":\"https:\/\/sadenir.com.uy\/royalhorse\/product\/mature-grain-free\/#breadcrumb\",\"itemListElement\":[{\"@type\":\"ListItem\",\"position\":1,\"name\":\"Inicio\",\"item\":\"https:\/\/sadenir.com.uy\/royalhorse\/\"},{\"@type\":\"ListItem\",\"position\":2,\"name\":\"Productos\",\"item\":\"https:\/\/sadenir.com.uy\/royalhorse\/productos\/\"},{\"@type\":\"ListItem\",\"position\":3,\"name\":\"B-150\"}]},{\"@type\":\"WebSite\",\"@id\":\"https:\/\/sadenir.com.uy\/royalhorse\/#website\",\"url\":\"https:\/\/sadenir.com.uy\/royalhorse\/\",\"name\":\"Royal Horse\",\"description\":\"Excelencia en nutrici\u00f3n\",\"potentialAction\":[{\"@type\":\"SearchAction\",\"target\":{\"@type\":\"EntryPoint\",\"urlTemplate\":\"https:\/\/sadenir.com.uy\/royalhorse\/?s={search_term_string}\"},\"query-input\":{\"@type\":\"PropertyValueSpecification\",\"valueRequired\":true,\"valueName\":\"search_term_string\"}}],\"inLanguage\":\"es-AR\"}]}<\/script>\n<!-- \/ Yoast SEO plugin. -->","yoast_head_json":{"title":"B-150 - Royal Horse","robots":{"index":"index","follow":"follow","max-snippet":"max-snippet:-1","max-image-preview":"max-image-preview:large","max-video-preview":"max-video-preview:-1"},"canonical":"https:\/\/sadenir.com.uy\/royalhorse\/product\/mature-grain-free\/","og_locale":"es_ES","og_type":"article","og_title":"B-150 - Royal Horse","og_description":"Hace aproximadamente 50 a\u00f1os ROYAL HORSE proporciona alto rendimiento en todo el mundo con soluciones desarrolladas por nutricionistas y veterinarios especializados en equinos. Se atienden diferentes necesidades con soluciones balanceadas y con materia prima de alto valor agregado, garantizando as\u00ed. El mejor desempe\u00f1o de los caballos. Sean montado por placer, deporte, competencia, carrera, o en fases de reproducci\u00f3n.","og_url":"https:\/\/sadenir.com.uy\/royalhorse\/product\/mature-grain-free\/","og_site_name":"Royal Horse","article_modified_time":"2024-05-02T19:42:28+00:00","og_image":[{"width":3523,"height":4244,"url":"https:\/\/sadenir.com.uy\/royalhorse\/wp-content\/uploads\/sites\/6\/2020\/09\/LINHA-B-1-1.png","type":"image\/png"}],"twitter_card":"summary_large_image","twitter_misc":{"Tiempo de lectura":"1 minuto"},"schema":{"@context":"https:\/\/schema.org","@graph":[{"@type":"WebPage","@id":"https:\/\/sadenir.com.uy\/royalhorse\/product\/mature-grain-free\/","url":"https:\/\/sadenir.com.uy\/royalhorse\/product\/mature-grain-free\/","name":"B-150 - Royal Horse","isPartOf":{"@id":"https:\/\/sadenir.com.uy\/royalhorse\/#website"},"primaryImageOfPage":{"@id":"https:\/\/sadenir.com.uy\/royalhorse\/product\/mature-grain-free\/#primaryimage"},"image":{"@id":"https:\/\/sadenir.com.uy\/royalhorse\/product\/mature-grain-free\/#primaryimage"},"thumbnailUrl":"https:\/\/sadenir.com.uy\/royalhorse\/wp-content\/uploads\/sites\/6\/2020\/09\/LINHA-B-1-1.png","datePublished":"2020-09-01T22:02:50+00:00","dateModified":"2024-05-02T19:42:28+00:00","breadcrumb":{"@id":"https:\/\/sadenir.com.uy\/royalhorse\/product\/mature-grain-free\/#breadcrumb"},"inLanguage":"es-AR","potentialAction":[{"@type":"ReadAction","target":["https:\/\/sadenir.com.uy\/royalhorse\/product\/mature-grain-free\/"]}]},{"@type":"ImageObject","inLanguage":"es-AR","@id":"https:\/\/sadenir.com.uy\/royalhorse\/product\/mature-grain-free\/#primaryimage","url":"https:\/\/sadenir.com.uy\/royalhorse\/wp-content\/uploads\/sites\/6\/2020\/09\/LINHA-B-1-1.png","contentUrl":"https:\/\/sadenir.com.uy\/royalhorse\/wp-content\/uploads\/sites\/6\/2020\/09\/LINHA-B-1-1.png","width":3523,"height":4244},{"@type":"BreadcrumbList","@id":"https:\/\/sadenir.com.uy\/royalhorse\/product\/mature-grain-free\/#breadcrumb","itemListElement":[{"@type":"ListItem","position":1,"name":"Inicio","item":"https:\/\/sadenir.com.uy\/royalhorse\/"},{"@type":"ListItem","position":2,"name":"Productos","item":"https:\/\/sadenir.com.uy\/royalhorse\/productos\/"},{"@type":"ListItem","position":3,"name":"B-150"}]},{"@type":"WebSite","@id":"https:\/\/sadenir.com.uy\/royalhorse\/#website","url":"https:\/\/sadenir.com.uy\/royalhorse\/","name":"Royal Horse","description":"Excelencia en nutrici\u00f3n","potentialAction":[{"@type":"SearchAction","target":{"@type":"EntryPoint","urlTemplate":"https:\/\/sadenir.com.uy\/royalhorse\/?s={search_term_string}"},"query-input":{"@type":"PropertyValueSpecification","valueRequired":true,"valueName":"search_term_string"}}],"inLanguage":"es-AR"}]}},"_links":{"self":[{"href":"https:\/\/sadenir.com.uy\/royalhorse\/wp-json\/wp\/v2\/product\/6023","targetHints":{"allow":["GET"]}}],"collection":[{"href":"https:\/\/sadenir.com.uy\/royalhorse\/wp-json\/wp\/v2\/product"}],"about":[{"href":"https:\/\/sadenir.com.uy\/royalhorse\/wp-json\/wp\/v2\/types\/product"}],"wp:featuredmedia":[{"embeddable":true,"href":"https:\/\/sadenir.com.uy\/royalhorse\/wp-json\/wp\/v2\/media\/6183"}],"wp:attachment":[{"href":"https:\/\/sadenir.com.uy\/royalhorse\/wp-json\/wp\/v2\/media?parent=6023"}],"wp:term":[{"taxonomy":"product_brand","embeddable":true,"href":"https:\/\/sadenir.com.uy\/royalhorse\/wp-json\/wp\/v2\/product_brand?post=6023"},{"taxonomy":"product_cat","embeddable":true,"href":"https:\/\/sadenir.com.uy\/royalhorse\/wp-json\/wp\/v2\/product_cat?post=6023"},{"taxonomy":"product_tag","embeddable":true,"href":"https:\/\/sadenir.com.uy\/royalhorse\/wp-json\/wp\/v2\/product_tag?post=6023"}],"curies":[{"name":"wp","href":"https:\/\/api.w.org\/{rel}","templated":true}]}}