{"id":6177,"date":"2024-05-02T19:23:17","date_gmt":"2024-05-02T19:23:17","guid":{"rendered":"https:\/\/sadenir.com.uy\/royalhorse\/?post_type=product&#038;p=6177"},"modified":"2024-05-02T19:30:35","modified_gmt":"2024-05-02T19:30:35","slug":"h-350","status":"publish","type":"product","link":"https:\/\/sadenir.com.uy\/royalhorse\/product\/h-350\/","title":{"rendered":"H-350"},"content":{"rendered":"<p>Proteina Cruda (%) 12 Grasa Cruda (%) 10 Energ\u00eda digestible (kcal\/kg) 4000 Calcio 1,1 F\u00f3sforo 0,55 Lisina 0,6 : Alta energ\u00eda de fuentes variadas, utilizaci\u00f3n superior, mejor rendimiento atl\u00e9tico.<\/p>\n<p>25kg<\/p>\n","protected":false},"excerpt":{"rendered":"<p>Hace aproximadamente 50 a\u00f1os ROYAL HORSE proporciona alto rendimiento en todo el mundo con soluciones desarrolladas por nutricionistas y veterinarios especializados en equinos. Se atienden diferentes necesidades con soluciones balanceadas y con materia prima de alto valor agregado, garantizando as\u00ed. El mejor desempe\u00f1o de los caballos. Sean montado por placer, deporte, competencia, carrera, o en fases de reproducci\u00f3n.<\/p>\n","protected":false},"featured_media":6180,"template":"","meta":{"pgc_sgb_lightbox_settings":""},"product_brand":[],"product_cat":[74],"product_tag":[],"class_list":{"0":"post-6177","1":"product","2":"type-product","3":"status-publish","4":"has-post-thumbnail","6":"product_cat-equinos","8":"first","9":"instock","10":"shipping-taxable","11":"product-type-simple"},"yoast_head":"<!-- This site is optimized with the Yoast SEO plugin v26.1.1 - https:\/\/yoast.com\/wordpress\/plugins\/seo\/ -->\n<title>H-350 - Royal Horse<\/title>\n<meta name=\"robots\" content=\"index, follow, max-snippet:-1, max-image-preview:large, max-video-preview:-1\" \/>\n<link rel=\"canonical\" href=\"https:\/\/sadenir.com.uy\/royalhorse\/product\/h-350\/\" \/>\n<meta property=\"og:locale\" content=\"es_ES\" \/>\n<meta property=\"og:type\" content=\"article\" \/>\n<meta property=\"og:title\" content=\"H-350 - Royal Horse\" \/>\n<meta property=\"og:description\" content=\"Hace aproximadamente 50 a\u00f1os ROYAL HORSE proporciona alto rendimiento en todo el mundo con soluciones desarrolladas por nutricionistas y veterinarios especializados en equinos. Se atienden diferentes necesidades con soluciones balanceadas y con materia prima de alto valor agregado, garantizando as\u00ed. El mejor desempe\u00f1o de los caballos. Sean montado por placer, deporte, competencia, carrera, o en fases de reproducci\u00f3n.\" \/>\n<meta property=\"og:url\" content=\"https:\/\/sadenir.com.uy\/royalhorse\/product\/h-350\/\" \/>\n<meta property=\"og:site_name\" content=\"Royal Horse\" \/>\n<meta property=\"article:modified_time\" content=\"2024-05-02T19:30:35+00:00\" \/>\n<meta property=\"og:image\" content=\"https:\/\/sadenir.com.uy\/royalhorse\/wp-content\/uploads\/sites\/6\/2024\/05\/PODIUM-1-2.png\" \/>\n\t<meta property=\"og:image:width\" content=\"2292\" \/>\n\t<meta property=\"og:image:height\" content=\"2865\" \/>\n\t<meta property=\"og:image:type\" content=\"image\/png\" \/>\n<meta name=\"twitter:card\" content=\"summary_large_image\" \/>\n<script type=\"application\/ld+json\" class=\"yoast-schema-graph\">{\"@context\":\"https:\/\/schema.org\",\"@graph\":[{\"@type\":\"WebPage\",\"@id\":\"https:\/\/sadenir.com.uy\/royalhorse\/product\/h-350\/\",\"url\":\"https:\/\/sadenir.com.uy\/royalhorse\/product\/h-350\/\",\"name\":\"H-350 - Royal Horse\",\"isPartOf\":{\"@id\":\"https:\/\/sadenir.com.uy\/royalhorse\/#website\"},\"primaryImageOfPage\":{\"@id\":\"https:\/\/sadenir.com.uy\/royalhorse\/product\/h-350\/#primaryimage\"},\"image\":{\"@id\":\"https:\/\/sadenir.com.uy\/royalhorse\/product\/h-350\/#primaryimage\"},\"thumbnailUrl\":\"https:\/\/sadenir.com.uy\/royalhorse\/wp-content\/uploads\/sites\/6\/2024\/05\/PODIUM-1-2.png\",\"datePublished\":\"2024-05-02T19:23:17+00:00\",\"dateModified\":\"2024-05-02T19:30:35+00:00\",\"breadcrumb\":{\"@id\":\"https:\/\/sadenir.com.uy\/royalhorse\/product\/h-350\/#breadcrumb\"},\"inLanguage\":\"es-AR\",\"potentialAction\":[{\"@type\":\"ReadAction\",\"target\":[\"https:\/\/sadenir.com.uy\/royalhorse\/product\/h-350\/\"]}]},{\"@type\":\"ImageObject\",\"inLanguage\":\"es-AR\",\"@id\":\"https:\/\/sadenir.com.uy\/royalhorse\/product\/h-350\/#primaryimage\",\"url\":\"https:\/\/sadenir.com.uy\/royalhorse\/wp-content\/uploads\/sites\/6\/2024\/05\/PODIUM-1-2.png\",\"contentUrl\":\"https:\/\/sadenir.com.uy\/royalhorse\/wp-content\/uploads\/sites\/6\/2024\/05\/PODIUM-1-2.png\",\"width\":2292,\"height\":2865},{\"@type\":\"BreadcrumbList\",\"@id\":\"https:\/\/sadenir.com.uy\/royalhorse\/product\/h-350\/#breadcrumb\",\"itemListElement\":[{\"@type\":\"ListItem\",\"position\":1,\"name\":\"Inicio\",\"item\":\"https:\/\/sadenir.com.uy\/royalhorse\/\"},{\"@type\":\"ListItem\",\"position\":2,\"name\":\"Productos\",\"item\":\"https:\/\/sadenir.com.uy\/royalhorse\/productos\/\"},{\"@type\":\"ListItem\",\"position\":3,\"name\":\"H-350\"}]},{\"@type\":\"WebSite\",\"@id\":\"https:\/\/sadenir.com.uy\/royalhorse\/#website\",\"url\":\"https:\/\/sadenir.com.uy\/royalhorse\/\",\"name\":\"Royal Horse\",\"description\":\"Excelencia en nutrici\u00f3n\",\"potentialAction\":[{\"@type\":\"SearchAction\",\"target\":{\"@type\":\"EntryPoint\",\"urlTemplate\":\"https:\/\/sadenir.com.uy\/royalhorse\/?s={search_term_string}\"},\"query-input\":{\"@type\":\"PropertyValueSpecification\",\"valueRequired\":true,\"valueName\":\"search_term_string\"}}],\"inLanguage\":\"es-AR\"}]}<\/script>\n<!-- \/ Yoast SEO plugin. -->","yoast_head_json":{"title":"H-350 - Royal Horse","robots":{"index":"index","follow":"follow","max-snippet":"max-snippet:-1","max-image-preview":"max-image-preview:large","max-video-preview":"max-video-preview:-1"},"canonical":"https:\/\/sadenir.com.uy\/royalhorse\/product\/h-350\/","og_locale":"es_ES","og_type":"article","og_title":"H-350 - Royal Horse","og_description":"Hace aproximadamente 50 a\u00f1os ROYAL HORSE proporciona alto rendimiento en todo el mundo con soluciones desarrolladas por nutricionistas y veterinarios especializados en equinos. Se atienden diferentes necesidades con soluciones balanceadas y con materia prima de alto valor agregado, garantizando as\u00ed. El mejor desempe\u00f1o de los caballos. Sean montado por placer, deporte, competencia, carrera, o en fases de reproducci\u00f3n.","og_url":"https:\/\/sadenir.com.uy\/royalhorse\/product\/h-350\/","og_site_name":"Royal Horse","article_modified_time":"2024-05-02T19:30:35+00:00","og_image":[{"width":2292,"height":2865,"url":"https:\/\/sadenir.com.uy\/royalhorse\/wp-content\/uploads\/sites\/6\/2024\/05\/PODIUM-1-2.png","type":"image\/png"}],"twitter_card":"summary_large_image","schema":{"@context":"https:\/\/schema.org","@graph":[{"@type":"WebPage","@id":"https:\/\/sadenir.com.uy\/royalhorse\/product\/h-350\/","url":"https:\/\/sadenir.com.uy\/royalhorse\/product\/h-350\/","name":"H-350 - Royal Horse","isPartOf":{"@id":"https:\/\/sadenir.com.uy\/royalhorse\/#website"},"primaryImageOfPage":{"@id":"https:\/\/sadenir.com.uy\/royalhorse\/product\/h-350\/#primaryimage"},"image":{"@id":"https:\/\/sadenir.com.uy\/royalhorse\/product\/h-350\/#primaryimage"},"thumbnailUrl":"https:\/\/sadenir.com.uy\/royalhorse\/wp-content\/uploads\/sites\/6\/2024\/05\/PODIUM-1-2.png","datePublished":"2024-05-02T19:23:17+00:00","dateModified":"2024-05-02T19:30:35+00:00","breadcrumb":{"@id":"https:\/\/sadenir.com.uy\/royalhorse\/product\/h-350\/#breadcrumb"},"inLanguage":"es-AR","potentialAction":[{"@type":"ReadAction","target":["https:\/\/sadenir.com.uy\/royalhorse\/product\/h-350\/"]}]},{"@type":"ImageObject","inLanguage":"es-AR","@id":"https:\/\/sadenir.com.uy\/royalhorse\/product\/h-350\/#primaryimage","url":"https:\/\/sadenir.com.uy\/royalhorse\/wp-content\/uploads\/sites\/6\/2024\/05\/PODIUM-1-2.png","contentUrl":"https:\/\/sadenir.com.uy\/royalhorse\/wp-content\/uploads\/sites\/6\/2024\/05\/PODIUM-1-2.png","width":2292,"height":2865},{"@type":"BreadcrumbList","@id":"https:\/\/sadenir.com.uy\/royalhorse\/product\/h-350\/#breadcrumb","itemListElement":[{"@type":"ListItem","position":1,"name":"Inicio","item":"https:\/\/sadenir.com.uy\/royalhorse\/"},{"@type":"ListItem","position":2,"name":"Productos","item":"https:\/\/sadenir.com.uy\/royalhorse\/productos\/"},{"@type":"ListItem","position":3,"name":"H-350"}]},{"@type":"WebSite","@id":"https:\/\/sadenir.com.uy\/royalhorse\/#website","url":"https:\/\/sadenir.com.uy\/royalhorse\/","name":"Royal Horse","description":"Excelencia en nutrici\u00f3n","potentialAction":[{"@type":"SearchAction","target":{"@type":"EntryPoint","urlTemplate":"https:\/\/sadenir.com.uy\/royalhorse\/?s={search_term_string}"},"query-input":{"@type":"PropertyValueSpecification","valueRequired":true,"valueName":"search_term_string"}}],"inLanguage":"es-AR"}]}},"_links":{"self":[{"href":"https:\/\/sadenir.com.uy\/royalhorse\/wp-json\/wp\/v2\/product\/6177","targetHints":{"allow":["GET"]}}],"collection":[{"href":"https:\/\/sadenir.com.uy\/royalhorse\/wp-json\/wp\/v2\/product"}],"about":[{"href":"https:\/\/sadenir.com.uy\/royalhorse\/wp-json\/wp\/v2\/types\/product"}],"wp:featuredmedia":[{"embeddable":true,"href":"https:\/\/sadenir.com.uy\/royalhorse\/wp-json\/wp\/v2\/media\/6180"}],"wp:attachment":[{"href":"https:\/\/sadenir.com.uy\/royalhorse\/wp-json\/wp\/v2\/media?parent=6177"}],"wp:term":[{"taxonomy":"product_brand","embeddable":true,"href":"https:\/\/sadenir.com.uy\/royalhorse\/wp-json\/wp\/v2\/product_brand?post=6177"},{"taxonomy":"product_cat","embeddable":true,"href":"https:\/\/sadenir.com.uy\/royalhorse\/wp-json\/wp\/v2\/product_cat?post=6177"},{"taxonomy":"product_tag","embeddable":true,"href":"https:\/\/sadenir.com.uy\/royalhorse\/wp-json\/wp\/v2\/product_tag?post=6177"}],"curies":[{"name":"wp","href":"https:\/\/api.w.org\/{rel}","templated":true}]}}