{"id":6112,"date":"2020-09-25T19:13:53","date_gmt":"2020-09-25T19:13:53","guid":{"rendered":"https:\/\/sadenir.com.uy\/sadenirNew\/sepicat\/?post_type=product&#038;p=6112"},"modified":"2020-09-25T19:14:45","modified_gmt":"2020-09-25T19:14:45","slug":"klump-light-ultra-fresh","status":"publish","type":"product","link":"https:\/\/sadenir.com.uy\/sepicat\/product\/klump-light-ultra-fresh\/","title":{"rendered":"Klump Light Ultra Fresh"},"content":{"rendered":"<p>Es una arcilla color blanco crema 100% natural, con gr\u00e1nulos de color rosa, que presenta unas habilidades excepcionales y respeta el medio ambiente:<\/p>\n<p>*Optima aglomeraci\u00f3n y consumo m\u00ednimo.<\/p>\n<p>*Emisiones de CO2 hasta un 70% inferiores que otras arenas aglomerantes*<\/p>\n<p>*Alta absorci\u00f3n mayor a 300%<\/p>\n<p>*Contenido m\u00ednimo en polvo<\/p>\n<p>*Desprende un agradable aroma a perfumes polvo talco<\/p>\n<p>(*Niveles de consumo 2,7 veces inferior a las arenas aglomerantes compactas tradicionales * estudio realizado por PWC-Ecobilan)<\/p>\n<p>SEPICAT KLUMP LIGHT ULTRA FRESH es muy f\u00e1cil de usar: su especial ligereza le ayudara a mantener limpia y fresca la bandeja mas c\u00f3modamente . Vierta una capa de 5cm sobre la bandeja. La arena formar\u00e1 aglomerados compactos cuando su mascota use el lecho. Use una pala especialmente adaptada para retirar los aglomerados y excrementos. Rellenar con mas SEPICAT cuando sea necesario.<\/p>\n<p>\u00bfBusca extra poder aglomerante, frescura y ligereza? SU ELECCION ES SEPICAT KLUMP LIGHT ULTRA FRESH.<\/p>\n","protected":false},"excerpt":{"rendered":"<p><strong>SEPICAT KLUMP LIGHT ULTRA FRESH<\/strong>\u00a0es una arena ultra aglomerante perfumada un 35% mas ligera que los productos aglomerantes compactos del mercado.<\/p>\n","protected":false},"featured_media":6092,"template":"","meta":{"pgc_sgb_lightbox_settings":""},"product_brand":[],"product_cat":[44],"product_tag":[],"class_list":{"0":"post-6112","1":"product","2":"type-product","3":"status-publish","4":"has-post-thumbnail","6":"product_cat-gatos","8":"first","9":"instock","10":"shipping-taxable","11":"product-type-simple"},"yoast_head":"<!-- This site is optimized with the Yoast SEO plugin v26.1.1 - https:\/\/yoast.com\/wordpress\/plugins\/seo\/ -->\n<title>Klump Light Ultra Fresh - Sepicat<\/title>\n<meta name=\"robots\" content=\"index, follow, max-snippet:-1, max-image-preview:large, max-video-preview:-1\" \/>\n<link rel=\"canonical\" href=\"https:\/\/sadenir.com.uy\/sepicat\/product\/klump-light-ultra-fresh\/\" \/>\n<meta property=\"og:locale\" content=\"es_ES\" \/>\n<meta property=\"og:type\" content=\"article\" \/>\n<meta property=\"og:title\" content=\"Klump Light Ultra Fresh - Sepicat\" \/>\n<meta property=\"og:description\" content=\"SEPICAT KLUMP LIGHT ULTRA FRESH\u00a0es una arena ultra aglomerante perfumada un 35% mas ligera que los productos aglomerantes compactos del mercado.\" \/>\n<meta property=\"og:url\" content=\"https:\/\/sadenir.com.uy\/sepicat\/product\/klump-light-ultra-fresh\/\" \/>\n<meta property=\"og:site_name\" content=\"Sepicat\" \/>\n<meta property=\"article:modified_time\" content=\"2020-09-25T19:14:45+00:00\" \/>\n<meta property=\"og:image\" content=\"https:\/\/sadenir.com.uy\/sepicat\/wp-content\/uploads\/sites\/7\/2020\/09\/light_fresh.jpg\" \/>\n\t<meta property=\"og:image:width\" content=\"801\" \/>\n\t<meta property=\"og:image:height\" content=\"800\" \/>\n\t<meta property=\"og:image:type\" content=\"image\/jpeg\" \/>\n<meta name=\"twitter:card\" content=\"summary_large_image\" \/>\n<meta name=\"twitter:label1\" content=\"Tiempo de lectura\" \/>\n\t<meta name=\"twitter:data1\" content=\"1 minuto\" \/>\n<script type=\"application\/ld+json\" class=\"yoast-schema-graph\">{\"@context\":\"https:\/\/schema.org\",\"@graph\":[{\"@type\":\"WebPage\",\"@id\":\"https:\/\/sadenir.com.uy\/sepicat\/product\/klump-light-ultra-fresh\/\",\"url\":\"https:\/\/sadenir.com.uy\/sepicat\/product\/klump-light-ultra-fresh\/\",\"name\":\"Klump Light Ultra Fresh - Sepicat\",\"isPartOf\":{\"@id\":\"https:\/\/sadenir.com.uy\/sepicat\/#website\"},\"primaryImageOfPage\":{\"@id\":\"https:\/\/sadenir.com.uy\/sepicat\/product\/klump-light-ultra-fresh\/#primaryimage\"},\"image\":{\"@id\":\"https:\/\/sadenir.com.uy\/sepicat\/product\/klump-light-ultra-fresh\/#primaryimage\"},\"thumbnailUrl\":\"https:\/\/sadenir.com.uy\/sepicat\/wp-content\/uploads\/sites\/7\/2020\/09\/light_fresh.jpg\",\"datePublished\":\"2020-09-25T19:13:53+00:00\",\"dateModified\":\"2020-09-25T19:14:45+00:00\",\"breadcrumb\":{\"@id\":\"https:\/\/sadenir.com.uy\/sepicat\/product\/klump-light-ultra-fresh\/#breadcrumb\"},\"inLanguage\":\"es-AR\",\"potentialAction\":[{\"@type\":\"ReadAction\",\"target\":[\"https:\/\/sadenir.com.uy\/sepicat\/product\/klump-light-ultra-fresh\/\"]}]},{\"@type\":\"ImageObject\",\"inLanguage\":\"es-AR\",\"@id\":\"https:\/\/sadenir.com.uy\/sepicat\/product\/klump-light-ultra-fresh\/#primaryimage\",\"url\":\"https:\/\/sadenir.com.uy\/sepicat\/wp-content\/uploads\/sites\/7\/2020\/09\/light_fresh.jpg\",\"contentUrl\":\"https:\/\/sadenir.com.uy\/sepicat\/wp-content\/uploads\/sites\/7\/2020\/09\/light_fresh.jpg\",\"width\":801,\"height\":800},{\"@type\":\"BreadcrumbList\",\"@id\":\"https:\/\/sadenir.com.uy\/sepicat\/product\/klump-light-ultra-fresh\/#breadcrumb\",\"itemListElement\":[{\"@type\":\"ListItem\",\"position\":1,\"name\":\"Inicio\",\"item\":\"https:\/\/sadenir.com.uy\/sepicat\/\"},{\"@type\":\"ListItem\",\"position\":2,\"name\":\"Shop\",\"item\":\"https:\/\/sadenir.com.uy\/sepicat\/shop\/\"},{\"@type\":\"ListItem\",\"position\":3,\"name\":\"Klump Light Ultra Fresh\"}]},{\"@type\":\"WebSite\",\"@id\":\"https:\/\/sadenir.com.uy\/sepicat\/#website\",\"url\":\"https:\/\/sadenir.com.uy\/sepicat\/\",\"name\":\"Sepicat\",\"description\":\"Excelencia en nutrici\u00f3n\",\"potentialAction\":[{\"@type\":\"SearchAction\",\"target\":{\"@type\":\"EntryPoint\",\"urlTemplate\":\"https:\/\/sadenir.com.uy\/sepicat\/?s={search_term_string}\"},\"query-input\":{\"@type\":\"PropertyValueSpecification\",\"valueRequired\":true,\"valueName\":\"search_term_string\"}}],\"inLanguage\":\"es-AR\"}]}<\/script>\n<!-- \/ Yoast SEO plugin. -->","yoast_head_json":{"title":"Klump Light Ultra Fresh - Sepicat","robots":{"index":"index","follow":"follow","max-snippet":"max-snippet:-1","max-image-preview":"max-image-preview:large","max-video-preview":"max-video-preview:-1"},"canonical":"https:\/\/sadenir.com.uy\/sepicat\/product\/klump-light-ultra-fresh\/","og_locale":"es_ES","og_type":"article","og_title":"Klump Light Ultra Fresh - Sepicat","og_description":"SEPICAT KLUMP LIGHT ULTRA FRESH\u00a0es una arena ultra aglomerante perfumada un 35% mas ligera que los productos aglomerantes compactos del mercado.","og_url":"https:\/\/sadenir.com.uy\/sepicat\/product\/klump-light-ultra-fresh\/","og_site_name":"Sepicat","article_modified_time":"2020-09-25T19:14:45+00:00","og_image":[{"width":801,"height":800,"url":"https:\/\/sadenir.com.uy\/sepicat\/wp-content\/uploads\/sites\/7\/2020\/09\/light_fresh.jpg","type":"image\/jpeg"}],"twitter_card":"summary_large_image","twitter_misc":{"Tiempo de lectura":"1 minuto"},"schema":{"@context":"https:\/\/schema.org","@graph":[{"@type":"WebPage","@id":"https:\/\/sadenir.com.uy\/sepicat\/product\/klump-light-ultra-fresh\/","url":"https:\/\/sadenir.com.uy\/sepicat\/product\/klump-light-ultra-fresh\/","name":"Klump Light Ultra Fresh - Sepicat","isPartOf":{"@id":"https:\/\/sadenir.com.uy\/sepicat\/#website"},"primaryImageOfPage":{"@id":"https:\/\/sadenir.com.uy\/sepicat\/product\/klump-light-ultra-fresh\/#primaryimage"},"image":{"@id":"https:\/\/sadenir.com.uy\/sepicat\/product\/klump-light-ultra-fresh\/#primaryimage"},"thumbnailUrl":"https:\/\/sadenir.com.uy\/sepicat\/wp-content\/uploads\/sites\/7\/2020\/09\/light_fresh.jpg","datePublished":"2020-09-25T19:13:53+00:00","dateModified":"2020-09-25T19:14:45+00:00","breadcrumb":{"@id":"https:\/\/sadenir.com.uy\/sepicat\/product\/klump-light-ultra-fresh\/#breadcrumb"},"inLanguage":"es-AR","potentialAction":[{"@type":"ReadAction","target":["https:\/\/sadenir.com.uy\/sepicat\/product\/klump-light-ultra-fresh\/"]}]},{"@type":"ImageObject","inLanguage":"es-AR","@id":"https:\/\/sadenir.com.uy\/sepicat\/product\/klump-light-ultra-fresh\/#primaryimage","url":"https:\/\/sadenir.com.uy\/sepicat\/wp-content\/uploads\/sites\/7\/2020\/09\/light_fresh.jpg","contentUrl":"https:\/\/sadenir.com.uy\/sepicat\/wp-content\/uploads\/sites\/7\/2020\/09\/light_fresh.jpg","width":801,"height":800},{"@type":"BreadcrumbList","@id":"https:\/\/sadenir.com.uy\/sepicat\/product\/klump-light-ultra-fresh\/#breadcrumb","itemListElement":[{"@type":"ListItem","position":1,"name":"Inicio","item":"https:\/\/sadenir.com.uy\/sepicat\/"},{"@type":"ListItem","position":2,"name":"Shop","item":"https:\/\/sadenir.com.uy\/sepicat\/shop\/"},{"@type":"ListItem","position":3,"name":"Klump Light Ultra Fresh"}]},{"@type":"WebSite","@id":"https:\/\/sadenir.com.uy\/sepicat\/#website","url":"https:\/\/sadenir.com.uy\/sepicat\/","name":"Sepicat","description":"Excelencia en nutrici\u00f3n","potentialAction":[{"@type":"SearchAction","target":{"@type":"EntryPoint","urlTemplate":"https:\/\/sadenir.com.uy\/sepicat\/?s={search_term_string}"},"query-input":{"@type":"PropertyValueSpecification","valueRequired":true,"valueName":"search_term_string"}}],"inLanguage":"es-AR"}]}},"_links":{"self":[{"href":"https:\/\/sadenir.com.uy\/sepicat\/wp-json\/wp\/v2\/product\/6112","targetHints":{"allow":["GET"]}}],"collection":[{"href":"https:\/\/sadenir.com.uy\/sepicat\/wp-json\/wp\/v2\/product"}],"about":[{"href":"https:\/\/sadenir.com.uy\/sepicat\/wp-json\/wp\/v2\/types\/product"}],"wp:featuredmedia":[{"embeddable":true,"href":"https:\/\/sadenir.com.uy\/sepicat\/wp-json\/wp\/v2\/media\/6092"}],"wp:attachment":[{"href":"https:\/\/sadenir.com.uy\/sepicat\/wp-json\/wp\/v2\/media?parent=6112"}],"wp:term":[{"taxonomy":"product_brand","embeddable":true,"href":"https:\/\/sadenir.com.uy\/sepicat\/wp-json\/wp\/v2\/product_brand?post=6112"},{"taxonomy":"product_cat","embeddable":true,"href":"https:\/\/sadenir.com.uy\/sepicat\/wp-json\/wp\/v2\/product_cat?post=6112"},{"taxonomy":"product_tag","embeddable":true,"href":"https:\/\/sadenir.com.uy\/sepicat\/wp-json\/wp\/v2\/product_tag?post=6112"}],"curies":[{"name":"wp","href":"https:\/\/api.w.org\/{rel}","templated":true}]}}