{"id":6113,"date":"2020-09-25T19:15:26","date_gmt":"2020-09-25T19:15:26","guid":{"rendered":"https:\/\/sadenir.com.uy\/sadenirNew\/sepicat\/?post_type=product&#038;p=6113"},"modified":"2020-09-25T19:17:11","modified_gmt":"2020-09-25T19:17:11","slug":"klump-light-ultra-odour-control","status":"publish","type":"product","link":"https:\/\/sadenir.com.uy\/sepicat\/product\/klump-light-ultra-odour-control\/","title":{"rendered":"Klump Light Ultra Odour Control"},"content":{"rendered":"<p>Es una arcilla color blanco crema 100% natural, con gr\u00e1nulos de color rosa, que presenta unas habilidades excepcionales y respeta el medio ambiente: CON UNA ESPECIAL MEZCLA DE ARCILLAS DE GEL DE SILICE PARA UN CONTROL DE OLOR SUPERIOR:<\/p>\n<p>*Optima aglomeraci\u00f3n y consumo m\u00ednimo.<\/p>\n<p>*Emisiones de CO2 hasta un 70% inferiores que otras arenas aglomerantes*<\/p>\n<p>*Alta absorci\u00f3n mayor a 300%<\/p>\n<p>*Contenido m\u00ednimo en polvo<\/p>\n<p>*Desprende un agradable aroma a perfumes polvo talco<\/p>\n<p>*Extra control de olores<\/p>\n<p>(*Niveles de consumo 2,7 veces inferior a las arenas aglomerantes compactas tradicionales * estudio realizado por PWC-Ecobilan)<\/p>\n<p>SEPICAT KLUMP LIGHT ULTRA ODOUR CONTROL es muy f\u00e1cil de usar: su especial ligereza le ayudara a mantener limpia y fresca la bandeja mas c\u00f3modamente . Vierta una capa de 5cm sobre la bandeja. La arena formar\u00e1 aglomerados compactos cuando su mascota use el lecho. Use una pala especialmente adaptada para retirar los aglomerados y excrementos. Rellenar con mas SEPICAT cuando sea necesario.<\/p>\n<p>\u00bfBusca extra poder aglomerante, con un control extra de olores? SU ELECCION ES SEPICAT KLUMP LIGHT ULTRA ODOUR CONTROL<\/p>\n","protected":false},"excerpt":{"rendered":"<p>Es una arena ultra aglomerante perfumada un 35% mas ligera que los productos aglomerantes compactos del mercado.<\/p>\n","protected":false},"featured_media":0,"template":"","meta":{"pgc_sgb_lightbox_settings":""},"product_brand":[],"product_cat":[44],"product_tag":[],"class_list":{"0":"post-6113","1":"product","2":"type-product","3":"status-publish","5":"product_cat-gatos","7":"first","8":"instock","9":"shipping-taxable","10":"product-type-simple"},"yoast_head":"<!-- This site is optimized with the Yoast SEO plugin v26.1.1 - https:\/\/yoast.com\/wordpress\/plugins\/seo\/ -->\n<title>Klump Light Ultra Odour Control - Sepicat<\/title>\n<meta name=\"robots\" content=\"index, follow, max-snippet:-1, max-image-preview:large, max-video-preview:-1\" \/>\n<link rel=\"canonical\" href=\"https:\/\/sadenir.com.uy\/sepicat\/product\/klump-light-ultra-odour-control\/\" \/>\n<meta property=\"og:locale\" content=\"es_ES\" \/>\n<meta property=\"og:type\" content=\"article\" \/>\n<meta property=\"og:title\" content=\"Klump Light Ultra Odour Control - Sepicat\" \/>\n<meta property=\"og:description\" content=\"Es una arena ultra aglomerante perfumada un 35% mas ligera que los productos aglomerantes compactos del mercado.\" \/>\n<meta property=\"og:url\" content=\"https:\/\/sadenir.com.uy\/sepicat\/product\/klump-light-ultra-odour-control\/\" \/>\n<meta property=\"og:site_name\" content=\"Sepicat\" \/>\n<meta property=\"article:modified_time\" content=\"2020-09-25T19:17:11+00:00\" \/>\n<meta name=\"twitter:card\" content=\"summary_large_image\" \/>\n<meta name=\"twitter:label1\" content=\"Tiempo de lectura\" \/>\n\t<meta name=\"twitter:data1\" content=\"1 minuto\" \/>\n<script type=\"application\/ld+json\" class=\"yoast-schema-graph\">{\"@context\":\"https:\/\/schema.org\",\"@graph\":[{\"@type\":\"WebPage\",\"@id\":\"https:\/\/sadenir.com.uy\/sepicat\/product\/klump-light-ultra-odour-control\/\",\"url\":\"https:\/\/sadenir.com.uy\/sepicat\/product\/klump-light-ultra-odour-control\/\",\"name\":\"Klump Light Ultra Odour Control - Sepicat\",\"isPartOf\":{\"@id\":\"https:\/\/sadenir.com.uy\/sepicat\/#website\"},\"datePublished\":\"2020-09-25T19:15:26+00:00\",\"dateModified\":\"2020-09-25T19:17:11+00:00\",\"breadcrumb\":{\"@id\":\"https:\/\/sadenir.com.uy\/sepicat\/product\/klump-light-ultra-odour-control\/#breadcrumb\"},\"inLanguage\":\"es-AR\",\"potentialAction\":[{\"@type\":\"ReadAction\",\"target\":[\"https:\/\/sadenir.com.uy\/sepicat\/product\/klump-light-ultra-odour-control\/\"]}]},{\"@type\":\"BreadcrumbList\",\"@id\":\"https:\/\/sadenir.com.uy\/sepicat\/product\/klump-light-ultra-odour-control\/#breadcrumb\",\"itemListElement\":[{\"@type\":\"ListItem\",\"position\":1,\"name\":\"Inicio\",\"item\":\"https:\/\/sadenir.com.uy\/sepicat\/\"},{\"@type\":\"ListItem\",\"position\":2,\"name\":\"Shop\",\"item\":\"https:\/\/sadenir.com.uy\/sepicat\/shop\/\"},{\"@type\":\"ListItem\",\"position\":3,\"name\":\"Klump Light Ultra Odour Control\"}]},{\"@type\":\"WebSite\",\"@id\":\"https:\/\/sadenir.com.uy\/sepicat\/#website\",\"url\":\"https:\/\/sadenir.com.uy\/sepicat\/\",\"name\":\"Sepicat\",\"description\":\"Excelencia en nutrici\u00f3n\",\"potentialAction\":[{\"@type\":\"SearchAction\",\"target\":{\"@type\":\"EntryPoint\",\"urlTemplate\":\"https:\/\/sadenir.com.uy\/sepicat\/?s={search_term_string}\"},\"query-input\":{\"@type\":\"PropertyValueSpecification\",\"valueRequired\":true,\"valueName\":\"search_term_string\"}}],\"inLanguage\":\"es-AR\"}]}<\/script>\n<!-- \/ Yoast SEO plugin. -->","yoast_head_json":{"title":"Klump Light Ultra Odour Control - Sepicat","robots":{"index":"index","follow":"follow","max-snippet":"max-snippet:-1","max-image-preview":"max-image-preview:large","max-video-preview":"max-video-preview:-1"},"canonical":"https:\/\/sadenir.com.uy\/sepicat\/product\/klump-light-ultra-odour-control\/","og_locale":"es_ES","og_type":"article","og_title":"Klump Light Ultra Odour Control - Sepicat","og_description":"Es una arena ultra aglomerante perfumada un 35% mas ligera que los productos aglomerantes compactos del mercado.","og_url":"https:\/\/sadenir.com.uy\/sepicat\/product\/klump-light-ultra-odour-control\/","og_site_name":"Sepicat","article_modified_time":"2020-09-25T19:17:11+00:00","twitter_card":"summary_large_image","twitter_misc":{"Tiempo de lectura":"1 minuto"},"schema":{"@context":"https:\/\/schema.org","@graph":[{"@type":"WebPage","@id":"https:\/\/sadenir.com.uy\/sepicat\/product\/klump-light-ultra-odour-control\/","url":"https:\/\/sadenir.com.uy\/sepicat\/product\/klump-light-ultra-odour-control\/","name":"Klump Light Ultra Odour Control - Sepicat","isPartOf":{"@id":"https:\/\/sadenir.com.uy\/sepicat\/#website"},"datePublished":"2020-09-25T19:15:26+00:00","dateModified":"2020-09-25T19:17:11+00:00","breadcrumb":{"@id":"https:\/\/sadenir.com.uy\/sepicat\/product\/klump-light-ultra-odour-control\/#breadcrumb"},"inLanguage":"es-AR","potentialAction":[{"@type":"ReadAction","target":["https:\/\/sadenir.com.uy\/sepicat\/product\/klump-light-ultra-odour-control\/"]}]},{"@type":"BreadcrumbList","@id":"https:\/\/sadenir.com.uy\/sepicat\/product\/klump-light-ultra-odour-control\/#breadcrumb","itemListElement":[{"@type":"ListItem","position":1,"name":"Inicio","item":"https:\/\/sadenir.com.uy\/sepicat\/"},{"@type":"ListItem","position":2,"name":"Shop","item":"https:\/\/sadenir.com.uy\/sepicat\/shop\/"},{"@type":"ListItem","position":3,"name":"Klump Light Ultra Odour Control"}]},{"@type":"WebSite","@id":"https:\/\/sadenir.com.uy\/sepicat\/#website","url":"https:\/\/sadenir.com.uy\/sepicat\/","name":"Sepicat","description":"Excelencia en nutrici\u00f3n","potentialAction":[{"@type":"SearchAction","target":{"@type":"EntryPoint","urlTemplate":"https:\/\/sadenir.com.uy\/sepicat\/?s={search_term_string}"},"query-input":{"@type":"PropertyValueSpecification","valueRequired":true,"valueName":"search_term_string"}}],"inLanguage":"es-AR"}]}},"_links":{"self":[{"href":"https:\/\/sadenir.com.uy\/sepicat\/wp-json\/wp\/v2\/product\/6113","targetHints":{"allow":["GET"]}}],"collection":[{"href":"https:\/\/sadenir.com.uy\/sepicat\/wp-json\/wp\/v2\/product"}],"about":[{"href":"https:\/\/sadenir.com.uy\/sepicat\/wp-json\/wp\/v2\/types\/product"}],"wp:attachment":[{"href":"https:\/\/sadenir.com.uy\/sepicat\/wp-json\/wp\/v2\/media?parent=6113"}],"wp:term":[{"taxonomy":"product_brand","embeddable":true,"href":"https:\/\/sadenir.com.uy\/sepicat\/wp-json\/wp\/v2\/product_brand?post=6113"},{"taxonomy":"product_cat","embeddable":true,"href":"https:\/\/sadenir.com.uy\/sepicat\/wp-json\/wp\/v2\/product_cat?post=6113"},{"taxonomy":"product_tag","embeddable":true,"href":"https:\/\/sadenir.com.uy\/sepicat\/wp-json\/wp\/v2\/product_tag?post=6113"}],"curies":[{"name":"wp","href":"https:\/\/api.w.org\/{rel}","templated":true}]}}