{"id":6118,"date":"2020-09-25T19:21:47","date_gmt":"2020-09-25T19:21:47","guid":{"rendered":"https:\/\/sadenir.com.uy\/sadenirNew\/sepicat\/?post_type=product&#038;p=6118"},"modified":"2020-09-25T19:22:32","modified_gmt":"2020-09-25T19:22:32","slug":"natural","status":"publish","type":"product","link":"https:\/\/sadenir.com.uy\/sepicat\/product\/natural\/","title":{"rendered":"Natural"},"content":{"rendered":"<p><strong>SEPICAT NATURAL<\/strong>\u00a0no requiere un mantenimiento diario de la bandeja. Cada gr\u00e1nulo dispone de una extraordinaria capacidad de absorci\u00f3n. Retiene los l\u00edquidos impidiendo el crecimiento bacteriano y el desarrollo de los malos olores.<\/p>\n<p><strong>SEPICAT NATURAL<\/strong>\u00a0es f\u00e1cil de usar: vierta una capa de 5cm de arena en la bandeja. Retire de manera ocasional los excrementos y las zonas saturadas. Una vez saturado el producto cambie totalmente el contenido y limpie la bandeja antes de verter de nuevo producto.<\/p>\n<p>SI BUSCA EL CONFORT DE UN PRODUCTO LIGERO, SIN APENAS MANTENIMIENTO Y FIABILIDAD SU ELECCI\u00d3N ES\u00a0<strong>SEPICAT NATURAL<\/strong><\/p>\n<p>ABSORCI\u00d3N 8lt<\/p>\n","protected":false},"excerpt":{"rendered":"<p><strong>SEPICAT NATURAL<\/strong>\u00a0es una\u00a0<strong>arena de gato no aglomerante ligera<\/strong>\u00a0a base de\u00a0<strong>sepiolita de alta calidad<\/strong>.<\/p>\n<p><strong>SEPICAT NATURAL<\/strong>\u00a0es un producto natural, higi\u00e9nico, altamente absorbente y eficaz.<\/p>\n","protected":false},"featured_media":6101,"template":"","meta":{"pgc_sgb_lightbox_settings":""},"product_brand":[],"product_cat":[44],"product_tag":[],"class_list":{"0":"post-6118","1":"product","2":"type-product","3":"status-publish","4":"has-post-thumbnail","6":"product_cat-gatos","8":"first","9":"instock","10":"shipping-taxable","11":"product-type-simple"},"yoast_head":"<!-- This site is optimized with the Yoast SEO plugin v26.1.1 - https:\/\/yoast.com\/wordpress\/plugins\/seo\/ -->\n<title>Natural - Sepicat<\/title>\n<meta name=\"robots\" content=\"index, follow, max-snippet:-1, max-image-preview:large, max-video-preview:-1\" \/>\n<link rel=\"canonical\" href=\"https:\/\/sadenir.com.uy\/sepicat\/product\/natural\/\" \/>\n<meta property=\"og:locale\" content=\"es_ES\" \/>\n<meta property=\"og:type\" content=\"article\" \/>\n<meta property=\"og:title\" content=\"Natural - Sepicat\" \/>\n<meta property=\"og:description\" content=\"SEPICAT NATURAL\u00a0es una\u00a0arena de gato no aglomerante ligera\u00a0a base de\u00a0sepiolita de alta calidad.  SEPICAT NATURAL\u00a0es un producto natural, higi\u00e9nico, altamente absorbente y eficaz.\" \/>\n<meta property=\"og:url\" content=\"https:\/\/sadenir.com.uy\/sepicat\/product\/natural\/\" \/>\n<meta property=\"og:site_name\" content=\"Sepicat\" \/>\n<meta property=\"article:modified_time\" content=\"2020-09-25T19:22:32+00:00\" \/>\n<meta property=\"og:image\" content=\"https:\/\/sadenir.com.uy\/sepicat\/wp-content\/uploads\/sites\/7\/2020\/09\/absorvente.jpg\" \/>\n\t<meta property=\"og:image:width\" content=\"801\" \/>\n\t<meta property=\"og:image:height\" content=\"800\" \/>\n\t<meta property=\"og:image:type\" content=\"image\/jpeg\" \/>\n<meta name=\"twitter:card\" content=\"summary_large_image\" \/>\n<meta name=\"twitter:label1\" content=\"Tiempo de lectura\" \/>\n\t<meta name=\"twitter:data1\" content=\"1 minuto\" \/>\n<script type=\"application\/ld+json\" class=\"yoast-schema-graph\">{\"@context\":\"https:\/\/schema.org\",\"@graph\":[{\"@type\":\"WebPage\",\"@id\":\"https:\/\/sadenir.com.uy\/sepicat\/product\/natural\/\",\"url\":\"https:\/\/sadenir.com.uy\/sepicat\/product\/natural\/\",\"name\":\"Natural - Sepicat\",\"isPartOf\":{\"@id\":\"https:\/\/sadenir.com.uy\/sepicat\/#website\"},\"primaryImageOfPage\":{\"@id\":\"https:\/\/sadenir.com.uy\/sepicat\/product\/natural\/#primaryimage\"},\"image\":{\"@id\":\"https:\/\/sadenir.com.uy\/sepicat\/product\/natural\/#primaryimage\"},\"thumbnailUrl\":\"https:\/\/sadenir.com.uy\/sepicat\/wp-content\/uploads\/sites\/7\/2020\/09\/absorvente.jpg\",\"datePublished\":\"2020-09-25T19:21:47+00:00\",\"dateModified\":\"2020-09-25T19:22:32+00:00\",\"breadcrumb\":{\"@id\":\"https:\/\/sadenir.com.uy\/sepicat\/product\/natural\/#breadcrumb\"},\"inLanguage\":\"es-AR\",\"potentialAction\":[{\"@type\":\"ReadAction\",\"target\":[\"https:\/\/sadenir.com.uy\/sepicat\/product\/natural\/\"]}]},{\"@type\":\"ImageObject\",\"inLanguage\":\"es-AR\",\"@id\":\"https:\/\/sadenir.com.uy\/sepicat\/product\/natural\/#primaryimage\",\"url\":\"https:\/\/sadenir.com.uy\/sepicat\/wp-content\/uploads\/sites\/7\/2020\/09\/absorvente.jpg\",\"contentUrl\":\"https:\/\/sadenir.com.uy\/sepicat\/wp-content\/uploads\/sites\/7\/2020\/09\/absorvente.jpg\",\"width\":801,\"height\":800},{\"@type\":\"BreadcrumbList\",\"@id\":\"https:\/\/sadenir.com.uy\/sepicat\/product\/natural\/#breadcrumb\",\"itemListElement\":[{\"@type\":\"ListItem\",\"position\":1,\"name\":\"Inicio\",\"item\":\"https:\/\/sadenir.com.uy\/sepicat\/\"},{\"@type\":\"ListItem\",\"position\":2,\"name\":\"Shop\",\"item\":\"https:\/\/sadenir.com.uy\/sepicat\/shop\/\"},{\"@type\":\"ListItem\",\"position\":3,\"name\":\"Natural\"}]},{\"@type\":\"WebSite\",\"@id\":\"https:\/\/sadenir.com.uy\/sepicat\/#website\",\"url\":\"https:\/\/sadenir.com.uy\/sepicat\/\",\"name\":\"Sepicat\",\"description\":\"Excelencia en nutrici\u00f3n\",\"potentialAction\":[{\"@type\":\"SearchAction\",\"target\":{\"@type\":\"EntryPoint\",\"urlTemplate\":\"https:\/\/sadenir.com.uy\/sepicat\/?s={search_term_string}\"},\"query-input\":{\"@type\":\"PropertyValueSpecification\",\"valueRequired\":true,\"valueName\":\"search_term_string\"}}],\"inLanguage\":\"es-AR\"}]}<\/script>\n<!-- \/ Yoast SEO plugin. -->","yoast_head_json":{"title":"Natural - Sepicat","robots":{"index":"index","follow":"follow","max-snippet":"max-snippet:-1","max-image-preview":"max-image-preview:large","max-video-preview":"max-video-preview:-1"},"canonical":"https:\/\/sadenir.com.uy\/sepicat\/product\/natural\/","og_locale":"es_ES","og_type":"article","og_title":"Natural - Sepicat","og_description":"SEPICAT NATURAL\u00a0es una\u00a0arena de gato no aglomerante ligera\u00a0a base de\u00a0sepiolita de alta calidad.  SEPICAT NATURAL\u00a0es un producto natural, higi\u00e9nico, altamente absorbente y eficaz.","og_url":"https:\/\/sadenir.com.uy\/sepicat\/product\/natural\/","og_site_name":"Sepicat","article_modified_time":"2020-09-25T19:22:32+00:00","og_image":[{"width":801,"height":800,"url":"https:\/\/sadenir.com.uy\/sepicat\/wp-content\/uploads\/sites\/7\/2020\/09\/absorvente.jpg","type":"image\/jpeg"}],"twitter_card":"summary_large_image","twitter_misc":{"Tiempo de lectura":"1 minuto"},"schema":{"@context":"https:\/\/schema.org","@graph":[{"@type":"WebPage","@id":"https:\/\/sadenir.com.uy\/sepicat\/product\/natural\/","url":"https:\/\/sadenir.com.uy\/sepicat\/product\/natural\/","name":"Natural - Sepicat","isPartOf":{"@id":"https:\/\/sadenir.com.uy\/sepicat\/#website"},"primaryImageOfPage":{"@id":"https:\/\/sadenir.com.uy\/sepicat\/product\/natural\/#primaryimage"},"image":{"@id":"https:\/\/sadenir.com.uy\/sepicat\/product\/natural\/#primaryimage"},"thumbnailUrl":"https:\/\/sadenir.com.uy\/sepicat\/wp-content\/uploads\/sites\/7\/2020\/09\/absorvente.jpg","datePublished":"2020-09-25T19:21:47+00:00","dateModified":"2020-09-25T19:22:32+00:00","breadcrumb":{"@id":"https:\/\/sadenir.com.uy\/sepicat\/product\/natural\/#breadcrumb"},"inLanguage":"es-AR","potentialAction":[{"@type":"ReadAction","target":["https:\/\/sadenir.com.uy\/sepicat\/product\/natural\/"]}]},{"@type":"ImageObject","inLanguage":"es-AR","@id":"https:\/\/sadenir.com.uy\/sepicat\/product\/natural\/#primaryimage","url":"https:\/\/sadenir.com.uy\/sepicat\/wp-content\/uploads\/sites\/7\/2020\/09\/absorvente.jpg","contentUrl":"https:\/\/sadenir.com.uy\/sepicat\/wp-content\/uploads\/sites\/7\/2020\/09\/absorvente.jpg","width":801,"height":800},{"@type":"BreadcrumbList","@id":"https:\/\/sadenir.com.uy\/sepicat\/product\/natural\/#breadcrumb","itemListElement":[{"@type":"ListItem","position":1,"name":"Inicio","item":"https:\/\/sadenir.com.uy\/sepicat\/"},{"@type":"ListItem","position":2,"name":"Shop","item":"https:\/\/sadenir.com.uy\/sepicat\/shop\/"},{"@type":"ListItem","position":3,"name":"Natural"}]},{"@type":"WebSite","@id":"https:\/\/sadenir.com.uy\/sepicat\/#website","url":"https:\/\/sadenir.com.uy\/sepicat\/","name":"Sepicat","description":"Excelencia en nutrici\u00f3n","potentialAction":[{"@type":"SearchAction","target":{"@type":"EntryPoint","urlTemplate":"https:\/\/sadenir.com.uy\/sepicat\/?s={search_term_string}"},"query-input":{"@type":"PropertyValueSpecification","valueRequired":true,"valueName":"search_term_string"}}],"inLanguage":"es-AR"}]}},"_links":{"self":[{"href":"https:\/\/sadenir.com.uy\/sepicat\/wp-json\/wp\/v2\/product\/6118","targetHints":{"allow":["GET"]}}],"collection":[{"href":"https:\/\/sadenir.com.uy\/sepicat\/wp-json\/wp\/v2\/product"}],"about":[{"href":"https:\/\/sadenir.com.uy\/sepicat\/wp-json\/wp\/v2\/types\/product"}],"wp:featuredmedia":[{"embeddable":true,"href":"https:\/\/sadenir.com.uy\/sepicat\/wp-json\/wp\/v2\/media\/6101"}],"wp:attachment":[{"href":"https:\/\/sadenir.com.uy\/sepicat\/wp-json\/wp\/v2\/media?parent=6118"}],"wp:term":[{"taxonomy":"product_brand","embeddable":true,"href":"https:\/\/sadenir.com.uy\/sepicat\/wp-json\/wp\/v2\/product_brand?post=6118"},{"taxonomy":"product_cat","embeddable":true,"href":"https:\/\/sadenir.com.uy\/sepicat\/wp-json\/wp\/v2\/product_cat?post=6118"},{"taxonomy":"product_tag","embeddable":true,"href":"https:\/\/sadenir.com.uy\/sepicat\/wp-json\/wp\/v2\/product_tag?post=6118"}],"curies":[{"name":"wp","href":"https:\/\/api.w.org\/{rel}","templated":true}]}}