{"id":6120,"date":"2020-09-25T19:22:54","date_gmt":"2020-09-25T19:22:54","guid":{"rendered":"https:\/\/sadenir.com.uy\/sadenirNew\/sepicat\/?post_type=product&#038;p=6120"},"modified":"2020-09-25T19:24:03","modified_gmt":"2020-09-25T19:24:03","slug":"pearls","status":"publish","type":"product","link":"https:\/\/sadenir.com.uy\/sepicat\/product\/pearls\/","title":{"rendered":"Pearls"},"content":{"rendered":"<p>Producto altamente absorbente, sin polvo, especialmente tratado con un agente bactericida que inhibe la formaci\u00f3n de olores reteniendo la humedad dentro de los cristales.<\/p>\n<p>Se trata de un producto de larga duraci\u00f3n y f\u00e1cil mantenimiento<\/p>\n<p><strong>Modo de uso: Colocar<\/strong>\u00a0una capa de 5cm de arena en la bandeja. Retire de manera ocasional los excrementos y las zonas saturadas.Una vez saturado el producto cambie totalmente el contenido y limpie la bandeja antes de verter de nuevo producto.<\/p>\n<p>Absorci\u00f3n:\u00a0\u00a0 4 \u2013 8 litros<\/p>\n","protected":false},"excerpt":{"rendered":"<p><strong>SEPICAT PEARLS<\/strong>\u00a0es un\u00a0<strong>ligero no aglomerante ultra absorbente<\/strong>\u00a0(&gt;200%)\u00a0<strong>a base se silicato s\u00f3dico<\/strong>, el cual contiene millones de micro-poros que absorben r\u00e1pida y eficazmente la humedad asegurando un entorno higi\u00e9nico y saludable.<\/p>\n","protected":false},"featured_media":6096,"template":"","meta":{"pgc_sgb_lightbox_settings":""},"product_brand":[],"product_cat":[44],"product_tag":[],"class_list":{"0":"post-6120","1":"product","2":"type-product","3":"status-publish","4":"has-post-thumbnail","6":"product_cat-gatos","8":"first","9":"instock","10":"shipping-taxable","11":"product-type-simple"},"yoast_head":"<!-- This site is optimized with the Yoast SEO plugin v26.1.1 - https:\/\/yoast.com\/wordpress\/plugins\/seo\/ -->\n<title>Pearls - Sepicat<\/title>\n<meta name=\"robots\" content=\"index, follow, max-snippet:-1, max-image-preview:large, max-video-preview:-1\" \/>\n<link rel=\"canonical\" href=\"https:\/\/sadenir.com.uy\/sepicat\/product\/pearls\/\" \/>\n<meta property=\"og:locale\" content=\"es_ES\" \/>\n<meta property=\"og:type\" content=\"article\" \/>\n<meta property=\"og:title\" content=\"Pearls - Sepicat\" \/>\n<meta property=\"og:description\" content=\"SEPICAT PEARLS\u00a0es un\u00a0ligero no aglomerante ultra absorbente\u00a0(&gt;200%)\u00a0a base se silicato s\u00f3dico, el cual contiene millones de micro-poros que absorben r\u00e1pida y eficazmente la humedad asegurando un entorno higi\u00e9nico y saludable.\" \/>\n<meta property=\"og:url\" content=\"https:\/\/sadenir.com.uy\/sepicat\/product\/pearls\/\" \/>\n<meta property=\"og:site_name\" content=\"Sepicat\" \/>\n<meta property=\"article:modified_time\" content=\"2020-09-25T19:24:03+00:00\" \/>\n<meta property=\"og:image\" content=\"https:\/\/sadenir.com.uy\/sepicat\/wp-content\/uploads\/sites\/7\/2020\/09\/pearls_2.jpg\" \/>\n\t<meta property=\"og:image:width\" content=\"801\" \/>\n\t<meta property=\"og:image:height\" content=\"800\" \/>\n\t<meta property=\"og:image:type\" content=\"image\/jpeg\" \/>\n<meta name=\"twitter:card\" content=\"summary_large_image\" \/>\n<script type=\"application\/ld+json\" class=\"yoast-schema-graph\">{\"@context\":\"https:\/\/schema.org\",\"@graph\":[{\"@type\":\"WebPage\",\"@id\":\"https:\/\/sadenir.com.uy\/sepicat\/product\/pearls\/\",\"url\":\"https:\/\/sadenir.com.uy\/sepicat\/product\/pearls\/\",\"name\":\"Pearls - Sepicat\",\"isPartOf\":{\"@id\":\"https:\/\/sadenir.com.uy\/sepicat\/#website\"},\"primaryImageOfPage\":{\"@id\":\"https:\/\/sadenir.com.uy\/sepicat\/product\/pearls\/#primaryimage\"},\"image\":{\"@id\":\"https:\/\/sadenir.com.uy\/sepicat\/product\/pearls\/#primaryimage\"},\"thumbnailUrl\":\"https:\/\/sadenir.com.uy\/sepicat\/wp-content\/uploads\/sites\/7\/2020\/09\/pearls_2.jpg\",\"datePublished\":\"2020-09-25T19:22:54+00:00\",\"dateModified\":\"2020-09-25T19:24:03+00:00\",\"breadcrumb\":{\"@id\":\"https:\/\/sadenir.com.uy\/sepicat\/product\/pearls\/#breadcrumb\"},\"inLanguage\":\"es-AR\",\"potentialAction\":[{\"@type\":\"ReadAction\",\"target\":[\"https:\/\/sadenir.com.uy\/sepicat\/product\/pearls\/\"]}]},{\"@type\":\"ImageObject\",\"inLanguage\":\"es-AR\",\"@id\":\"https:\/\/sadenir.com.uy\/sepicat\/product\/pearls\/#primaryimage\",\"url\":\"https:\/\/sadenir.com.uy\/sepicat\/wp-content\/uploads\/sites\/7\/2020\/09\/pearls_2.jpg\",\"contentUrl\":\"https:\/\/sadenir.com.uy\/sepicat\/wp-content\/uploads\/sites\/7\/2020\/09\/pearls_2.jpg\",\"width\":801,\"height\":800},{\"@type\":\"BreadcrumbList\",\"@id\":\"https:\/\/sadenir.com.uy\/sepicat\/product\/pearls\/#breadcrumb\",\"itemListElement\":[{\"@type\":\"ListItem\",\"position\":1,\"name\":\"Inicio\",\"item\":\"https:\/\/sadenir.com.uy\/sepicat\/\"},{\"@type\":\"ListItem\",\"position\":2,\"name\":\"Shop\",\"item\":\"https:\/\/sadenir.com.uy\/sepicat\/shop\/\"},{\"@type\":\"ListItem\",\"position\":3,\"name\":\"Pearls\"}]},{\"@type\":\"WebSite\",\"@id\":\"https:\/\/sadenir.com.uy\/sepicat\/#website\",\"url\":\"https:\/\/sadenir.com.uy\/sepicat\/\",\"name\":\"Sepicat\",\"description\":\"Excelencia en nutrici\u00f3n\",\"potentialAction\":[{\"@type\":\"SearchAction\",\"target\":{\"@type\":\"EntryPoint\",\"urlTemplate\":\"https:\/\/sadenir.com.uy\/sepicat\/?s={search_term_string}\"},\"query-input\":{\"@type\":\"PropertyValueSpecification\",\"valueRequired\":true,\"valueName\":\"search_term_string\"}}],\"inLanguage\":\"es-AR\"}]}<\/script>\n<!-- \/ Yoast SEO plugin. -->","yoast_head_json":{"title":"Pearls - Sepicat","robots":{"index":"index","follow":"follow","max-snippet":"max-snippet:-1","max-image-preview":"max-image-preview:large","max-video-preview":"max-video-preview:-1"},"canonical":"https:\/\/sadenir.com.uy\/sepicat\/product\/pearls\/","og_locale":"es_ES","og_type":"article","og_title":"Pearls - Sepicat","og_description":"SEPICAT PEARLS\u00a0es un\u00a0ligero no aglomerante ultra absorbente\u00a0(&gt;200%)\u00a0a base se silicato s\u00f3dico, el cual contiene millones de micro-poros que absorben r\u00e1pida y eficazmente la humedad asegurando un entorno higi\u00e9nico y saludable.","og_url":"https:\/\/sadenir.com.uy\/sepicat\/product\/pearls\/","og_site_name":"Sepicat","article_modified_time":"2020-09-25T19:24:03+00:00","og_image":[{"width":801,"height":800,"url":"https:\/\/sadenir.com.uy\/sepicat\/wp-content\/uploads\/sites\/7\/2020\/09\/pearls_2.jpg","type":"image\/jpeg"}],"twitter_card":"summary_large_image","schema":{"@context":"https:\/\/schema.org","@graph":[{"@type":"WebPage","@id":"https:\/\/sadenir.com.uy\/sepicat\/product\/pearls\/","url":"https:\/\/sadenir.com.uy\/sepicat\/product\/pearls\/","name":"Pearls - Sepicat","isPartOf":{"@id":"https:\/\/sadenir.com.uy\/sepicat\/#website"},"primaryImageOfPage":{"@id":"https:\/\/sadenir.com.uy\/sepicat\/product\/pearls\/#primaryimage"},"image":{"@id":"https:\/\/sadenir.com.uy\/sepicat\/product\/pearls\/#primaryimage"},"thumbnailUrl":"https:\/\/sadenir.com.uy\/sepicat\/wp-content\/uploads\/sites\/7\/2020\/09\/pearls_2.jpg","datePublished":"2020-09-25T19:22:54+00:00","dateModified":"2020-09-25T19:24:03+00:00","breadcrumb":{"@id":"https:\/\/sadenir.com.uy\/sepicat\/product\/pearls\/#breadcrumb"},"inLanguage":"es-AR","potentialAction":[{"@type":"ReadAction","target":["https:\/\/sadenir.com.uy\/sepicat\/product\/pearls\/"]}]},{"@type":"ImageObject","inLanguage":"es-AR","@id":"https:\/\/sadenir.com.uy\/sepicat\/product\/pearls\/#primaryimage","url":"https:\/\/sadenir.com.uy\/sepicat\/wp-content\/uploads\/sites\/7\/2020\/09\/pearls_2.jpg","contentUrl":"https:\/\/sadenir.com.uy\/sepicat\/wp-content\/uploads\/sites\/7\/2020\/09\/pearls_2.jpg","width":801,"height":800},{"@type":"BreadcrumbList","@id":"https:\/\/sadenir.com.uy\/sepicat\/product\/pearls\/#breadcrumb","itemListElement":[{"@type":"ListItem","position":1,"name":"Inicio","item":"https:\/\/sadenir.com.uy\/sepicat\/"},{"@type":"ListItem","position":2,"name":"Shop","item":"https:\/\/sadenir.com.uy\/sepicat\/shop\/"},{"@type":"ListItem","position":3,"name":"Pearls"}]},{"@type":"WebSite","@id":"https:\/\/sadenir.com.uy\/sepicat\/#website","url":"https:\/\/sadenir.com.uy\/sepicat\/","name":"Sepicat","description":"Excelencia en nutrici\u00f3n","potentialAction":[{"@type":"SearchAction","target":{"@type":"EntryPoint","urlTemplate":"https:\/\/sadenir.com.uy\/sepicat\/?s={search_term_string}"},"query-input":{"@type":"PropertyValueSpecification","valueRequired":true,"valueName":"search_term_string"}}],"inLanguage":"es-AR"}]}},"_links":{"self":[{"href":"https:\/\/sadenir.com.uy\/sepicat\/wp-json\/wp\/v2\/product\/6120","targetHints":{"allow":["GET"]}}],"collection":[{"href":"https:\/\/sadenir.com.uy\/sepicat\/wp-json\/wp\/v2\/product"}],"about":[{"href":"https:\/\/sadenir.com.uy\/sepicat\/wp-json\/wp\/v2\/types\/product"}],"wp:featuredmedia":[{"embeddable":true,"href":"https:\/\/sadenir.com.uy\/sepicat\/wp-json\/wp\/v2\/media\/6096"}],"wp:attachment":[{"href":"https:\/\/sadenir.com.uy\/sepicat\/wp-json\/wp\/v2\/media?parent=6120"}],"wp:term":[{"taxonomy":"product_brand","embeddable":true,"href":"https:\/\/sadenir.com.uy\/sepicat\/wp-json\/wp\/v2\/product_brand?post=6120"},{"taxonomy":"product_cat","embeddable":true,"href":"https:\/\/sadenir.com.uy\/sepicat\/wp-json\/wp\/v2\/product_cat?post=6120"},{"taxonomy":"product_tag","embeddable":true,"href":"https:\/\/sadenir.com.uy\/sepicat\/wp-json\/wp\/v2\/product_tag?post=6120"}],"curies":[{"name":"wp","href":"https:\/\/api.w.org\/{rel}","templated":true}]}}