{"id":6121,"date":"2020-09-25T19:24:40","date_gmt":"2020-09-25T19:24:40","guid":{"rendered":"https:\/\/sadenir.com.uy\/sadenirNew\/sepicat\/?post_type=product&#038;p=6121"},"modified":"2020-09-25T19:25:57","modified_gmt":"2020-09-25T19:25:57","slug":"pearls-fresh","status":"publish","type":"product","link":"https:\/\/sadenir.com.uy\/sepicat\/product\/pearls-fresh\/","title":{"rendered":"Pearls Fresh"},"content":{"rendered":"<p>SEPICAT PEARLS es un producto altamente absorbente, sin polvo, especialmente tratado con un agente bactericida que inhibe la formaci\u00f3n de olores reteniendo la humedad dentro de los cristales.<\/p>\n<p>Se trata de un producto de larga duraci\u00f3n y f\u00e1cil mantenimiento.<\/p>\n<p>SEPICAT PEARLS FRESH es f\u00e1cil de usar: Vierta una capa de 5cm sobre la bandeja.<\/p>\n<p>Retire de manera ocasional los excrementos y las zonas saturadas.<\/p>\n<p>Una vez saturado el producto cambie totalmente el contenido y limpie la bandeja<\/p>\n<p>Antes de verter el nuevo producto.<\/p>\n<p>\u00bfBusca una arena extra absorbente, sin polvo, perfumada y super-ligera?<\/p>\n<p>SU ELECCION ES SEPICAT PEARLS FRESH.<\/p>\n<p>ABSORCI\u00d3N: 5litros<\/p>\n","protected":false},"excerpt":{"rendered":"<p>Desprende un agradable aroma.<\/p>\n<p>Es un ligero aglomerante ultra absorbente (mayor a 200%) a base de silicato s\u00f3dico, el cual contiene millones de micro-poros que absorben r\u00e1pida y eficazmente la humedad asegurando un entorno higi\u00e9nico y saludable.<\/p>\n","protected":false},"featured_media":6097,"template":"","meta":{"pgc_sgb_lightbox_settings":""},"product_brand":[],"product_cat":[44],"product_tag":[],"class_list":{"0":"post-6121","1":"product","2":"type-product","3":"status-publish","4":"has-post-thumbnail","6":"product_cat-gatos","8":"first","9":"instock","10":"shipping-taxable","11":"product-type-simple"},"yoast_head":"<!-- This site is optimized with the Yoast SEO plugin v26.1.1 - https:\/\/yoast.com\/wordpress\/plugins\/seo\/ -->\n<title>Pearls Fresh - Sepicat<\/title>\n<meta name=\"robots\" content=\"index, follow, max-snippet:-1, max-image-preview:large, max-video-preview:-1\" \/>\n<link rel=\"canonical\" href=\"https:\/\/sadenir.com.uy\/sepicat\/product\/pearls-fresh\/\" \/>\n<meta property=\"og:locale\" content=\"es_ES\" \/>\n<meta property=\"og:type\" content=\"article\" \/>\n<meta property=\"og:title\" content=\"Pearls Fresh - Sepicat\" \/>\n<meta property=\"og:description\" content=\"Desprende un agradable aroma.  Es un ligero aglomerante ultra absorbente (mayor a 200%) a base de silicato s\u00f3dico, el cual contiene millones de micro-poros que absorben r\u00e1pida y eficazmente la humedad asegurando un entorno higi\u00e9nico y saludable.\" \/>\n<meta property=\"og:url\" content=\"https:\/\/sadenir.com.uy\/sepicat\/product\/pearls-fresh\/\" \/>\n<meta property=\"og:site_name\" content=\"Sepicat\" \/>\n<meta property=\"article:modified_time\" content=\"2020-09-25T19:25:57+00:00\" \/>\n<meta property=\"og:image\" content=\"https:\/\/sadenir.com.uy\/sepicat\/wp-content\/uploads\/sites\/7\/2020\/09\/pearls_fresh.jpg\" \/>\n\t<meta property=\"og:image:width\" content=\"801\" \/>\n\t<meta property=\"og:image:height\" content=\"800\" \/>\n\t<meta property=\"og:image:type\" content=\"image\/jpeg\" \/>\n<meta name=\"twitter:card\" content=\"summary_large_image\" \/>\n<meta name=\"twitter:label1\" content=\"Tiempo de lectura\" \/>\n\t<meta name=\"twitter:data1\" content=\"1 minuto\" \/>\n<script type=\"application\/ld+json\" class=\"yoast-schema-graph\">{\"@context\":\"https:\/\/schema.org\",\"@graph\":[{\"@type\":\"WebPage\",\"@id\":\"https:\/\/sadenir.com.uy\/sepicat\/product\/pearls-fresh\/\",\"url\":\"https:\/\/sadenir.com.uy\/sepicat\/product\/pearls-fresh\/\",\"name\":\"Pearls Fresh - Sepicat\",\"isPartOf\":{\"@id\":\"https:\/\/sadenir.com.uy\/sepicat\/#website\"},\"primaryImageOfPage\":{\"@id\":\"https:\/\/sadenir.com.uy\/sepicat\/product\/pearls-fresh\/#primaryimage\"},\"image\":{\"@id\":\"https:\/\/sadenir.com.uy\/sepicat\/product\/pearls-fresh\/#primaryimage\"},\"thumbnailUrl\":\"https:\/\/sadenir.com.uy\/sepicat\/wp-content\/uploads\/sites\/7\/2020\/09\/pearls_fresh.jpg\",\"datePublished\":\"2020-09-25T19:24:40+00:00\",\"dateModified\":\"2020-09-25T19:25:57+00:00\",\"breadcrumb\":{\"@id\":\"https:\/\/sadenir.com.uy\/sepicat\/product\/pearls-fresh\/#breadcrumb\"},\"inLanguage\":\"es-AR\",\"potentialAction\":[{\"@type\":\"ReadAction\",\"target\":[\"https:\/\/sadenir.com.uy\/sepicat\/product\/pearls-fresh\/\"]}]},{\"@type\":\"ImageObject\",\"inLanguage\":\"es-AR\",\"@id\":\"https:\/\/sadenir.com.uy\/sepicat\/product\/pearls-fresh\/#primaryimage\",\"url\":\"https:\/\/sadenir.com.uy\/sepicat\/wp-content\/uploads\/sites\/7\/2020\/09\/pearls_fresh.jpg\",\"contentUrl\":\"https:\/\/sadenir.com.uy\/sepicat\/wp-content\/uploads\/sites\/7\/2020\/09\/pearls_fresh.jpg\",\"width\":801,\"height\":800},{\"@type\":\"BreadcrumbList\",\"@id\":\"https:\/\/sadenir.com.uy\/sepicat\/product\/pearls-fresh\/#breadcrumb\",\"itemListElement\":[{\"@type\":\"ListItem\",\"position\":1,\"name\":\"Inicio\",\"item\":\"https:\/\/sadenir.com.uy\/sepicat\/\"},{\"@type\":\"ListItem\",\"position\":2,\"name\":\"Shop\",\"item\":\"https:\/\/sadenir.com.uy\/sepicat\/shop\/\"},{\"@type\":\"ListItem\",\"position\":3,\"name\":\"Pearls Fresh\"}]},{\"@type\":\"WebSite\",\"@id\":\"https:\/\/sadenir.com.uy\/sepicat\/#website\",\"url\":\"https:\/\/sadenir.com.uy\/sepicat\/\",\"name\":\"Sepicat\",\"description\":\"Excelencia en nutrici\u00f3n\",\"potentialAction\":[{\"@type\":\"SearchAction\",\"target\":{\"@type\":\"EntryPoint\",\"urlTemplate\":\"https:\/\/sadenir.com.uy\/sepicat\/?s={search_term_string}\"},\"query-input\":{\"@type\":\"PropertyValueSpecification\",\"valueRequired\":true,\"valueName\":\"search_term_string\"}}],\"inLanguage\":\"es-AR\"}]}<\/script>\n<!-- \/ Yoast SEO plugin. -->","yoast_head_json":{"title":"Pearls Fresh - Sepicat","robots":{"index":"index","follow":"follow","max-snippet":"max-snippet:-1","max-image-preview":"max-image-preview:large","max-video-preview":"max-video-preview:-1"},"canonical":"https:\/\/sadenir.com.uy\/sepicat\/product\/pearls-fresh\/","og_locale":"es_ES","og_type":"article","og_title":"Pearls Fresh - Sepicat","og_description":"Desprende un agradable aroma.  Es un ligero aglomerante ultra absorbente (mayor a 200%) a base de silicato s\u00f3dico, el cual contiene millones de micro-poros que absorben r\u00e1pida y eficazmente la humedad asegurando un entorno higi\u00e9nico y saludable.","og_url":"https:\/\/sadenir.com.uy\/sepicat\/product\/pearls-fresh\/","og_site_name":"Sepicat","article_modified_time":"2020-09-25T19:25:57+00:00","og_image":[{"width":801,"height":800,"url":"https:\/\/sadenir.com.uy\/sepicat\/wp-content\/uploads\/sites\/7\/2020\/09\/pearls_fresh.jpg","type":"image\/jpeg"}],"twitter_card":"summary_large_image","twitter_misc":{"Tiempo de lectura":"1 minuto"},"schema":{"@context":"https:\/\/schema.org","@graph":[{"@type":"WebPage","@id":"https:\/\/sadenir.com.uy\/sepicat\/product\/pearls-fresh\/","url":"https:\/\/sadenir.com.uy\/sepicat\/product\/pearls-fresh\/","name":"Pearls Fresh - Sepicat","isPartOf":{"@id":"https:\/\/sadenir.com.uy\/sepicat\/#website"},"primaryImageOfPage":{"@id":"https:\/\/sadenir.com.uy\/sepicat\/product\/pearls-fresh\/#primaryimage"},"image":{"@id":"https:\/\/sadenir.com.uy\/sepicat\/product\/pearls-fresh\/#primaryimage"},"thumbnailUrl":"https:\/\/sadenir.com.uy\/sepicat\/wp-content\/uploads\/sites\/7\/2020\/09\/pearls_fresh.jpg","datePublished":"2020-09-25T19:24:40+00:00","dateModified":"2020-09-25T19:25:57+00:00","breadcrumb":{"@id":"https:\/\/sadenir.com.uy\/sepicat\/product\/pearls-fresh\/#breadcrumb"},"inLanguage":"es-AR","potentialAction":[{"@type":"ReadAction","target":["https:\/\/sadenir.com.uy\/sepicat\/product\/pearls-fresh\/"]}]},{"@type":"ImageObject","inLanguage":"es-AR","@id":"https:\/\/sadenir.com.uy\/sepicat\/product\/pearls-fresh\/#primaryimage","url":"https:\/\/sadenir.com.uy\/sepicat\/wp-content\/uploads\/sites\/7\/2020\/09\/pearls_fresh.jpg","contentUrl":"https:\/\/sadenir.com.uy\/sepicat\/wp-content\/uploads\/sites\/7\/2020\/09\/pearls_fresh.jpg","width":801,"height":800},{"@type":"BreadcrumbList","@id":"https:\/\/sadenir.com.uy\/sepicat\/product\/pearls-fresh\/#breadcrumb","itemListElement":[{"@type":"ListItem","position":1,"name":"Inicio","item":"https:\/\/sadenir.com.uy\/sepicat\/"},{"@type":"ListItem","position":2,"name":"Shop","item":"https:\/\/sadenir.com.uy\/sepicat\/shop\/"},{"@type":"ListItem","position":3,"name":"Pearls Fresh"}]},{"@type":"WebSite","@id":"https:\/\/sadenir.com.uy\/sepicat\/#website","url":"https:\/\/sadenir.com.uy\/sepicat\/","name":"Sepicat","description":"Excelencia en nutrici\u00f3n","potentialAction":[{"@type":"SearchAction","target":{"@type":"EntryPoint","urlTemplate":"https:\/\/sadenir.com.uy\/sepicat\/?s={search_term_string}"},"query-input":{"@type":"PropertyValueSpecification","valueRequired":true,"valueName":"search_term_string"}}],"inLanguage":"es-AR"}]}},"_links":{"self":[{"href":"https:\/\/sadenir.com.uy\/sepicat\/wp-json\/wp\/v2\/product\/6121","targetHints":{"allow":["GET"]}}],"collection":[{"href":"https:\/\/sadenir.com.uy\/sepicat\/wp-json\/wp\/v2\/product"}],"about":[{"href":"https:\/\/sadenir.com.uy\/sepicat\/wp-json\/wp\/v2\/types\/product"}],"wp:featuredmedia":[{"embeddable":true,"href":"https:\/\/sadenir.com.uy\/sepicat\/wp-json\/wp\/v2\/media\/6097"}],"wp:attachment":[{"href":"https:\/\/sadenir.com.uy\/sepicat\/wp-json\/wp\/v2\/media?parent=6121"}],"wp:term":[{"taxonomy":"product_brand","embeddable":true,"href":"https:\/\/sadenir.com.uy\/sepicat\/wp-json\/wp\/v2\/product_brand?post=6121"},{"taxonomy":"product_cat","embeddable":true,"href":"https:\/\/sadenir.com.uy\/sepicat\/wp-json\/wp\/v2\/product_cat?post=6121"},{"taxonomy":"product_tag","embeddable":true,"href":"https:\/\/sadenir.com.uy\/sepicat\/wp-json\/wp\/v2\/product_tag?post=6121"}],"curies":[{"name":"wp","href":"https:\/\/api.w.org\/{rel}","templated":true}]}}