{"id":6123,"date":"2020-09-25T19:26:54","date_gmt":"2020-09-25T19:26:54","guid":{"rendered":"https:\/\/sadenir.com.uy\/sadenirNew\/sepicat\/?post_type=product&#038;p=6123"},"modified":"2020-09-25T19:27:59","modified_gmt":"2020-09-25T19:27:59","slug":"ultra-antibac","status":"publish","type":"product","link":"https:\/\/sadenir.com.uy\/sepicat\/product\/ultra-antibac\/","title":{"rendered":"Ultra Antibac"},"content":{"rendered":"<p>Las especiales propiedades de SEPICAT ULTRA ANTIBAC retienen el proceso de descomposici\u00f3n de la orina, inhibiendo el crecimiento bacteriano, el desarrollo de los malos olores, aumentando la duraci\u00f3n y propiedades de la arena.<\/p>\n<p>Sus especiales habilidades aglomerantes le permitir\u00e1n tener una mayor higiene en su bandeja, pudiendo eliminar no solo las deposiciones de su mascota sino tambi\u00e9n la orina retenida en los aglomerados.<\/p>\n<p>No es necesario renovar completamente la bandeja, solo es necesario remplazar el producto utilizado por nuevo producto.<\/p>\n<p>SEPICAT ULTRA ANTIBAC es muy f\u00e1cil de usar: vierta una capa de 5 a 7cm de arena sobre la bandeja. La arena formar\u00e1 peque\u00f1os aglomerados compactos cuando su mascota use el lecho. Use una pala especialmente adaptada para retirar los aglomerados y excrementos. Rellenar con mas SEPICAT cuando sea necesario.<\/p>\n<p>SI CONSUME PRODUCTO AGLOMERANTE HABITUALMENTE Y QUIERE SACARLE EL MAXIMO RENDIMIENTO SU ELECCION ES SEPICAT ULTRA ANTIBAC<\/p>\n","protected":false},"excerpt":{"rendered":"<p><strong>SEPICAT ULTRA ANTIBAC<\/strong>\u00a0es una arena de gato aglomerante s\u00faper-absorbente compuesta a base de un 100% de arcilla bentonitica. SEPICAT ULTRA ANTIBAC est\u00e1 especialmente tratada con un aditivo anti-bacterias que desprende un agradable perfume floral.<\/p>\n","protected":false},"featured_media":6098,"template":"","meta":{"pgc_sgb_lightbox_settings":""},"product_brand":[],"product_cat":[44],"product_tag":[],"class_list":{"0":"post-6123","1":"product","2":"type-product","3":"status-publish","4":"has-post-thumbnail","6":"product_cat-gatos","8":"first","9":"instock","10":"shipping-taxable","11":"product-type-simple"},"yoast_head":"<!-- This site is optimized with the Yoast SEO plugin v26.1.1 - https:\/\/yoast.com\/wordpress\/plugins\/seo\/ -->\n<title>Ultra Antibac - Sepicat<\/title>\n<meta name=\"robots\" content=\"index, follow, max-snippet:-1, max-image-preview:large, max-video-preview:-1\" \/>\n<link rel=\"canonical\" href=\"https:\/\/sadenir.com.uy\/sepicat\/product\/ultra-antibac\/\" \/>\n<meta property=\"og:locale\" content=\"es_ES\" \/>\n<meta property=\"og:type\" content=\"article\" \/>\n<meta property=\"og:title\" content=\"Ultra Antibac - Sepicat\" \/>\n<meta property=\"og:description\" content=\"SEPICAT ULTRA ANTIBAC\u00a0es una arena de gato aglomerante s\u00faper-absorbente compuesta a base de un 100% de arcilla bentonitica. SEPICAT ULTRA ANTIBAC est\u00e1 especialmente tratada con un aditivo anti-bacterias que desprende un agradable perfume floral.\" \/>\n<meta property=\"og:url\" content=\"https:\/\/sadenir.com.uy\/sepicat\/product\/ultra-antibac\/\" \/>\n<meta property=\"og:site_name\" content=\"Sepicat\" \/>\n<meta property=\"article:modified_time\" content=\"2020-09-25T19:27:59+00:00\" \/>\n<meta property=\"og:image\" content=\"https:\/\/sadenir.com.uy\/sepicat\/wp-content\/uploads\/sites\/7\/2020\/09\/ultra_antibac.jpg\" \/>\n\t<meta property=\"og:image:width\" content=\"801\" \/>\n\t<meta property=\"og:image:height\" content=\"800\" \/>\n\t<meta property=\"og:image:type\" content=\"image\/jpeg\" \/>\n<meta name=\"twitter:card\" content=\"summary_large_image\" \/>\n<meta name=\"twitter:label1\" content=\"Tiempo de lectura\" \/>\n\t<meta name=\"twitter:data1\" content=\"1 minuto\" \/>\n<script type=\"application\/ld+json\" class=\"yoast-schema-graph\">{\"@context\":\"https:\/\/schema.org\",\"@graph\":[{\"@type\":\"WebPage\",\"@id\":\"https:\/\/sadenir.com.uy\/sepicat\/product\/ultra-antibac\/\",\"url\":\"https:\/\/sadenir.com.uy\/sepicat\/product\/ultra-antibac\/\",\"name\":\"Ultra Antibac - Sepicat\",\"isPartOf\":{\"@id\":\"https:\/\/sadenir.com.uy\/sepicat\/#website\"},\"primaryImageOfPage\":{\"@id\":\"https:\/\/sadenir.com.uy\/sepicat\/product\/ultra-antibac\/#primaryimage\"},\"image\":{\"@id\":\"https:\/\/sadenir.com.uy\/sepicat\/product\/ultra-antibac\/#primaryimage\"},\"thumbnailUrl\":\"https:\/\/sadenir.com.uy\/sepicat\/wp-content\/uploads\/sites\/7\/2020\/09\/ultra_antibac.jpg\",\"datePublished\":\"2020-09-25T19:26:54+00:00\",\"dateModified\":\"2020-09-25T19:27:59+00:00\",\"breadcrumb\":{\"@id\":\"https:\/\/sadenir.com.uy\/sepicat\/product\/ultra-antibac\/#breadcrumb\"},\"inLanguage\":\"es-AR\",\"potentialAction\":[{\"@type\":\"ReadAction\",\"target\":[\"https:\/\/sadenir.com.uy\/sepicat\/product\/ultra-antibac\/\"]}]},{\"@type\":\"ImageObject\",\"inLanguage\":\"es-AR\",\"@id\":\"https:\/\/sadenir.com.uy\/sepicat\/product\/ultra-antibac\/#primaryimage\",\"url\":\"https:\/\/sadenir.com.uy\/sepicat\/wp-content\/uploads\/sites\/7\/2020\/09\/ultra_antibac.jpg\",\"contentUrl\":\"https:\/\/sadenir.com.uy\/sepicat\/wp-content\/uploads\/sites\/7\/2020\/09\/ultra_antibac.jpg\",\"width\":801,\"height\":800},{\"@type\":\"BreadcrumbList\",\"@id\":\"https:\/\/sadenir.com.uy\/sepicat\/product\/ultra-antibac\/#breadcrumb\",\"itemListElement\":[{\"@type\":\"ListItem\",\"position\":1,\"name\":\"Inicio\",\"item\":\"https:\/\/sadenir.com.uy\/sepicat\/\"},{\"@type\":\"ListItem\",\"position\":2,\"name\":\"Shop\",\"item\":\"https:\/\/sadenir.com.uy\/sepicat\/shop\/\"},{\"@type\":\"ListItem\",\"position\":3,\"name\":\"Ultra Antibac\"}]},{\"@type\":\"WebSite\",\"@id\":\"https:\/\/sadenir.com.uy\/sepicat\/#website\",\"url\":\"https:\/\/sadenir.com.uy\/sepicat\/\",\"name\":\"Sepicat\",\"description\":\"Excelencia en nutrici\u00f3n\",\"potentialAction\":[{\"@type\":\"SearchAction\",\"target\":{\"@type\":\"EntryPoint\",\"urlTemplate\":\"https:\/\/sadenir.com.uy\/sepicat\/?s={search_term_string}\"},\"query-input\":{\"@type\":\"PropertyValueSpecification\",\"valueRequired\":true,\"valueName\":\"search_term_string\"}}],\"inLanguage\":\"es-AR\"}]}<\/script>\n<!-- \/ Yoast SEO plugin. -->","yoast_head_json":{"title":"Ultra Antibac - Sepicat","robots":{"index":"index","follow":"follow","max-snippet":"max-snippet:-1","max-image-preview":"max-image-preview:large","max-video-preview":"max-video-preview:-1"},"canonical":"https:\/\/sadenir.com.uy\/sepicat\/product\/ultra-antibac\/","og_locale":"es_ES","og_type":"article","og_title":"Ultra Antibac - Sepicat","og_description":"SEPICAT ULTRA ANTIBAC\u00a0es una arena de gato aglomerante s\u00faper-absorbente compuesta a base de un 100% de arcilla bentonitica. SEPICAT ULTRA ANTIBAC est\u00e1 especialmente tratada con un aditivo anti-bacterias que desprende un agradable perfume floral.","og_url":"https:\/\/sadenir.com.uy\/sepicat\/product\/ultra-antibac\/","og_site_name":"Sepicat","article_modified_time":"2020-09-25T19:27:59+00:00","og_image":[{"width":801,"height":800,"url":"https:\/\/sadenir.com.uy\/sepicat\/wp-content\/uploads\/sites\/7\/2020\/09\/ultra_antibac.jpg","type":"image\/jpeg"}],"twitter_card":"summary_large_image","twitter_misc":{"Tiempo de lectura":"1 minuto"},"schema":{"@context":"https:\/\/schema.org","@graph":[{"@type":"WebPage","@id":"https:\/\/sadenir.com.uy\/sepicat\/product\/ultra-antibac\/","url":"https:\/\/sadenir.com.uy\/sepicat\/product\/ultra-antibac\/","name":"Ultra Antibac - Sepicat","isPartOf":{"@id":"https:\/\/sadenir.com.uy\/sepicat\/#website"},"primaryImageOfPage":{"@id":"https:\/\/sadenir.com.uy\/sepicat\/product\/ultra-antibac\/#primaryimage"},"image":{"@id":"https:\/\/sadenir.com.uy\/sepicat\/product\/ultra-antibac\/#primaryimage"},"thumbnailUrl":"https:\/\/sadenir.com.uy\/sepicat\/wp-content\/uploads\/sites\/7\/2020\/09\/ultra_antibac.jpg","datePublished":"2020-09-25T19:26:54+00:00","dateModified":"2020-09-25T19:27:59+00:00","breadcrumb":{"@id":"https:\/\/sadenir.com.uy\/sepicat\/product\/ultra-antibac\/#breadcrumb"},"inLanguage":"es-AR","potentialAction":[{"@type":"ReadAction","target":["https:\/\/sadenir.com.uy\/sepicat\/product\/ultra-antibac\/"]}]},{"@type":"ImageObject","inLanguage":"es-AR","@id":"https:\/\/sadenir.com.uy\/sepicat\/product\/ultra-antibac\/#primaryimage","url":"https:\/\/sadenir.com.uy\/sepicat\/wp-content\/uploads\/sites\/7\/2020\/09\/ultra_antibac.jpg","contentUrl":"https:\/\/sadenir.com.uy\/sepicat\/wp-content\/uploads\/sites\/7\/2020\/09\/ultra_antibac.jpg","width":801,"height":800},{"@type":"BreadcrumbList","@id":"https:\/\/sadenir.com.uy\/sepicat\/product\/ultra-antibac\/#breadcrumb","itemListElement":[{"@type":"ListItem","position":1,"name":"Inicio","item":"https:\/\/sadenir.com.uy\/sepicat\/"},{"@type":"ListItem","position":2,"name":"Shop","item":"https:\/\/sadenir.com.uy\/sepicat\/shop\/"},{"@type":"ListItem","position":3,"name":"Ultra Antibac"}]},{"@type":"WebSite","@id":"https:\/\/sadenir.com.uy\/sepicat\/#website","url":"https:\/\/sadenir.com.uy\/sepicat\/","name":"Sepicat","description":"Excelencia en nutrici\u00f3n","potentialAction":[{"@type":"SearchAction","target":{"@type":"EntryPoint","urlTemplate":"https:\/\/sadenir.com.uy\/sepicat\/?s={search_term_string}"},"query-input":{"@type":"PropertyValueSpecification","valueRequired":true,"valueName":"search_term_string"}}],"inLanguage":"es-AR"}]}},"_links":{"self":[{"href":"https:\/\/sadenir.com.uy\/sepicat\/wp-json\/wp\/v2\/product\/6123","targetHints":{"allow":["GET"]}}],"collection":[{"href":"https:\/\/sadenir.com.uy\/sepicat\/wp-json\/wp\/v2\/product"}],"about":[{"href":"https:\/\/sadenir.com.uy\/sepicat\/wp-json\/wp\/v2\/types\/product"}],"wp:featuredmedia":[{"embeddable":true,"href":"https:\/\/sadenir.com.uy\/sepicat\/wp-json\/wp\/v2\/media\/6098"}],"wp:attachment":[{"href":"https:\/\/sadenir.com.uy\/sepicat\/wp-json\/wp\/v2\/media?parent=6123"}],"wp:term":[{"taxonomy":"product_brand","embeddable":true,"href":"https:\/\/sadenir.com.uy\/sepicat\/wp-json\/wp\/v2\/product_brand?post=6123"},{"taxonomy":"product_cat","embeddable":true,"href":"https:\/\/sadenir.com.uy\/sepicat\/wp-json\/wp\/v2\/product_cat?post=6123"},{"taxonomy":"product_tag","embeddable":true,"href":"https:\/\/sadenir.com.uy\/sepicat\/wp-json\/wp\/v2\/product_tag?post=6123"}],"curies":[{"name":"wp","href":"https:\/\/api.w.org\/{rel}","templated":true}]}}