{"id":6023,"date":"2020-09-01T22:02:50","date_gmt":"2020-09-01T22:02:50","guid":{"rendered":"https:\/\/www.andresdicamillo.com\/sadenir\/vetnil\/?post_type=product&#038;p=6023"},"modified":"2020-09-25T19:36:22","modified_gmt":"2020-09-25T19:36:22","slug":"mature-grain-free","status":"publish","type":"product","link":"https:\/\/sadenir.com.uy\/vetnil\/product\/mature-grain-free\/","title":{"rendered":"Aminomix Forte"},"content":{"rendered":"<h3>Construcci\u00f3n estrat\u00e9gica de campeones<\/h3>\n<p>Indicaci\u00f3n del producto:<br \/>\nContiene los nutrientes esenciales de la alimentaci\u00f3n del caballo atleta, reuniendo en su formulaci\u00f3n Macro y Micro Minerales, Vitaminas, Levaduras y Amino\u00e1cidos esenciales y de importancia. Los ingredientes de f\u00e1cil asimilaci\u00f3n en la f\u00f3rmula, propician una mejora del estado general de los animales. Aminomix Forte contiene Hierro, Cobre y Zinc quelados, lo que mejora en el aprovechamiento de los mismos y asegura la absorci\u00f3n de las vitaminas en la no formaci\u00f3n de complejos insolubles. Aminomix Forte tambi\u00e9n contiene Levaduras vivas (Saccharomyces cerevisiae) y enzimas, proporcionando mejor digestibilidad de los alimentos y consecuentemente, una mejor conversi\u00f3n alimenticia.<br \/>\nSuplementaci\u00f3n de amino\u00e1cidos, vitaminas, macro y micro minerales para la alimentaci\u00f3n de equinos, mulares, asnales, avestruces y su\u00ednos. Contiene nutrientes esenciales de la alimentaci\u00f3n de los animales. Re\u00fane en su formulaci\u00f3n macro y micro minerales, vitaminas y amino\u00e1cidos, siendo indicado para animales en crecimiento, aumento de masa corporal, est\u00edmulo del apetito y preparaci\u00f3n para competiciones y exposiciones. Adem\u00e1s, contiene levaduras vivas (probi\u00f3ticos), que ayudan en el desarrollo de una microbiota intestinal saludable, proporcionando una mejor digestibilidad de los alimentos, consecuentemente una mejor conversi\u00f3n alimenticia.<br \/>\nNiveles de garant\u00eda por Kg de producto:<\/p>\n<p><strong>NIVELES DE GARANT\u00cdA POR KG DEL PRODUCTO<\/strong><\/p>\n<table class=\" aligncenter\" width=\"314\">\n<tbody>\n<tr>\n<td width=\"64\">Vitamina A (M\u00edn.)<\/td>\n<td width=\"64\">2.000.000UI<\/td>\n<\/tr>\n<tr>\n<td>Vitamina B1 (M\u00edn.)<\/td>\n<td>250mg<\/td>\n<\/tr>\n<tr>\n<td>Vitamina B12 (M\u00edn.)<\/td>\n<td>1.000mcg<\/td>\n<\/tr>\n<tr>\n<td>Vitamina B2 (M\u00edn.)<\/td>\n<td>200mg<\/td>\n<\/tr>\n<tr>\n<td>Vitamina B6 (M\u00edn.)<\/td>\n<td>200mg<\/td>\n<\/tr>\n<tr>\n<td>Vitamina C (M\u00edn.)<\/td>\n<td>5.000mg<\/td>\n<\/tr>\n<tr>\n<td>Vitamina D3 (M\u00edn.)<\/td>\n<td>150.000UI<\/td>\n<\/tr>\n<tr>\n<td>Vitamina E (M\u00edn.)<\/td>\n<td>1.000UI<\/td>\n<\/tr>\n<tr>\n<td>Biotina (M\u00edn.)<\/td>\n<td>50mg<\/td>\n<\/tr>\n<tr>\n<td>\u00c1cido Nicot\u00ednico (M\u00edn.)<\/td>\n<td>600mg<\/td>\n<\/tr>\n<tr>\n<td>\u00c1cido F\u00f3lico (M\u00edn.)<\/td>\n<td>200mg<\/td>\n<\/tr>\n<tr>\n<td>Pantotenato de C\u00e1lcio (M\u00edn.)<\/td>\n<td>500mg<\/td>\n<\/tr>\n<tr>\n<td>Colina (M\u00edn.)<\/td>\n<td>4.850mg<\/td>\n<\/tr>\n<tr>\n<td>\u00c1cido Asp\u00e1rtico (M\u00edn.)<\/td>\n<td>508mg<\/td>\n<\/tr>\n<tr>\n<td>\u00c1cido Glut\u00e2mico (M\u00edn.)<\/td>\n<td>2.925mg<\/td>\n<\/tr>\n<tr>\n<td>Alanina (M\u00edn.)<\/td>\n<td>7.120mg<\/td>\n<\/tr>\n<tr>\n<td>Arginina (M\u00edn.)<\/td>\n<td>4.010mg<\/td>\n<\/tr>\n<tr>\n<td>Ciste\u00edna (M\u00edn.)<\/td>\n<td>224mg<\/td>\n<\/tr>\n<tr>\n<td>Fenilalanina (M\u00edn.)<\/td>\n<td>1.626mg<\/td>\n<\/tr>\n<tr>\n<td>Glicina (M\u00edn.)<\/td>\n<td>12,69g<\/td>\n<\/tr>\n<tr>\n<td>Histidina (M\u00edn.)<\/td>\n<td>348mg<\/td>\n<\/tr>\n<tr>\n<td>Isoleucina (M\u00edn.)<\/td>\n<td>1.378mg<\/td>\n<\/tr>\n<tr>\n<td>L-Carnitina (M\u00edn.)<\/td>\n<td>10g<\/td>\n<\/tr>\n<tr>\n<td>Leucina (M\u00edn.)<\/td>\n<td>2.801mg<\/td>\n<\/tr>\n<tr>\n<td>Lisina (M\u00edn.)<\/td>\n<td>23,22g<\/td>\n<\/tr>\n<tr>\n<td>Metionina (M\u00edn.)<\/td>\n<td>21,57g<\/td>\n<\/tr>\n<tr>\n<td>Prolina (M\u00edn.)<\/td>\n<td>9.426mg<\/td>\n<\/tr>\n<tr>\n<td>Serina (M\u00edn.)<\/td>\n<td>971mg<\/td>\n<\/tr>\n<tr>\n<td>Tirosina (M\u00edn.)<\/td>\n<td>541mg<\/td>\n<\/tr>\n<tr>\n<td>Treonina (M\u00edn.)<\/td>\n<td>542mg<\/td>\n<\/tr>\n<tr>\n<td>Triptofano (M\u00edn.)<\/td>\n<td>416mg<\/td>\n<\/tr>\n<tr>\n<td>Valina (M\u00edn.)<\/td>\n<td>1.957mg<\/td>\n<\/tr>\n<tr>\n<td><em>Saccharomyces cerevisiae<\/em><\/td>\n<td colspan=\"2\">9\u00d710 9\u00a0UFC<\/td>\n<\/tr>\n<tr>\n<td>C\u00e1lcio (M\u00e1x.)<\/td>\n<td>199,5g<\/td>\n<\/tr>\n<tr>\n<td>\u00a0 \u00a0 \u00a0 \u00a0 \u00a0 \u00a0 (M\u00edn.)<\/td>\n<td>180,5g<\/td>\n<\/tr>\n<tr>\n<td>F\u00f3sforo (M\u00edn.)<\/td>\n<td>104g<\/td>\n<\/tr>\n<tr>\n<td>Iodo (M\u00edn.)<\/td>\n<td>144mg<\/td>\n<\/tr>\n<tr>\n<td>Ferro (M\u00edn.)<\/td>\n<td>2.000mg<\/td>\n<\/tr>\n<tr>\n<td>S\u00f3dio (M\u00edn.)<\/td>\n<td>2.919mg<\/td>\n<\/tr>\n<tr>\n<td>Cobre (M\u00edn.)<\/td>\n<td>600mg<\/td>\n<\/tr>\n<tr>\n<td>Cromo (M\u00edn.)<\/td>\n<td>80mg<\/td>\n<\/tr>\n<tr>\n<td>Enxofre (M\u00edn.)<\/td>\n<td>8.000mg<\/td>\n<\/tr>\n<tr>\n<td>Cobalto (M\u00edn.)<\/td>\n<td>200mg<\/td>\n<\/tr>\n<tr>\n<td>Sel\u00eanio (M\u00edn.)<\/td>\n<td>60mg<\/td>\n<\/tr>\n<tr>\n<td>Magn\u00e9sio (M\u00edn.)<\/td>\n<td>33g<\/td>\n<\/tr>\n<tr>\n<td>Mangan\u00eas (M\u00edn.)<\/td>\n<td>427mg<\/td>\n<\/tr>\n<tr>\n<td>Zinco (M\u00edn.)<\/td>\n<td>3.000mg<\/td>\n<\/tr>\n<\/tbody>\n<\/table>\n<p>Modo de uso:<br \/>\nPara ser adicionado al alimento.<br \/>\nPara ser adicionado ao alimento.<br \/>\nEquinos Mulares y Asnares adultos:<br \/>\nMantenimiento: 40 g\/d\u00eda;<br \/>\nEntrenamiento leve: 60 g\/d\u00eda;<br \/>\nEntrenamiento moderado: 80 g\/d\u00eda;<br \/>\nEntrenamiento intenso: 100 g\/d\u00eda.<br \/>\nPotros y Ponis: 30 g\/d\u00eda<br \/>\nAvestruces adultos: 20 g\/d\u00eda<br \/>\nAvestruces pichones: 5 g\/d\u00eda<br \/>\nSu\u00ednos adultos: 15 g\/d\u00eda<br \/>\nLechones: 5 g\/d\u00eda<br \/>\nPresentaci\u00f3n:<br \/>\nBaldes de 2,5 Kg, 5 Kg, 20 Kg con medida dosificadora.<\/p>\n","protected":false},"excerpt":{"rendered":"<p>Suplemento Vitam\u00ednico mineral amino\u00e1cido para la alimentaci\u00f3n animal<\/p>\n<p align=\"justify\">\n","protected":false},"featured_media":6102,"template":"","meta":{"pgc_sgb_lightbox_settings":""},"product_brand":[],"product_cat":[74],"product_tag":[],"class_list":{"0":"post-6023","1":"product","2":"type-product","3":"status-publish","4":"has-post-thumbnail","6":"product_cat-equinos","8":"first","9":"instock","10":"shipping-taxable","11":"product-type-simple"},"yoast_head":"<!-- This site is optimized with the Yoast SEO plugin v26.1.1 - https:\/\/yoast.com\/wordpress\/plugins\/seo\/ -->\n<title>Aminomix Forte - Vetnil<\/title>\n<meta name=\"robots\" content=\"index, follow, max-snippet:-1, max-image-preview:large, max-video-preview:-1\" \/>\n<link rel=\"canonical\" href=\"https:\/\/sadenir.com.uy\/vetnil\/product\/mature-grain-free\/\" \/>\n<meta property=\"og:locale\" content=\"es_ES\" \/>\n<meta property=\"og:type\" content=\"article\" \/>\n<meta property=\"og:title\" content=\"Aminomix Forte - Vetnil\" \/>\n<meta property=\"og:description\" content=\"Suplemento Vitam\u00ednico mineral amino\u00e1cido para la alimentaci\u00f3n animal\" \/>\n<meta property=\"og:url\" content=\"https:\/\/sadenir.com.uy\/vetnil\/product\/mature-grain-free\/\" \/>\n<meta property=\"og:site_name\" content=\"Vetnil\" \/>\n<meta property=\"article:modified_time\" content=\"2020-09-25T19:36:22+00:00\" \/>\n<meta property=\"og:image\" content=\"https:\/\/sadenir.com.uy\/vetnil\/wp-content\/uploads\/sites\/8\/2020\/09\/aminomix.jpg\" \/>\n\t<meta property=\"og:image:width\" content=\"801\" \/>\n\t<meta property=\"og:image:height\" content=\"800\" \/>\n\t<meta property=\"og:image:type\" content=\"image\/jpeg\" \/>\n<meta name=\"twitter:card\" content=\"summary_large_image\" \/>\n<meta name=\"twitter:label1\" content=\"Tiempo de lectura\" \/>\n\t<meta name=\"twitter:data1\" content=\"3 minutos\" \/>\n<script type=\"application\/ld+json\" class=\"yoast-schema-graph\">{\"@context\":\"https:\/\/schema.org\",\"@graph\":[{\"@type\":\"WebPage\",\"@id\":\"https:\/\/sadenir.com.uy\/vetnil\/product\/mature-grain-free\/\",\"url\":\"https:\/\/sadenir.com.uy\/vetnil\/product\/mature-grain-free\/\",\"name\":\"Aminomix Forte - Vetnil\",\"isPartOf\":{\"@id\":\"https:\/\/sadenir.com.uy\/vetnil\/#website\"},\"primaryImageOfPage\":{\"@id\":\"https:\/\/sadenir.com.uy\/vetnil\/product\/mature-grain-free\/#primaryimage\"},\"image\":{\"@id\":\"https:\/\/sadenir.com.uy\/vetnil\/product\/mature-grain-free\/#primaryimage\"},\"thumbnailUrl\":\"https:\/\/sadenir.com.uy\/vetnil\/wp-content\/uploads\/sites\/8\/2020\/09\/aminomix.jpg\",\"datePublished\":\"2020-09-01T22:02:50+00:00\",\"dateModified\":\"2020-09-25T19:36:22+00:00\",\"breadcrumb\":{\"@id\":\"https:\/\/sadenir.com.uy\/vetnil\/product\/mature-grain-free\/#breadcrumb\"},\"inLanguage\":\"es-AR\",\"potentialAction\":[{\"@type\":\"ReadAction\",\"target\":[\"https:\/\/sadenir.com.uy\/vetnil\/product\/mature-grain-free\/\"]}]},{\"@type\":\"ImageObject\",\"inLanguage\":\"es-AR\",\"@id\":\"https:\/\/sadenir.com.uy\/vetnil\/product\/mature-grain-free\/#primaryimage\",\"url\":\"https:\/\/sadenir.com.uy\/vetnil\/wp-content\/uploads\/sites\/8\/2020\/09\/aminomix.jpg\",\"contentUrl\":\"https:\/\/sadenir.com.uy\/vetnil\/wp-content\/uploads\/sites\/8\/2020\/09\/aminomix.jpg\",\"width\":801,\"height\":800},{\"@type\":\"BreadcrumbList\",\"@id\":\"https:\/\/sadenir.com.uy\/vetnil\/product\/mature-grain-free\/#breadcrumb\",\"itemListElement\":[{\"@type\":\"ListItem\",\"position\":1,\"name\":\"Inicio\",\"item\":\"https:\/\/sadenir.com.uy\/vetnil\/\"},{\"@type\":\"ListItem\",\"position\":2,\"name\":\"Productos\",\"item\":\"https:\/\/sadenir.com.uy\/vetnil\/productos\/\"},{\"@type\":\"ListItem\",\"position\":3,\"name\":\"Aminomix Forte\"}]},{\"@type\":\"WebSite\",\"@id\":\"https:\/\/sadenir.com.uy\/vetnil\/#website\",\"url\":\"https:\/\/sadenir.com.uy\/vetnil\/\",\"name\":\"Vetnil\",\"description\":\"Excelencia en nutrici\u00f3n\",\"potentialAction\":[{\"@type\":\"SearchAction\",\"target\":{\"@type\":\"EntryPoint\",\"urlTemplate\":\"https:\/\/sadenir.com.uy\/vetnil\/?s={search_term_string}\"},\"query-input\":{\"@type\":\"PropertyValueSpecification\",\"valueRequired\":true,\"valueName\":\"search_term_string\"}}],\"inLanguage\":\"es-AR\"}]}<\/script>\n<!-- \/ Yoast SEO plugin. -->","yoast_head_json":{"title":"Aminomix Forte - Vetnil","robots":{"index":"index","follow":"follow","max-snippet":"max-snippet:-1","max-image-preview":"max-image-preview:large","max-video-preview":"max-video-preview:-1"},"canonical":"https:\/\/sadenir.com.uy\/vetnil\/product\/mature-grain-free\/","og_locale":"es_ES","og_type":"article","og_title":"Aminomix Forte - Vetnil","og_description":"Suplemento Vitam\u00ednico mineral amino\u00e1cido para la alimentaci\u00f3n animal","og_url":"https:\/\/sadenir.com.uy\/vetnil\/product\/mature-grain-free\/","og_site_name":"Vetnil","article_modified_time":"2020-09-25T19:36:22+00:00","og_image":[{"width":801,"height":800,"url":"https:\/\/sadenir.com.uy\/vetnil\/wp-content\/uploads\/sites\/8\/2020\/09\/aminomix.jpg","type":"image\/jpeg"}],"twitter_card":"summary_large_image","twitter_misc":{"Tiempo de lectura":"3 minutos"},"schema":{"@context":"https:\/\/schema.org","@graph":[{"@type":"WebPage","@id":"https:\/\/sadenir.com.uy\/vetnil\/product\/mature-grain-free\/","url":"https:\/\/sadenir.com.uy\/vetnil\/product\/mature-grain-free\/","name":"Aminomix Forte - Vetnil","isPartOf":{"@id":"https:\/\/sadenir.com.uy\/vetnil\/#website"},"primaryImageOfPage":{"@id":"https:\/\/sadenir.com.uy\/vetnil\/product\/mature-grain-free\/#primaryimage"},"image":{"@id":"https:\/\/sadenir.com.uy\/vetnil\/product\/mature-grain-free\/#primaryimage"},"thumbnailUrl":"https:\/\/sadenir.com.uy\/vetnil\/wp-content\/uploads\/sites\/8\/2020\/09\/aminomix.jpg","datePublished":"2020-09-01T22:02:50+00:00","dateModified":"2020-09-25T19:36:22+00:00","breadcrumb":{"@id":"https:\/\/sadenir.com.uy\/vetnil\/product\/mature-grain-free\/#breadcrumb"},"inLanguage":"es-AR","potentialAction":[{"@type":"ReadAction","target":["https:\/\/sadenir.com.uy\/vetnil\/product\/mature-grain-free\/"]}]},{"@type":"ImageObject","inLanguage":"es-AR","@id":"https:\/\/sadenir.com.uy\/vetnil\/product\/mature-grain-free\/#primaryimage","url":"https:\/\/sadenir.com.uy\/vetnil\/wp-content\/uploads\/sites\/8\/2020\/09\/aminomix.jpg","contentUrl":"https:\/\/sadenir.com.uy\/vetnil\/wp-content\/uploads\/sites\/8\/2020\/09\/aminomix.jpg","width":801,"height":800},{"@type":"BreadcrumbList","@id":"https:\/\/sadenir.com.uy\/vetnil\/product\/mature-grain-free\/#breadcrumb","itemListElement":[{"@type":"ListItem","position":1,"name":"Inicio","item":"https:\/\/sadenir.com.uy\/vetnil\/"},{"@type":"ListItem","position":2,"name":"Productos","item":"https:\/\/sadenir.com.uy\/vetnil\/productos\/"},{"@type":"ListItem","position":3,"name":"Aminomix Forte"}]},{"@type":"WebSite","@id":"https:\/\/sadenir.com.uy\/vetnil\/#website","url":"https:\/\/sadenir.com.uy\/vetnil\/","name":"Vetnil","description":"Excelencia en nutrici\u00f3n","potentialAction":[{"@type":"SearchAction","target":{"@type":"EntryPoint","urlTemplate":"https:\/\/sadenir.com.uy\/vetnil\/?s={search_term_string}"},"query-input":{"@type":"PropertyValueSpecification","valueRequired":true,"valueName":"search_term_string"}}],"inLanguage":"es-AR"}]}},"_links":{"self":[{"href":"https:\/\/sadenir.com.uy\/vetnil\/wp-json\/wp\/v2\/product\/6023","targetHints":{"allow":["GET"]}}],"collection":[{"href":"https:\/\/sadenir.com.uy\/vetnil\/wp-json\/wp\/v2\/product"}],"about":[{"href":"https:\/\/sadenir.com.uy\/vetnil\/wp-json\/wp\/v2\/types\/product"}],"wp:featuredmedia":[{"embeddable":true,"href":"https:\/\/sadenir.com.uy\/vetnil\/wp-json\/wp\/v2\/media\/6102"}],"wp:attachment":[{"href":"https:\/\/sadenir.com.uy\/vetnil\/wp-json\/wp\/v2\/media?parent=6023"}],"wp:term":[{"taxonomy":"product_brand","embeddable":true,"href":"https:\/\/sadenir.com.uy\/vetnil\/wp-json\/wp\/v2\/product_brand?post=6023"},{"taxonomy":"product_cat","embeddable":true,"href":"https:\/\/sadenir.com.uy\/vetnil\/wp-json\/wp\/v2\/product_cat?post=6023"},{"taxonomy":"product_tag","embeddable":true,"href":"https:\/\/sadenir.com.uy\/vetnil\/wp-json\/wp\/v2\/product_tag?post=6023"}],"curies":[{"name":"wp","href":"https:\/\/api.w.org\/{rel}","templated":true}]}}