{"id":6109,"date":"2020-09-28T19:18:03","date_gmt":"2020-09-28T19:18:03","guid":{"rendered":"https:\/\/sadenir.com.uy\/sadenirNew\/vetnil\/?post_type=product&#038;p=6109"},"modified":"2020-09-28T19:20:43","modified_gmt":"2020-09-28T19:20:43","slug":"electrolitico","status":"publish","type":"product","link":"https:\/\/sadenir.com.uy\/vetnil\/product\/electrolitico\/","title":{"rendered":"Electrol\u00edtico"},"content":{"rendered":"","protected":false},"excerpt":{"rendered":"<p>Suplemento mineral para la alimentaci\u00f3n animal<\/p>\n<p>Auxilia en la r\u00e1pida reposici\u00f3n de electrolitos y en la ganancia de energ\u00eda<\/p>\n<p>Contenido 650g.<\/p>\n<p align=\"justify\">\n","protected":false},"featured_media":6104,"template":"","meta":{"pgc_sgb_lightbox_settings":""},"product_brand":[],"product_cat":[74],"product_tag":[],"class_list":{"0":"post-6109","1":"product","2":"type-product","3":"status-publish","4":"has-post-thumbnail","6":"product_cat-equinos","8":"first","9":"instock","10":"shipping-taxable","11":"product-type-simple"},"yoast_head":"<!-- This site is optimized with the Yoast SEO plugin v26.1.1 - https:\/\/yoast.com\/wordpress\/plugins\/seo\/ -->\n<title>Electrol\u00edtico - Vetnil<\/title>\n<meta name=\"robots\" content=\"index, follow, max-snippet:-1, max-image-preview:large, max-video-preview:-1\" \/>\n<link rel=\"canonical\" href=\"https:\/\/sadenir.com.uy\/vetnil\/product\/electrolitico\/\" \/>\n<meta property=\"og:locale\" content=\"es_ES\" \/>\n<meta property=\"og:type\" content=\"article\" \/>\n<meta property=\"og:title\" content=\"Electrol\u00edtico - Vetnil\" \/>\n<meta property=\"og:description\" content=\"Suplemento mineral para la alimentaci\u00f3n animal  Auxilia en la r\u00e1pida reposici\u00f3n de electrolitos y en la ganancia de energ\u00eda  Contenido 650g.\" \/>\n<meta property=\"og:url\" content=\"https:\/\/sadenir.com.uy\/vetnil\/product\/electrolitico\/\" \/>\n<meta property=\"og:site_name\" content=\"Vetnil\" \/>\n<meta property=\"article:modified_time\" content=\"2020-09-28T19:20:43+00:00\" \/>\n<meta property=\"og:image\" content=\"https:\/\/sadenir.com.uy\/vetnil\/wp-content\/uploads\/sites\/8\/2020\/09\/electrolitico_650.jpg\" \/>\n\t<meta property=\"og:image:width\" content=\"801\" \/>\n\t<meta property=\"og:image:height\" content=\"800\" \/>\n\t<meta property=\"og:image:type\" content=\"image\/jpeg\" \/>\n<meta name=\"twitter:card\" content=\"summary_large_image\" \/>\n<script type=\"application\/ld+json\" class=\"yoast-schema-graph\">{\"@context\":\"https:\/\/schema.org\",\"@graph\":[{\"@type\":\"WebPage\",\"@id\":\"https:\/\/sadenir.com.uy\/vetnil\/product\/electrolitico\/\",\"url\":\"https:\/\/sadenir.com.uy\/vetnil\/product\/electrolitico\/\",\"name\":\"Electrol\u00edtico - Vetnil\",\"isPartOf\":{\"@id\":\"https:\/\/sadenir.com.uy\/vetnil\/#website\"},\"primaryImageOfPage\":{\"@id\":\"https:\/\/sadenir.com.uy\/vetnil\/product\/electrolitico\/#primaryimage\"},\"image\":{\"@id\":\"https:\/\/sadenir.com.uy\/vetnil\/product\/electrolitico\/#primaryimage\"},\"thumbnailUrl\":\"https:\/\/sadenir.com.uy\/vetnil\/wp-content\/uploads\/sites\/8\/2020\/09\/electrolitico_650.jpg\",\"datePublished\":\"2020-09-28T19:18:03+00:00\",\"dateModified\":\"2020-09-28T19:20:43+00:00\",\"breadcrumb\":{\"@id\":\"https:\/\/sadenir.com.uy\/vetnil\/product\/electrolitico\/#breadcrumb\"},\"inLanguage\":\"es-AR\",\"potentialAction\":[{\"@type\":\"ReadAction\",\"target\":[\"https:\/\/sadenir.com.uy\/vetnil\/product\/electrolitico\/\"]}]},{\"@type\":\"ImageObject\",\"inLanguage\":\"es-AR\",\"@id\":\"https:\/\/sadenir.com.uy\/vetnil\/product\/electrolitico\/#primaryimage\",\"url\":\"https:\/\/sadenir.com.uy\/vetnil\/wp-content\/uploads\/sites\/8\/2020\/09\/electrolitico_650.jpg\",\"contentUrl\":\"https:\/\/sadenir.com.uy\/vetnil\/wp-content\/uploads\/sites\/8\/2020\/09\/electrolitico_650.jpg\",\"width\":801,\"height\":800},{\"@type\":\"BreadcrumbList\",\"@id\":\"https:\/\/sadenir.com.uy\/vetnil\/product\/electrolitico\/#breadcrumb\",\"itemListElement\":[{\"@type\":\"ListItem\",\"position\":1,\"name\":\"Inicio\",\"item\":\"https:\/\/sadenir.com.uy\/vetnil\/\"},{\"@type\":\"ListItem\",\"position\":2,\"name\":\"Productos\",\"item\":\"https:\/\/sadenir.com.uy\/vetnil\/productos\/\"},{\"@type\":\"ListItem\",\"position\":3,\"name\":\"Electrol\u00edtico\"}]},{\"@type\":\"WebSite\",\"@id\":\"https:\/\/sadenir.com.uy\/vetnil\/#website\",\"url\":\"https:\/\/sadenir.com.uy\/vetnil\/\",\"name\":\"Vetnil\",\"description\":\"Excelencia en nutrici\u00f3n\",\"potentialAction\":[{\"@type\":\"SearchAction\",\"target\":{\"@type\":\"EntryPoint\",\"urlTemplate\":\"https:\/\/sadenir.com.uy\/vetnil\/?s={search_term_string}\"},\"query-input\":{\"@type\":\"PropertyValueSpecification\",\"valueRequired\":true,\"valueName\":\"search_term_string\"}}],\"inLanguage\":\"es-AR\"}]}<\/script>\n<!-- \/ Yoast SEO plugin. -->","yoast_head_json":{"title":"Electrol\u00edtico - Vetnil","robots":{"index":"index","follow":"follow","max-snippet":"max-snippet:-1","max-image-preview":"max-image-preview:large","max-video-preview":"max-video-preview:-1"},"canonical":"https:\/\/sadenir.com.uy\/vetnil\/product\/electrolitico\/","og_locale":"es_ES","og_type":"article","og_title":"Electrol\u00edtico - Vetnil","og_description":"Suplemento mineral para la alimentaci\u00f3n animal  Auxilia en la r\u00e1pida reposici\u00f3n de electrolitos y en la ganancia de energ\u00eda  Contenido 650g.","og_url":"https:\/\/sadenir.com.uy\/vetnil\/product\/electrolitico\/","og_site_name":"Vetnil","article_modified_time":"2020-09-28T19:20:43+00:00","og_image":[{"width":801,"height":800,"url":"https:\/\/sadenir.com.uy\/vetnil\/wp-content\/uploads\/sites\/8\/2020\/09\/electrolitico_650.jpg","type":"image\/jpeg"}],"twitter_card":"summary_large_image","schema":{"@context":"https:\/\/schema.org","@graph":[{"@type":"WebPage","@id":"https:\/\/sadenir.com.uy\/vetnil\/product\/electrolitico\/","url":"https:\/\/sadenir.com.uy\/vetnil\/product\/electrolitico\/","name":"Electrol\u00edtico - Vetnil","isPartOf":{"@id":"https:\/\/sadenir.com.uy\/vetnil\/#website"},"primaryImageOfPage":{"@id":"https:\/\/sadenir.com.uy\/vetnil\/product\/electrolitico\/#primaryimage"},"image":{"@id":"https:\/\/sadenir.com.uy\/vetnil\/product\/electrolitico\/#primaryimage"},"thumbnailUrl":"https:\/\/sadenir.com.uy\/vetnil\/wp-content\/uploads\/sites\/8\/2020\/09\/electrolitico_650.jpg","datePublished":"2020-09-28T19:18:03+00:00","dateModified":"2020-09-28T19:20:43+00:00","breadcrumb":{"@id":"https:\/\/sadenir.com.uy\/vetnil\/product\/electrolitico\/#breadcrumb"},"inLanguage":"es-AR","potentialAction":[{"@type":"ReadAction","target":["https:\/\/sadenir.com.uy\/vetnil\/product\/electrolitico\/"]}]},{"@type":"ImageObject","inLanguage":"es-AR","@id":"https:\/\/sadenir.com.uy\/vetnil\/product\/electrolitico\/#primaryimage","url":"https:\/\/sadenir.com.uy\/vetnil\/wp-content\/uploads\/sites\/8\/2020\/09\/electrolitico_650.jpg","contentUrl":"https:\/\/sadenir.com.uy\/vetnil\/wp-content\/uploads\/sites\/8\/2020\/09\/electrolitico_650.jpg","width":801,"height":800},{"@type":"BreadcrumbList","@id":"https:\/\/sadenir.com.uy\/vetnil\/product\/electrolitico\/#breadcrumb","itemListElement":[{"@type":"ListItem","position":1,"name":"Inicio","item":"https:\/\/sadenir.com.uy\/vetnil\/"},{"@type":"ListItem","position":2,"name":"Productos","item":"https:\/\/sadenir.com.uy\/vetnil\/productos\/"},{"@type":"ListItem","position":3,"name":"Electrol\u00edtico"}]},{"@type":"WebSite","@id":"https:\/\/sadenir.com.uy\/vetnil\/#website","url":"https:\/\/sadenir.com.uy\/vetnil\/","name":"Vetnil","description":"Excelencia en nutrici\u00f3n","potentialAction":[{"@type":"SearchAction","target":{"@type":"EntryPoint","urlTemplate":"https:\/\/sadenir.com.uy\/vetnil\/?s={search_term_string}"},"query-input":{"@type":"PropertyValueSpecification","valueRequired":true,"valueName":"search_term_string"}}],"inLanguage":"es-AR"}]}},"_links":{"self":[{"href":"https:\/\/sadenir.com.uy\/vetnil\/wp-json\/wp\/v2\/product\/6109","targetHints":{"allow":["GET"]}}],"collection":[{"href":"https:\/\/sadenir.com.uy\/vetnil\/wp-json\/wp\/v2\/product"}],"about":[{"href":"https:\/\/sadenir.com.uy\/vetnil\/wp-json\/wp\/v2\/types\/product"}],"wp:featuredmedia":[{"embeddable":true,"href":"https:\/\/sadenir.com.uy\/vetnil\/wp-json\/wp\/v2\/media\/6104"}],"wp:attachment":[{"href":"https:\/\/sadenir.com.uy\/vetnil\/wp-json\/wp\/v2\/media?parent=6109"}],"wp:term":[{"taxonomy":"product_brand","embeddable":true,"href":"https:\/\/sadenir.com.uy\/vetnil\/wp-json\/wp\/v2\/product_brand?post=6109"},{"taxonomy":"product_cat","embeddable":true,"href":"https:\/\/sadenir.com.uy\/vetnil\/wp-json\/wp\/v2\/product_cat?post=6109"},{"taxonomy":"product_tag","embeddable":true,"href":"https:\/\/sadenir.com.uy\/vetnil\/wp-json\/wp\/v2\/product_tag?post=6109"}],"curies":[{"name":"wp","href":"https:\/\/api.w.org\/{rel}","templated":true}]}}