{"id":6110,"date":"2020-09-28T19:19:03","date_gmt":"2020-09-28T19:19:03","guid":{"rendered":"https:\/\/sadenir.com.uy\/sadenirNew\/vetnil\/?post_type=product&#038;p=6110"},"modified":"2020-09-28T19:20:03","modified_gmt":"2020-09-28T19:20:03","slug":"electrolitico-booster","status":"publish","type":"product","link":"https:\/\/sadenir.com.uy\/vetnil\/product\/electrolitico-booster\/","title":{"rendered":"Electrol\u00edtico Booster"},"content":{"rendered":"<h3>Repositor de electrolitos<\/h3>\n<p>Indicaci\u00f3n del producto:<br \/>\nEletrol\u00edtico es una composici\u00f3n rehidratante, perfectamente equilibrada para la reposici\u00f3n oral r\u00e1pida de electrolitos perdidos.<br \/>\nIndicado para Equinos, Mulares, Asnales, Su\u00edonos, Caprinos y Ovinos<br \/>\nNiveles de garant\u00eda por Kg de producto:<br \/>\nMaltodextrina\u2026\u2026\u2026..30 g<br \/>\nCalcio\u2026\u2026\u2026\u2026\u2026\u20267,2 g<br \/>\nSodio\u2026\u2026\u2026\u2026\u2026\u2026.160 g<br \/>\nGlicina \u2026\u2026\u2026\u2026\u2026.30 g<br \/>\nPotasio \u2026\u2026\u2026\u2026\u2026.52,44 g<br \/>\nCloro \u2026\u2026\u2026\u2026\u2026.322,29 g<br \/>\nMagnesio \u2026\u2026\u2026\u2026.8,5 g<br \/>\nFOS \u2026\u2026\u2026\u2026\u2026\u2026\u202610 g<br \/>\nVeh\u00edculo q.s.p. \u2026\u2026\u20261.000 g<\/p>\n<p>Modo de uso:<br \/>\nPara ser usado por v\u00eda oral. Equinos, Mulares, Asnales, Su\u00ednos Caprinos y Ovinos: administrar 5 g de producto por cada 100 Kg de peso corporal. La administraci\u00f3n de Eletrol\u00edtico debe ser hecha de 4 a 6 horas antes de ejercicio f\u00edsico o de acuerdo con las necesidades electrol\u00edticas del animal con condici\u00f3n nutricional inadecuada. La misma dosis podr\u00e1 ser repetida durante y despu\u00e9s del ejercicio f\u00edsico. Dejar agua a disposici\u00f3n de los animales durante y despu\u00e9s de la utilizaci\u00f3n del producto.<br \/>\nPresentaci\u00f3n:<br \/>\nJeringas de 50 g sabor zanahoria.<\/p>\n","protected":false},"excerpt":{"rendered":"<p>Suplemento Vitam\u00ednico mineral amino\u00e1cido para\u00a0la alimentaci\u00f3n animal<\/p>\n<p>2 veces m\u00e1s energ\u00eda<\/p>\n<p align=\"justify\">\n","protected":false},"featured_media":6105,"template":"","meta":{"pgc_sgb_lightbox_settings":""},"product_brand":[],"product_cat":[74],"product_tag":[],"class_list":{"0":"post-6110","1":"product","2":"type-product","3":"status-publish","4":"has-post-thumbnail","6":"product_cat-equinos","8":"first","9":"instock","10":"shipping-taxable","11":"product-type-simple"},"yoast_head":"<!-- This site is optimized with the Yoast SEO plugin v26.1.1 - https:\/\/yoast.com\/wordpress\/plugins\/seo\/ -->\n<title>Electrol\u00edtico Booster - Vetnil<\/title>\n<meta name=\"robots\" content=\"index, follow, max-snippet:-1, max-image-preview:large, max-video-preview:-1\" \/>\n<link rel=\"canonical\" href=\"https:\/\/sadenir.com.uy\/vetnil\/product\/electrolitico-booster\/\" \/>\n<meta property=\"og:locale\" content=\"es_ES\" \/>\n<meta property=\"og:type\" content=\"article\" \/>\n<meta property=\"og:title\" content=\"Electrol\u00edtico Booster - Vetnil\" \/>\n<meta property=\"og:description\" content=\"Suplemento Vitam\u00ednico mineral amino\u00e1cido para\u00a0la alimentaci\u00f3n animal  2 veces m\u00e1s energ\u00eda\" \/>\n<meta property=\"og:url\" content=\"https:\/\/sadenir.com.uy\/vetnil\/product\/electrolitico-booster\/\" \/>\n<meta property=\"og:site_name\" content=\"Vetnil\" \/>\n<meta property=\"article:modified_time\" content=\"2020-09-28T19:20:03+00:00\" \/>\n<meta property=\"og:image\" content=\"https:\/\/sadenir.com.uy\/vetnil\/wp-content\/uploads\/sites\/8\/2020\/09\/electrolitico.jpg\" \/>\n\t<meta property=\"og:image:width\" content=\"801\" \/>\n\t<meta property=\"og:image:height\" content=\"800\" \/>\n\t<meta property=\"og:image:type\" content=\"image\/jpeg\" \/>\n<meta name=\"twitter:card\" content=\"summary_large_image\" \/>\n<meta name=\"twitter:label1\" content=\"Tiempo de lectura\" \/>\n\t<meta name=\"twitter:data1\" content=\"1 minuto\" \/>\n<script type=\"application\/ld+json\" class=\"yoast-schema-graph\">{\"@context\":\"https:\/\/schema.org\",\"@graph\":[{\"@type\":\"WebPage\",\"@id\":\"https:\/\/sadenir.com.uy\/vetnil\/product\/electrolitico-booster\/\",\"url\":\"https:\/\/sadenir.com.uy\/vetnil\/product\/electrolitico-booster\/\",\"name\":\"Electrol\u00edtico Booster - Vetnil\",\"isPartOf\":{\"@id\":\"https:\/\/sadenir.com.uy\/vetnil\/#website\"},\"primaryImageOfPage\":{\"@id\":\"https:\/\/sadenir.com.uy\/vetnil\/product\/electrolitico-booster\/#primaryimage\"},\"image\":{\"@id\":\"https:\/\/sadenir.com.uy\/vetnil\/product\/electrolitico-booster\/#primaryimage\"},\"thumbnailUrl\":\"https:\/\/sadenir.com.uy\/vetnil\/wp-content\/uploads\/sites\/8\/2020\/09\/electrolitico.jpg\",\"datePublished\":\"2020-09-28T19:19:03+00:00\",\"dateModified\":\"2020-09-28T19:20:03+00:00\",\"breadcrumb\":{\"@id\":\"https:\/\/sadenir.com.uy\/vetnil\/product\/electrolitico-booster\/#breadcrumb\"},\"inLanguage\":\"es-AR\",\"potentialAction\":[{\"@type\":\"ReadAction\",\"target\":[\"https:\/\/sadenir.com.uy\/vetnil\/product\/electrolitico-booster\/\"]}]},{\"@type\":\"ImageObject\",\"inLanguage\":\"es-AR\",\"@id\":\"https:\/\/sadenir.com.uy\/vetnil\/product\/electrolitico-booster\/#primaryimage\",\"url\":\"https:\/\/sadenir.com.uy\/vetnil\/wp-content\/uploads\/sites\/8\/2020\/09\/electrolitico.jpg\",\"contentUrl\":\"https:\/\/sadenir.com.uy\/vetnil\/wp-content\/uploads\/sites\/8\/2020\/09\/electrolitico.jpg\",\"width\":801,\"height\":800},{\"@type\":\"BreadcrumbList\",\"@id\":\"https:\/\/sadenir.com.uy\/vetnil\/product\/electrolitico-booster\/#breadcrumb\",\"itemListElement\":[{\"@type\":\"ListItem\",\"position\":1,\"name\":\"Inicio\",\"item\":\"https:\/\/sadenir.com.uy\/vetnil\/\"},{\"@type\":\"ListItem\",\"position\":2,\"name\":\"Productos\",\"item\":\"https:\/\/sadenir.com.uy\/vetnil\/productos\/\"},{\"@type\":\"ListItem\",\"position\":3,\"name\":\"Electrol\u00edtico Booster\"}]},{\"@type\":\"WebSite\",\"@id\":\"https:\/\/sadenir.com.uy\/vetnil\/#website\",\"url\":\"https:\/\/sadenir.com.uy\/vetnil\/\",\"name\":\"Vetnil\",\"description\":\"Excelencia en nutrici\u00f3n\",\"potentialAction\":[{\"@type\":\"SearchAction\",\"target\":{\"@type\":\"EntryPoint\",\"urlTemplate\":\"https:\/\/sadenir.com.uy\/vetnil\/?s={search_term_string}\"},\"query-input\":{\"@type\":\"PropertyValueSpecification\",\"valueRequired\":true,\"valueName\":\"search_term_string\"}}],\"inLanguage\":\"es-AR\"}]}<\/script>\n<!-- \/ Yoast SEO plugin. -->","yoast_head_json":{"title":"Electrol\u00edtico Booster - Vetnil","robots":{"index":"index","follow":"follow","max-snippet":"max-snippet:-1","max-image-preview":"max-image-preview:large","max-video-preview":"max-video-preview:-1"},"canonical":"https:\/\/sadenir.com.uy\/vetnil\/product\/electrolitico-booster\/","og_locale":"es_ES","og_type":"article","og_title":"Electrol\u00edtico Booster - Vetnil","og_description":"Suplemento Vitam\u00ednico mineral amino\u00e1cido para\u00a0la alimentaci\u00f3n animal  2 veces m\u00e1s energ\u00eda","og_url":"https:\/\/sadenir.com.uy\/vetnil\/product\/electrolitico-booster\/","og_site_name":"Vetnil","article_modified_time":"2020-09-28T19:20:03+00:00","og_image":[{"width":801,"height":800,"url":"https:\/\/sadenir.com.uy\/vetnil\/wp-content\/uploads\/sites\/8\/2020\/09\/electrolitico.jpg","type":"image\/jpeg"}],"twitter_card":"summary_large_image","twitter_misc":{"Tiempo de lectura":"1 minuto"},"schema":{"@context":"https:\/\/schema.org","@graph":[{"@type":"WebPage","@id":"https:\/\/sadenir.com.uy\/vetnil\/product\/electrolitico-booster\/","url":"https:\/\/sadenir.com.uy\/vetnil\/product\/electrolitico-booster\/","name":"Electrol\u00edtico Booster - Vetnil","isPartOf":{"@id":"https:\/\/sadenir.com.uy\/vetnil\/#website"},"primaryImageOfPage":{"@id":"https:\/\/sadenir.com.uy\/vetnil\/product\/electrolitico-booster\/#primaryimage"},"image":{"@id":"https:\/\/sadenir.com.uy\/vetnil\/product\/electrolitico-booster\/#primaryimage"},"thumbnailUrl":"https:\/\/sadenir.com.uy\/vetnil\/wp-content\/uploads\/sites\/8\/2020\/09\/electrolitico.jpg","datePublished":"2020-09-28T19:19:03+00:00","dateModified":"2020-09-28T19:20:03+00:00","breadcrumb":{"@id":"https:\/\/sadenir.com.uy\/vetnil\/product\/electrolitico-booster\/#breadcrumb"},"inLanguage":"es-AR","potentialAction":[{"@type":"ReadAction","target":["https:\/\/sadenir.com.uy\/vetnil\/product\/electrolitico-booster\/"]}]},{"@type":"ImageObject","inLanguage":"es-AR","@id":"https:\/\/sadenir.com.uy\/vetnil\/product\/electrolitico-booster\/#primaryimage","url":"https:\/\/sadenir.com.uy\/vetnil\/wp-content\/uploads\/sites\/8\/2020\/09\/electrolitico.jpg","contentUrl":"https:\/\/sadenir.com.uy\/vetnil\/wp-content\/uploads\/sites\/8\/2020\/09\/electrolitico.jpg","width":801,"height":800},{"@type":"BreadcrumbList","@id":"https:\/\/sadenir.com.uy\/vetnil\/product\/electrolitico-booster\/#breadcrumb","itemListElement":[{"@type":"ListItem","position":1,"name":"Inicio","item":"https:\/\/sadenir.com.uy\/vetnil\/"},{"@type":"ListItem","position":2,"name":"Productos","item":"https:\/\/sadenir.com.uy\/vetnil\/productos\/"},{"@type":"ListItem","position":3,"name":"Electrol\u00edtico Booster"}]},{"@type":"WebSite","@id":"https:\/\/sadenir.com.uy\/vetnil\/#website","url":"https:\/\/sadenir.com.uy\/vetnil\/","name":"Vetnil","description":"Excelencia en nutrici\u00f3n","potentialAction":[{"@type":"SearchAction","target":{"@type":"EntryPoint","urlTemplate":"https:\/\/sadenir.com.uy\/vetnil\/?s={search_term_string}"},"query-input":{"@type":"PropertyValueSpecification","valueRequired":true,"valueName":"search_term_string"}}],"inLanguage":"es-AR"}]}},"_links":{"self":[{"href":"https:\/\/sadenir.com.uy\/vetnil\/wp-json\/wp\/v2\/product\/6110","targetHints":{"allow":["GET"]}}],"collection":[{"href":"https:\/\/sadenir.com.uy\/vetnil\/wp-json\/wp\/v2\/product"}],"about":[{"href":"https:\/\/sadenir.com.uy\/vetnil\/wp-json\/wp\/v2\/types\/product"}],"wp:featuredmedia":[{"embeddable":true,"href":"https:\/\/sadenir.com.uy\/vetnil\/wp-json\/wp\/v2\/media\/6105"}],"wp:attachment":[{"href":"https:\/\/sadenir.com.uy\/vetnil\/wp-json\/wp\/v2\/media?parent=6110"}],"wp:term":[{"taxonomy":"product_brand","embeddable":true,"href":"https:\/\/sadenir.com.uy\/vetnil\/wp-json\/wp\/v2\/product_brand?post=6110"},{"taxonomy":"product_cat","embeddable":true,"href":"https:\/\/sadenir.com.uy\/vetnil\/wp-json\/wp\/v2\/product_cat?post=6110"},{"taxonomy":"product_tag","embeddable":true,"href":"https:\/\/sadenir.com.uy\/vetnil\/wp-json\/wp\/v2\/product_tag?post=6110"}],"curies":[{"name":"wp","href":"https:\/\/api.w.org\/{rel}","templated":true}]}}