{"id":6113,"date":"2020-09-28T19:23:47","date_gmt":"2020-09-28T19:23:47","guid":{"rendered":"https:\/\/sadenir.com.uy\/sadenirNew\/vetnil\/?post_type=product&#038;p=6113"},"modified":"2020-09-28T19:25:09","modified_gmt":"2020-09-28T19:25:09","slug":"gilcopan-energy","status":"publish","type":"product","link":"https:\/\/sadenir.com.uy\/vetnil\/product\/gilcopan-energy\/","title":{"rendered":"Gilcopan Energy"},"content":{"rendered":"<p>Indicaci\u00f3n del producto:<br \/>\nGlicopan Energy combina 22 Amino\u00e1cidos de r\u00e1pida asimilaci\u00f3n y Glucosa, ayudando en el est\u00edmulo del apetito y de aumento de masa corporal.<br \/>\nLa suplementaci\u00f3n de amino\u00e1cidos y energ\u00eda para equinos, mulares, asnales, bovinos, b\u00fafalos, ovinos, caprinos y su\u00ednos. Ayuda en la recuperaci\u00f3n f\u00edsica, aumento de peso y mejora de la performance atl\u00e9tica.<br \/>\nNiveles de garant\u00eda por Kg de producto:<\/p>\n<p><img decoding=\"async\" src=\"http:\/\/sadenir.com.uy\/wp-content\/uploads\/2018\/02\/cuadro-gilcopan.jpg\" \/><\/p>\n<p>Modo de uso:<br \/>\nPara ser usado por v\u00eda oral.<br \/>\nEquinos, Mulares y Asnales adultos: 25 mL dos veces al d\u00eda.<br \/>\nBovinos y B\u00fafalos adultos: 25 mL dos veces al d\u00eda.<br \/>\nPotros A\u00f1ojos y Ceb\u00faes: 15 mL dos veces al d\u00eda.<br \/>\nPotros, Ponis y Becerros: 10 mL dos veces al d\u00eda.<br \/>\nOvinos, Caprinos y Avestruces adultos: 10 mL dos veces al d\u00eda.<br \/>\nCorderos, Cabritos y Pichones de Avestruces: 2 mL dos veces al d\u00eda.<br \/>\nSu\u00ednos adultos: 5 mL dos veces al d\u00eda.<br \/>\nLechones: 1 mL dos veces al d\u00eda.<br \/>\nPresentaci\u00f3n:<br \/>\nFrasco dosificador de 1 L y recarga de 5 L.<\/p>\n","protected":false},"excerpt":{"rendered":"<p>Suplemento Amino\u00e1cido para la alimentaci\u00f3n Animal<\/p>\n<h3>Respuesta r\u00e1pida con Glicina, Lisina, Colina, Beta\u00edna y Carnitina<\/h3>\n","protected":false},"featured_media":6092,"template":"","meta":{"pgc_sgb_lightbox_settings":""},"product_brand":[],"product_cat":[74],"product_tag":[],"class_list":{"0":"post-6113","1":"product","2":"type-product","3":"status-publish","4":"has-post-thumbnail","6":"product_cat-equinos","8":"first","9":"instock","10":"shipping-taxable","11":"product-type-simple"},"yoast_head":"<!-- This site is optimized with the Yoast SEO plugin v26.1.1 - https:\/\/yoast.com\/wordpress\/plugins\/seo\/ -->\n<title>Gilcopan Energy - Vetnil<\/title>\n<meta name=\"robots\" content=\"index, follow, max-snippet:-1, max-image-preview:large, max-video-preview:-1\" \/>\n<link rel=\"canonical\" href=\"https:\/\/sadenir.com.uy\/vetnil\/product\/gilcopan-energy\/\" \/>\n<meta property=\"og:locale\" content=\"es_ES\" \/>\n<meta property=\"og:type\" content=\"article\" \/>\n<meta property=\"og:title\" content=\"Gilcopan Energy - Vetnil\" \/>\n<meta property=\"og:description\" content=\"Suplemento Amino\u00e1cido para la alimentaci\u00f3n Animal Respuesta r\u00e1pida con Glicina, Lisina, Colina, Beta\u00edna y Carnitina\" \/>\n<meta property=\"og:url\" content=\"https:\/\/sadenir.com.uy\/vetnil\/product\/gilcopan-energy\/\" \/>\n<meta property=\"og:site_name\" content=\"Vetnil\" \/>\n<meta property=\"article:modified_time\" content=\"2020-09-28T19:25:09+00:00\" \/>\n<meta property=\"og:image\" content=\"https:\/\/sadenir.com.uy\/vetnil\/wp-content\/uploads\/sites\/8\/2020\/09\/gilcopan.jpg\" \/>\n\t<meta property=\"og:image:width\" content=\"801\" \/>\n\t<meta property=\"og:image:height\" content=\"800\" \/>\n\t<meta property=\"og:image:type\" content=\"image\/jpeg\" \/>\n<meta name=\"twitter:card\" content=\"summary_large_image\" \/>\n<meta name=\"twitter:label1\" content=\"Tiempo de lectura\" \/>\n\t<meta name=\"twitter:data1\" content=\"1 minuto\" \/>\n<script type=\"application\/ld+json\" class=\"yoast-schema-graph\">{\"@context\":\"https:\/\/schema.org\",\"@graph\":[{\"@type\":\"WebPage\",\"@id\":\"https:\/\/sadenir.com.uy\/vetnil\/product\/gilcopan-energy\/\",\"url\":\"https:\/\/sadenir.com.uy\/vetnil\/product\/gilcopan-energy\/\",\"name\":\"Gilcopan Energy - Vetnil\",\"isPartOf\":{\"@id\":\"https:\/\/sadenir.com.uy\/vetnil\/#website\"},\"primaryImageOfPage\":{\"@id\":\"https:\/\/sadenir.com.uy\/vetnil\/product\/gilcopan-energy\/#primaryimage\"},\"image\":{\"@id\":\"https:\/\/sadenir.com.uy\/vetnil\/product\/gilcopan-energy\/#primaryimage\"},\"thumbnailUrl\":\"https:\/\/sadenir.com.uy\/vetnil\/wp-content\/uploads\/sites\/8\/2020\/09\/gilcopan.jpg\",\"datePublished\":\"2020-09-28T19:23:47+00:00\",\"dateModified\":\"2020-09-28T19:25:09+00:00\",\"breadcrumb\":{\"@id\":\"https:\/\/sadenir.com.uy\/vetnil\/product\/gilcopan-energy\/#breadcrumb\"},\"inLanguage\":\"es-AR\",\"potentialAction\":[{\"@type\":\"ReadAction\",\"target\":[\"https:\/\/sadenir.com.uy\/vetnil\/product\/gilcopan-energy\/\"]}]},{\"@type\":\"ImageObject\",\"inLanguage\":\"es-AR\",\"@id\":\"https:\/\/sadenir.com.uy\/vetnil\/product\/gilcopan-energy\/#primaryimage\",\"url\":\"https:\/\/sadenir.com.uy\/vetnil\/wp-content\/uploads\/sites\/8\/2020\/09\/gilcopan.jpg\",\"contentUrl\":\"https:\/\/sadenir.com.uy\/vetnil\/wp-content\/uploads\/sites\/8\/2020\/09\/gilcopan.jpg\",\"width\":801,\"height\":800},{\"@type\":\"BreadcrumbList\",\"@id\":\"https:\/\/sadenir.com.uy\/vetnil\/product\/gilcopan-energy\/#breadcrumb\",\"itemListElement\":[{\"@type\":\"ListItem\",\"position\":1,\"name\":\"Inicio\",\"item\":\"https:\/\/sadenir.com.uy\/vetnil\/\"},{\"@type\":\"ListItem\",\"position\":2,\"name\":\"Productos\",\"item\":\"https:\/\/sadenir.com.uy\/vetnil\/productos\/\"},{\"@type\":\"ListItem\",\"position\":3,\"name\":\"Gilcopan Energy\"}]},{\"@type\":\"WebSite\",\"@id\":\"https:\/\/sadenir.com.uy\/vetnil\/#website\",\"url\":\"https:\/\/sadenir.com.uy\/vetnil\/\",\"name\":\"Vetnil\",\"description\":\"Excelencia en nutrici\u00f3n\",\"potentialAction\":[{\"@type\":\"SearchAction\",\"target\":{\"@type\":\"EntryPoint\",\"urlTemplate\":\"https:\/\/sadenir.com.uy\/vetnil\/?s={search_term_string}\"},\"query-input\":{\"@type\":\"PropertyValueSpecification\",\"valueRequired\":true,\"valueName\":\"search_term_string\"}}],\"inLanguage\":\"es-AR\"}]}<\/script>\n<!-- \/ Yoast SEO plugin. -->","yoast_head_json":{"title":"Gilcopan Energy - Vetnil","robots":{"index":"index","follow":"follow","max-snippet":"max-snippet:-1","max-image-preview":"max-image-preview:large","max-video-preview":"max-video-preview:-1"},"canonical":"https:\/\/sadenir.com.uy\/vetnil\/product\/gilcopan-energy\/","og_locale":"es_ES","og_type":"article","og_title":"Gilcopan Energy - Vetnil","og_description":"Suplemento Amino\u00e1cido para la alimentaci\u00f3n Animal Respuesta r\u00e1pida con Glicina, Lisina, Colina, Beta\u00edna y Carnitina","og_url":"https:\/\/sadenir.com.uy\/vetnil\/product\/gilcopan-energy\/","og_site_name":"Vetnil","article_modified_time":"2020-09-28T19:25:09+00:00","og_image":[{"width":801,"height":800,"url":"https:\/\/sadenir.com.uy\/vetnil\/wp-content\/uploads\/sites\/8\/2020\/09\/gilcopan.jpg","type":"image\/jpeg"}],"twitter_card":"summary_large_image","twitter_misc":{"Tiempo de lectura":"1 minuto"},"schema":{"@context":"https:\/\/schema.org","@graph":[{"@type":"WebPage","@id":"https:\/\/sadenir.com.uy\/vetnil\/product\/gilcopan-energy\/","url":"https:\/\/sadenir.com.uy\/vetnil\/product\/gilcopan-energy\/","name":"Gilcopan Energy - Vetnil","isPartOf":{"@id":"https:\/\/sadenir.com.uy\/vetnil\/#website"},"primaryImageOfPage":{"@id":"https:\/\/sadenir.com.uy\/vetnil\/product\/gilcopan-energy\/#primaryimage"},"image":{"@id":"https:\/\/sadenir.com.uy\/vetnil\/product\/gilcopan-energy\/#primaryimage"},"thumbnailUrl":"https:\/\/sadenir.com.uy\/vetnil\/wp-content\/uploads\/sites\/8\/2020\/09\/gilcopan.jpg","datePublished":"2020-09-28T19:23:47+00:00","dateModified":"2020-09-28T19:25:09+00:00","breadcrumb":{"@id":"https:\/\/sadenir.com.uy\/vetnil\/product\/gilcopan-energy\/#breadcrumb"},"inLanguage":"es-AR","potentialAction":[{"@type":"ReadAction","target":["https:\/\/sadenir.com.uy\/vetnil\/product\/gilcopan-energy\/"]}]},{"@type":"ImageObject","inLanguage":"es-AR","@id":"https:\/\/sadenir.com.uy\/vetnil\/product\/gilcopan-energy\/#primaryimage","url":"https:\/\/sadenir.com.uy\/vetnil\/wp-content\/uploads\/sites\/8\/2020\/09\/gilcopan.jpg","contentUrl":"https:\/\/sadenir.com.uy\/vetnil\/wp-content\/uploads\/sites\/8\/2020\/09\/gilcopan.jpg","width":801,"height":800},{"@type":"BreadcrumbList","@id":"https:\/\/sadenir.com.uy\/vetnil\/product\/gilcopan-energy\/#breadcrumb","itemListElement":[{"@type":"ListItem","position":1,"name":"Inicio","item":"https:\/\/sadenir.com.uy\/vetnil\/"},{"@type":"ListItem","position":2,"name":"Productos","item":"https:\/\/sadenir.com.uy\/vetnil\/productos\/"},{"@type":"ListItem","position":3,"name":"Gilcopan Energy"}]},{"@type":"WebSite","@id":"https:\/\/sadenir.com.uy\/vetnil\/#website","url":"https:\/\/sadenir.com.uy\/vetnil\/","name":"Vetnil","description":"Excelencia en nutrici\u00f3n","potentialAction":[{"@type":"SearchAction","target":{"@type":"EntryPoint","urlTemplate":"https:\/\/sadenir.com.uy\/vetnil\/?s={search_term_string}"},"query-input":{"@type":"PropertyValueSpecification","valueRequired":true,"valueName":"search_term_string"}}],"inLanguage":"es-AR"}]}},"_links":{"self":[{"href":"https:\/\/sadenir.com.uy\/vetnil\/wp-json\/wp\/v2\/product\/6113","targetHints":{"allow":["GET"]}}],"collection":[{"href":"https:\/\/sadenir.com.uy\/vetnil\/wp-json\/wp\/v2\/product"}],"about":[{"href":"https:\/\/sadenir.com.uy\/vetnil\/wp-json\/wp\/v2\/types\/product"}],"wp:featuredmedia":[{"embeddable":true,"href":"https:\/\/sadenir.com.uy\/vetnil\/wp-json\/wp\/v2\/media\/6092"}],"wp:attachment":[{"href":"https:\/\/sadenir.com.uy\/vetnil\/wp-json\/wp\/v2\/media?parent=6113"}],"wp:term":[{"taxonomy":"product_brand","embeddable":true,"href":"https:\/\/sadenir.com.uy\/vetnil\/wp-json\/wp\/v2\/product_brand?post=6113"},{"taxonomy":"product_cat","embeddable":true,"href":"https:\/\/sadenir.com.uy\/vetnil\/wp-json\/wp\/v2\/product_cat?post=6113"},{"taxonomy":"product_tag","embeddable":true,"href":"https:\/\/sadenir.com.uy\/vetnil\/wp-json\/wp\/v2\/product_tag?post=6113"}],"curies":[{"name":"wp","href":"https:\/\/api.w.org\/{rel}","templated":true}]}}