{"id":6116,"date":"2020-09-28T19:40:03","date_gmt":"2020-09-28T19:40:03","guid":{"rendered":"https:\/\/sadenir.com.uy\/sadenirNew\/vetnil\/?post_type=product&#038;p=6116"},"modified":"2020-09-28T19:40:36","modified_gmt":"2020-09-28T19:40:36","slug":"gilcopan-pet-30ml","status":"publish","type":"product","link":"https:\/\/sadenir.com.uy\/vetnil\/product\/gilcopan-pet-30ml\/","title":{"rendered":"Gilcopan Pet 30ml."},"content":{"rendered":"<p>Indicaci\u00f3n del producto:<br \/>\nGlicopan Pet combina amino\u00e1cidos de r\u00e1pida asimilaci\u00f3n, vitaminas de Complejo B y Glucosa, propiciando una respuesta r\u00e1pida en la mejora del estado general del animal.<br \/>\nLa suplementaci\u00f3n de amino\u00e1cidos y vitaminas del Complejo B para caninos, felinos, aves, must\u00e9lidos, reptiles y roedores. Auxilia en la mejora del estado general, en casos de animales con estado nutricional inadecuado. Auxilia en el est\u00edmulo del apetito y energ\u00e9tico. Indicado en la preparaci\u00f3n de animales para exposici\u00f3n y animales en entrenamiento.<br \/>\nNiveles de garant\u00eda por Kg de producto:<\/p>\n<p><img decoding=\"async\" src=\"http:\/\/sadenir.com.uy\/wp-content\/uploads\/2018\/02\/cuadro-gilcopans-1.jpg\" \/><\/p>\n<p>Modo de uso:<br \/>\nPara ser usado por v\u00eda oral puro, adicionado al alimento o en el agua de bebida. Caninos, Felinos, Must\u00e9lidos y Reptiles: 0,5 ml por Kg de peso o 7 gotas por Kg de peso, dos veces al d\u00eda (dosis m\u00e1xima diaria: 40 ml) Aves y roedores: 1 ml o 15 gotas, diluido en 100 ml de agua de bebida (10 ml por litro de agua), o 3 a 4 gotas, una vez al d\u00eda, directamente en la boca.<br \/>\nPresentaci\u00f3n:<br \/>\nFrasco cuenta cotas de 30 ml y frascos de 125 ml y 250 ml con jeringa dosificadora.<\/p>\n","protected":false},"excerpt":{"rendered":"<p>Suplemento Vitaminico mineral amino\u00e1cido para la alimentaci\u00f3n animal<\/p>\n<h3>Respuesta r\u00e1pida en la recuperaci\u00f3n con Glicina, Lisina, Colina, Beta\u00edna (Trimetilglicina) y Carnitina<\/h3>\n","protected":false},"featured_media":6091,"template":"","meta":{"pgc_sgb_lightbox_settings":""},"product_brand":[],"product_cat":[75],"product_tag":[],"class_list":{"0":"post-6116","1":"product","2":"type-product","3":"status-publish","4":"has-post-thumbnail","6":"product_cat-pets","8":"first","9":"instock","10":"shipping-taxable","11":"product-type-simple"},"yoast_head":"<!-- This site is optimized with the Yoast SEO plugin v26.1.1 - https:\/\/yoast.com\/wordpress\/plugins\/seo\/ -->\n<title>Gilcopan Pet 30ml. - Vetnil<\/title>\n<meta name=\"robots\" content=\"index, follow, max-snippet:-1, max-image-preview:large, max-video-preview:-1\" \/>\n<link rel=\"canonical\" href=\"https:\/\/sadenir.com.uy\/vetnil\/product\/gilcopan-pet-30ml\/\" \/>\n<meta property=\"og:locale\" content=\"es_ES\" \/>\n<meta property=\"og:type\" content=\"article\" \/>\n<meta property=\"og:title\" content=\"Gilcopan Pet 30ml. - Vetnil\" \/>\n<meta property=\"og:description\" content=\"Suplemento Vitaminico mineral amino\u00e1cido para la alimentaci\u00f3n animal Respuesta r\u00e1pida en la recuperaci\u00f3n con Glicina, Lisina, Colina, Beta\u00edna (Trimetilglicina) y Carnitina\" \/>\n<meta property=\"og:url\" content=\"https:\/\/sadenir.com.uy\/vetnil\/product\/gilcopan-pet-30ml\/\" \/>\n<meta property=\"og:site_name\" content=\"Vetnil\" \/>\n<meta property=\"article:modified_time\" content=\"2020-09-28T19:40:36+00:00\" \/>\n<meta property=\"og:image\" content=\"https:\/\/sadenir.com.uy\/vetnil\/wp-content\/uploads\/sites\/8\/2020\/09\/gilcopan_pet.jpg\" \/>\n\t<meta property=\"og:image:width\" content=\"801\" \/>\n\t<meta property=\"og:image:height\" content=\"800\" \/>\n\t<meta property=\"og:image:type\" content=\"image\/jpeg\" \/>\n<meta name=\"twitter:card\" content=\"summary_large_image\" \/>\n<meta name=\"twitter:label1\" content=\"Tiempo de lectura\" \/>\n\t<meta name=\"twitter:data1\" content=\"1 minuto\" \/>\n<script type=\"application\/ld+json\" class=\"yoast-schema-graph\">{\"@context\":\"https:\/\/schema.org\",\"@graph\":[{\"@type\":\"WebPage\",\"@id\":\"https:\/\/sadenir.com.uy\/vetnil\/product\/gilcopan-pet-30ml\/\",\"url\":\"https:\/\/sadenir.com.uy\/vetnil\/product\/gilcopan-pet-30ml\/\",\"name\":\"Gilcopan Pet 30ml. - Vetnil\",\"isPartOf\":{\"@id\":\"https:\/\/sadenir.com.uy\/vetnil\/#website\"},\"primaryImageOfPage\":{\"@id\":\"https:\/\/sadenir.com.uy\/vetnil\/product\/gilcopan-pet-30ml\/#primaryimage\"},\"image\":{\"@id\":\"https:\/\/sadenir.com.uy\/vetnil\/product\/gilcopan-pet-30ml\/#primaryimage\"},\"thumbnailUrl\":\"https:\/\/sadenir.com.uy\/vetnil\/wp-content\/uploads\/sites\/8\/2020\/09\/gilcopan_pet.jpg\",\"datePublished\":\"2020-09-28T19:40:03+00:00\",\"dateModified\":\"2020-09-28T19:40:36+00:00\",\"breadcrumb\":{\"@id\":\"https:\/\/sadenir.com.uy\/vetnil\/product\/gilcopan-pet-30ml\/#breadcrumb\"},\"inLanguage\":\"es-AR\",\"potentialAction\":[{\"@type\":\"ReadAction\",\"target\":[\"https:\/\/sadenir.com.uy\/vetnil\/product\/gilcopan-pet-30ml\/\"]}]},{\"@type\":\"ImageObject\",\"inLanguage\":\"es-AR\",\"@id\":\"https:\/\/sadenir.com.uy\/vetnil\/product\/gilcopan-pet-30ml\/#primaryimage\",\"url\":\"https:\/\/sadenir.com.uy\/vetnil\/wp-content\/uploads\/sites\/8\/2020\/09\/gilcopan_pet.jpg\",\"contentUrl\":\"https:\/\/sadenir.com.uy\/vetnil\/wp-content\/uploads\/sites\/8\/2020\/09\/gilcopan_pet.jpg\",\"width\":801,\"height\":800},{\"@type\":\"BreadcrumbList\",\"@id\":\"https:\/\/sadenir.com.uy\/vetnil\/product\/gilcopan-pet-30ml\/#breadcrumb\",\"itemListElement\":[{\"@type\":\"ListItem\",\"position\":1,\"name\":\"Inicio\",\"item\":\"https:\/\/sadenir.com.uy\/vetnil\/\"},{\"@type\":\"ListItem\",\"position\":2,\"name\":\"Productos\",\"item\":\"https:\/\/sadenir.com.uy\/vetnil\/productos\/\"},{\"@type\":\"ListItem\",\"position\":3,\"name\":\"Gilcopan Pet 30ml.\"}]},{\"@type\":\"WebSite\",\"@id\":\"https:\/\/sadenir.com.uy\/vetnil\/#website\",\"url\":\"https:\/\/sadenir.com.uy\/vetnil\/\",\"name\":\"Vetnil\",\"description\":\"Excelencia en nutrici\u00f3n\",\"potentialAction\":[{\"@type\":\"SearchAction\",\"target\":{\"@type\":\"EntryPoint\",\"urlTemplate\":\"https:\/\/sadenir.com.uy\/vetnil\/?s={search_term_string}\"},\"query-input\":{\"@type\":\"PropertyValueSpecification\",\"valueRequired\":true,\"valueName\":\"search_term_string\"}}],\"inLanguage\":\"es-AR\"}]}<\/script>\n<!-- \/ Yoast SEO plugin. -->","yoast_head_json":{"title":"Gilcopan Pet 30ml. - Vetnil","robots":{"index":"index","follow":"follow","max-snippet":"max-snippet:-1","max-image-preview":"max-image-preview:large","max-video-preview":"max-video-preview:-1"},"canonical":"https:\/\/sadenir.com.uy\/vetnil\/product\/gilcopan-pet-30ml\/","og_locale":"es_ES","og_type":"article","og_title":"Gilcopan Pet 30ml. - Vetnil","og_description":"Suplemento Vitaminico mineral amino\u00e1cido para la alimentaci\u00f3n animal Respuesta r\u00e1pida en la recuperaci\u00f3n con Glicina, Lisina, Colina, Beta\u00edna (Trimetilglicina) y Carnitina","og_url":"https:\/\/sadenir.com.uy\/vetnil\/product\/gilcopan-pet-30ml\/","og_site_name":"Vetnil","article_modified_time":"2020-09-28T19:40:36+00:00","og_image":[{"width":801,"height":800,"url":"https:\/\/sadenir.com.uy\/vetnil\/wp-content\/uploads\/sites\/8\/2020\/09\/gilcopan_pet.jpg","type":"image\/jpeg"}],"twitter_card":"summary_large_image","twitter_misc":{"Tiempo de lectura":"1 minuto"},"schema":{"@context":"https:\/\/schema.org","@graph":[{"@type":"WebPage","@id":"https:\/\/sadenir.com.uy\/vetnil\/product\/gilcopan-pet-30ml\/","url":"https:\/\/sadenir.com.uy\/vetnil\/product\/gilcopan-pet-30ml\/","name":"Gilcopan Pet 30ml. - Vetnil","isPartOf":{"@id":"https:\/\/sadenir.com.uy\/vetnil\/#website"},"primaryImageOfPage":{"@id":"https:\/\/sadenir.com.uy\/vetnil\/product\/gilcopan-pet-30ml\/#primaryimage"},"image":{"@id":"https:\/\/sadenir.com.uy\/vetnil\/product\/gilcopan-pet-30ml\/#primaryimage"},"thumbnailUrl":"https:\/\/sadenir.com.uy\/vetnil\/wp-content\/uploads\/sites\/8\/2020\/09\/gilcopan_pet.jpg","datePublished":"2020-09-28T19:40:03+00:00","dateModified":"2020-09-28T19:40:36+00:00","breadcrumb":{"@id":"https:\/\/sadenir.com.uy\/vetnil\/product\/gilcopan-pet-30ml\/#breadcrumb"},"inLanguage":"es-AR","potentialAction":[{"@type":"ReadAction","target":["https:\/\/sadenir.com.uy\/vetnil\/product\/gilcopan-pet-30ml\/"]}]},{"@type":"ImageObject","inLanguage":"es-AR","@id":"https:\/\/sadenir.com.uy\/vetnil\/product\/gilcopan-pet-30ml\/#primaryimage","url":"https:\/\/sadenir.com.uy\/vetnil\/wp-content\/uploads\/sites\/8\/2020\/09\/gilcopan_pet.jpg","contentUrl":"https:\/\/sadenir.com.uy\/vetnil\/wp-content\/uploads\/sites\/8\/2020\/09\/gilcopan_pet.jpg","width":801,"height":800},{"@type":"BreadcrumbList","@id":"https:\/\/sadenir.com.uy\/vetnil\/product\/gilcopan-pet-30ml\/#breadcrumb","itemListElement":[{"@type":"ListItem","position":1,"name":"Inicio","item":"https:\/\/sadenir.com.uy\/vetnil\/"},{"@type":"ListItem","position":2,"name":"Productos","item":"https:\/\/sadenir.com.uy\/vetnil\/productos\/"},{"@type":"ListItem","position":3,"name":"Gilcopan Pet 30ml."}]},{"@type":"WebSite","@id":"https:\/\/sadenir.com.uy\/vetnil\/#website","url":"https:\/\/sadenir.com.uy\/vetnil\/","name":"Vetnil","description":"Excelencia en nutrici\u00f3n","potentialAction":[{"@type":"SearchAction","target":{"@type":"EntryPoint","urlTemplate":"https:\/\/sadenir.com.uy\/vetnil\/?s={search_term_string}"},"query-input":{"@type":"PropertyValueSpecification","valueRequired":true,"valueName":"search_term_string"}}],"inLanguage":"es-AR"}]}},"_links":{"self":[{"href":"https:\/\/sadenir.com.uy\/vetnil\/wp-json\/wp\/v2\/product\/6116","targetHints":{"allow":["GET"]}}],"collection":[{"href":"https:\/\/sadenir.com.uy\/vetnil\/wp-json\/wp\/v2\/product"}],"about":[{"href":"https:\/\/sadenir.com.uy\/vetnil\/wp-json\/wp\/v2\/types\/product"}],"wp:featuredmedia":[{"embeddable":true,"href":"https:\/\/sadenir.com.uy\/vetnil\/wp-json\/wp\/v2\/media\/6091"}],"wp:attachment":[{"href":"https:\/\/sadenir.com.uy\/vetnil\/wp-json\/wp\/v2\/media?parent=6116"}],"wp:term":[{"taxonomy":"product_brand","embeddable":true,"href":"https:\/\/sadenir.com.uy\/vetnil\/wp-json\/wp\/v2\/product_brand?post=6116"},{"taxonomy":"product_cat","embeddable":true,"href":"https:\/\/sadenir.com.uy\/vetnil\/wp-json\/wp\/v2\/product_cat?post=6116"},{"taxonomy":"product_tag","embeddable":true,"href":"https:\/\/sadenir.com.uy\/vetnil\/wp-json\/wp\/v2\/product_tag?post=6116"}],"curies":[{"name":"wp","href":"https:\/\/api.w.org\/{rel}","templated":true}]}}