{"id":6121,"date":"2020-09-28T19:47:14","date_gmt":"2020-09-28T19:47:14","guid":{"rendered":"https:\/\/sadenir.com.uy\/sadenirNew\/vetnil\/?post_type=product&#038;p=6121"},"modified":"2020-09-28T19:48:36","modified_gmt":"2020-09-28T19:48:36","slug":"organew-1kg","status":"publish","type":"product","link":"https:\/\/sadenir.com.uy\/vetnil\/product\/organew-1kg\/","title":{"rendered":"Organew 1kg"},"content":{"rendered":"<p>Indicaci\u00f3n del producto:<br \/>\nOrganew re\u00fane en su formulaci\u00f3n Vitaminas, Amino\u00e1cidos, FOS, MOS y Levaduras Vivas. Esta perfecta combinaci\u00f3n auxilia en el desarrollo de una microbiota intestinal saludable, proporcionando una mejora en la digestibilidad de los alimentos, consecuentemente, aumenta la eficiencia alimenticia.<br \/>\nSuplemento, contiene Amino\u00e1cidos, Vitaminas, Levaduras y Prebi\u00f3ticos, indicado para animales en crecimiento, aumento de peso, aumento de performance, est\u00edmulo de apetito, mejora la conversi\u00f3n alimenticia en el desempe\u00f1o reproductivo.<br \/>\nNiveles de garant\u00eda por Kg de producto:<\/p>\n<p><img decoding=\"async\" src=\"http:\/\/sadenir.com.uy\/wp-content\/uploads\/2018\/02\/cuadro-organew-equi.jpg\" \/><\/p>\n<p>Modo de uso:<br \/>\nV\u00eda oral, adicionado con alimento.<br \/>\nEquinos, Mulares y Asnales: 5 a 10g, una vez al d\u00eda.<br \/>\nBovinos y B\u00fafalos: 5 a 10g, una vez al d\u00eda<br \/>\nOvinos, Caprinos y Avestruces: 2,5 a 5 g, una vez al d\u00eda.<br \/>\nSu\u00ednos: 2,5 a 5 g, una vez al d\u00eda, o 1 a 2 g por Kg de raci\u00f3n.<br \/>\nPresentaci\u00f3n:<br \/>\nBolsas metalizadas conteniendo 100 g y 1 Kg de producto con medida dosificadora.<\/p>\n","protected":false},"excerpt":{"rendered":"<p>Suplemento\u00a0Proteico para la alimentaci\u00f3n animal<\/p>\n<h3>Probi\u00f3tico + Prebi\u00f3tico<\/h3>\n<p>&nbsp;<\/p>\n","protected":false},"featured_media":6097,"template":"","meta":{"pgc_sgb_lightbox_settings":""},"product_brand":[],"product_cat":[74],"product_tag":[],"class_list":{"0":"post-6121","1":"product","2":"type-product","3":"status-publish","4":"has-post-thumbnail","6":"product_cat-equinos","8":"first","9":"instock","10":"shipping-taxable","11":"product-type-simple"},"yoast_head":"<!-- This site is optimized with the Yoast SEO plugin v26.1.1 - https:\/\/yoast.com\/wordpress\/plugins\/seo\/ -->\n<title>Organew 1kg - Vetnil<\/title>\n<meta name=\"robots\" content=\"index, follow, max-snippet:-1, max-image-preview:large, max-video-preview:-1\" \/>\n<link rel=\"canonical\" href=\"https:\/\/sadenir.com.uy\/vetnil\/product\/organew-1kg\/\" \/>\n<meta property=\"og:locale\" content=\"es_ES\" \/>\n<meta property=\"og:type\" content=\"article\" \/>\n<meta property=\"og:title\" content=\"Organew 1kg - Vetnil\" \/>\n<meta property=\"og:description\" content=\"Suplemento\u00a0Proteico para la alimentaci\u00f3n animal Probi\u00f3tico + Prebi\u00f3tico &nbsp;\" \/>\n<meta property=\"og:url\" content=\"https:\/\/sadenir.com.uy\/vetnil\/product\/organew-1kg\/\" \/>\n<meta property=\"og:site_name\" content=\"Vetnil\" \/>\n<meta property=\"article:modified_time\" content=\"2020-09-28T19:48:36+00:00\" \/>\n<meta property=\"og:image\" content=\"https:\/\/sadenir.com.uy\/vetnil\/wp-content\/uploads\/sites\/8\/2020\/09\/organew.jpg\" \/>\n\t<meta property=\"og:image:width\" content=\"801\" \/>\n\t<meta property=\"og:image:height\" content=\"800\" \/>\n\t<meta property=\"og:image:type\" content=\"image\/jpeg\" \/>\n<meta name=\"twitter:card\" content=\"summary_large_image\" \/>\n<meta name=\"twitter:label1\" content=\"Tiempo de lectura\" \/>\n\t<meta name=\"twitter:data1\" content=\"1 minuto\" \/>\n<script type=\"application\/ld+json\" class=\"yoast-schema-graph\">{\"@context\":\"https:\/\/schema.org\",\"@graph\":[{\"@type\":\"WebPage\",\"@id\":\"https:\/\/sadenir.com.uy\/vetnil\/product\/organew-1kg\/\",\"url\":\"https:\/\/sadenir.com.uy\/vetnil\/product\/organew-1kg\/\",\"name\":\"Organew 1kg - Vetnil\",\"isPartOf\":{\"@id\":\"https:\/\/sadenir.com.uy\/vetnil\/#website\"},\"primaryImageOfPage\":{\"@id\":\"https:\/\/sadenir.com.uy\/vetnil\/product\/organew-1kg\/#primaryimage\"},\"image\":{\"@id\":\"https:\/\/sadenir.com.uy\/vetnil\/product\/organew-1kg\/#primaryimage\"},\"thumbnailUrl\":\"https:\/\/sadenir.com.uy\/vetnil\/wp-content\/uploads\/sites\/8\/2020\/09\/organew.jpg\",\"datePublished\":\"2020-09-28T19:47:14+00:00\",\"dateModified\":\"2020-09-28T19:48:36+00:00\",\"breadcrumb\":{\"@id\":\"https:\/\/sadenir.com.uy\/vetnil\/product\/organew-1kg\/#breadcrumb\"},\"inLanguage\":\"es-AR\",\"potentialAction\":[{\"@type\":\"ReadAction\",\"target\":[\"https:\/\/sadenir.com.uy\/vetnil\/product\/organew-1kg\/\"]}]},{\"@type\":\"ImageObject\",\"inLanguage\":\"es-AR\",\"@id\":\"https:\/\/sadenir.com.uy\/vetnil\/product\/organew-1kg\/#primaryimage\",\"url\":\"https:\/\/sadenir.com.uy\/vetnil\/wp-content\/uploads\/sites\/8\/2020\/09\/organew.jpg\",\"contentUrl\":\"https:\/\/sadenir.com.uy\/vetnil\/wp-content\/uploads\/sites\/8\/2020\/09\/organew.jpg\",\"width\":801,\"height\":800},{\"@type\":\"BreadcrumbList\",\"@id\":\"https:\/\/sadenir.com.uy\/vetnil\/product\/organew-1kg\/#breadcrumb\",\"itemListElement\":[{\"@type\":\"ListItem\",\"position\":1,\"name\":\"Inicio\",\"item\":\"https:\/\/sadenir.com.uy\/vetnil\/\"},{\"@type\":\"ListItem\",\"position\":2,\"name\":\"Productos\",\"item\":\"https:\/\/sadenir.com.uy\/vetnil\/productos\/\"},{\"@type\":\"ListItem\",\"position\":3,\"name\":\"Organew 1kg\"}]},{\"@type\":\"WebSite\",\"@id\":\"https:\/\/sadenir.com.uy\/vetnil\/#website\",\"url\":\"https:\/\/sadenir.com.uy\/vetnil\/\",\"name\":\"Vetnil\",\"description\":\"Excelencia en nutrici\u00f3n\",\"potentialAction\":[{\"@type\":\"SearchAction\",\"target\":{\"@type\":\"EntryPoint\",\"urlTemplate\":\"https:\/\/sadenir.com.uy\/vetnil\/?s={search_term_string}\"},\"query-input\":{\"@type\":\"PropertyValueSpecification\",\"valueRequired\":true,\"valueName\":\"search_term_string\"}}],\"inLanguage\":\"es-AR\"}]}<\/script>\n<!-- \/ Yoast SEO plugin. -->","yoast_head_json":{"title":"Organew 1kg - Vetnil","robots":{"index":"index","follow":"follow","max-snippet":"max-snippet:-1","max-image-preview":"max-image-preview:large","max-video-preview":"max-video-preview:-1"},"canonical":"https:\/\/sadenir.com.uy\/vetnil\/product\/organew-1kg\/","og_locale":"es_ES","og_type":"article","og_title":"Organew 1kg - Vetnil","og_description":"Suplemento\u00a0Proteico para la alimentaci\u00f3n animal Probi\u00f3tico + Prebi\u00f3tico &nbsp;","og_url":"https:\/\/sadenir.com.uy\/vetnil\/product\/organew-1kg\/","og_site_name":"Vetnil","article_modified_time":"2020-09-28T19:48:36+00:00","og_image":[{"width":801,"height":800,"url":"https:\/\/sadenir.com.uy\/vetnil\/wp-content\/uploads\/sites\/8\/2020\/09\/organew.jpg","type":"image\/jpeg"}],"twitter_card":"summary_large_image","twitter_misc":{"Tiempo de lectura":"1 minuto"},"schema":{"@context":"https:\/\/schema.org","@graph":[{"@type":"WebPage","@id":"https:\/\/sadenir.com.uy\/vetnil\/product\/organew-1kg\/","url":"https:\/\/sadenir.com.uy\/vetnil\/product\/organew-1kg\/","name":"Organew 1kg - Vetnil","isPartOf":{"@id":"https:\/\/sadenir.com.uy\/vetnil\/#website"},"primaryImageOfPage":{"@id":"https:\/\/sadenir.com.uy\/vetnil\/product\/organew-1kg\/#primaryimage"},"image":{"@id":"https:\/\/sadenir.com.uy\/vetnil\/product\/organew-1kg\/#primaryimage"},"thumbnailUrl":"https:\/\/sadenir.com.uy\/vetnil\/wp-content\/uploads\/sites\/8\/2020\/09\/organew.jpg","datePublished":"2020-09-28T19:47:14+00:00","dateModified":"2020-09-28T19:48:36+00:00","breadcrumb":{"@id":"https:\/\/sadenir.com.uy\/vetnil\/product\/organew-1kg\/#breadcrumb"},"inLanguage":"es-AR","potentialAction":[{"@type":"ReadAction","target":["https:\/\/sadenir.com.uy\/vetnil\/product\/organew-1kg\/"]}]},{"@type":"ImageObject","inLanguage":"es-AR","@id":"https:\/\/sadenir.com.uy\/vetnil\/product\/organew-1kg\/#primaryimage","url":"https:\/\/sadenir.com.uy\/vetnil\/wp-content\/uploads\/sites\/8\/2020\/09\/organew.jpg","contentUrl":"https:\/\/sadenir.com.uy\/vetnil\/wp-content\/uploads\/sites\/8\/2020\/09\/organew.jpg","width":801,"height":800},{"@type":"BreadcrumbList","@id":"https:\/\/sadenir.com.uy\/vetnil\/product\/organew-1kg\/#breadcrumb","itemListElement":[{"@type":"ListItem","position":1,"name":"Inicio","item":"https:\/\/sadenir.com.uy\/vetnil\/"},{"@type":"ListItem","position":2,"name":"Productos","item":"https:\/\/sadenir.com.uy\/vetnil\/productos\/"},{"@type":"ListItem","position":3,"name":"Organew 1kg"}]},{"@type":"WebSite","@id":"https:\/\/sadenir.com.uy\/vetnil\/#website","url":"https:\/\/sadenir.com.uy\/vetnil\/","name":"Vetnil","description":"Excelencia en nutrici\u00f3n","potentialAction":[{"@type":"SearchAction","target":{"@type":"EntryPoint","urlTemplate":"https:\/\/sadenir.com.uy\/vetnil\/?s={search_term_string}"},"query-input":{"@type":"PropertyValueSpecification","valueRequired":true,"valueName":"search_term_string"}}],"inLanguage":"es-AR"}]}},"_links":{"self":[{"href":"https:\/\/sadenir.com.uy\/vetnil\/wp-json\/wp\/v2\/product\/6121","targetHints":{"allow":["GET"]}}],"collection":[{"href":"https:\/\/sadenir.com.uy\/vetnil\/wp-json\/wp\/v2\/product"}],"about":[{"href":"https:\/\/sadenir.com.uy\/vetnil\/wp-json\/wp\/v2\/types\/product"}],"wp:featuredmedia":[{"embeddable":true,"href":"https:\/\/sadenir.com.uy\/vetnil\/wp-json\/wp\/v2\/media\/6097"}],"wp:attachment":[{"href":"https:\/\/sadenir.com.uy\/vetnil\/wp-json\/wp\/v2\/media?parent=6121"}],"wp:term":[{"taxonomy":"product_brand","embeddable":true,"href":"https:\/\/sadenir.com.uy\/vetnil\/wp-json\/wp\/v2\/product_brand?post=6121"},{"taxonomy":"product_cat","embeddable":true,"href":"https:\/\/sadenir.com.uy\/vetnil\/wp-json\/wp\/v2\/product_cat?post=6121"},{"taxonomy":"product_tag","embeddable":true,"href":"https:\/\/sadenir.com.uy\/vetnil\/wp-json\/wp\/v2\/product_tag?post=6121"}],"curies":[{"name":"wp","href":"https:\/\/api.w.org\/{rel}","templated":true}]}}