{"id":6124,"date":"2020-09-28T19:52:54","date_gmt":"2020-09-28T19:52:54","guid":{"rendered":"https:\/\/sadenir.com.uy\/sadenirNew\/vetnil\/?post_type=product&#038;p=6124"},"modified":"2020-09-28T19:54:00","modified_gmt":"2020-09-28T19:54:00","slug":"pet-milk","status":"publish","type":"product","link":"https:\/\/sadenir.com.uy\/vetnil\/product\/pet-milk\/","title":{"rendered":"Pet Milk"},"content":{"rendered":"<p>Indicaci\u00f3n del producto:<br \/>\nPet Milk es un sustituto de la comida para la leche. Est\u00e1 enriquecido con vitaminas, minerales y amino\u00e1cidos necesarios para el desarrollo de su cachorro. Tambi\u00e9n tiene taurina, un amino\u00e1cido de gran importancia en la nutrici\u00f3n de los gatos y los FOS un prebi\u00f3tico que ayuda en el equilibrio de la flora intestinal y por consiguiente una mejor utilizaci\u00f3n de los nutrientes.<br \/>\nPara alimentar a los cachorros de perros y gatos reci\u00e9n nacidos; Camadas muy grandes, donde se hace imposible a la madre alimentar a todas sus cr\u00edas; Hu\u00e9rfanos; Animales en crecimiento; Enriquecimiento en dietas de hembras gestantes y\/o lactantes; Animales de exposici\u00f3n; Animales enfermos; \u00d3ptimo complemento para perros y gatos.<br \/>\nNiveles de garant\u00eda por Kg de producto:<\/p>\n<p><img decoding=\"async\" src=\"http:\/\/sadenir.com.uy\/wp-content\/uploads\/2018\/02\/cuadro-pet-milk.jpg\" \/><\/p>\n<p>Modo de uso:<br \/>\nPet Milk se prepara para utilizar en un m\u00e1ximo de 24 horas. Utilizar una mamadera de tama\u00f1o adecuado, ajustando el orificio de la boquilla para la administraci\u00f3n. Adicionar el polvo Pet Milk en agua caliente, de acuerdo con el peso en d\u00edas del cachorro. Mezclar, con ayuda de una cuchara, licuadora o mixer, por aproximadamente 3 minutos, hasta lograr la diluci\u00f3n deseada. Pese los cachorros, teniendo en cuenta los d\u00edas y seguir las instrucciones de dosificaci\u00f3n. Animales de hasta 10 d\u00edas de vida. A\u00f1adir 1 parte de Pet Mil para cada 20 ml de agua. Proporcionar una dosis diaria de 15 ml por cada 100g de peso corporal. Animales con m\u00e1s de 10 d\u00edas de vida: Adicionar 1 medida de Pet Milk por cada 15 ml de agua. Proporcionar una dosis diaria de 20 ml por cada 100 g de peso corporal. Las administraciones deben ser divididas de 3 a 6 veces al d\u00eda, con intervalos de 4 a 8 horas. Las necesidades de los cachorros pueden variar, por lo que las cantidades deber\u00e1n ser ajustadas, de acuerdo con factores individuales. Como suplemento alimenticio: Para cachorros en crecimiento, hembras pre\u00f1adas y lactantes (durante la gestaci\u00f3n, hasta dos semanas despu\u00e9s del destete), animales de exposici\u00f3n, animales adultos, ancianos, la dosis es 6ml por Kg de peso corporal, la misma diluci\u00f3n utilizada para cachorros con m\u00e1s de 10 d\u00edas de vida.<br \/>\nPresentaci\u00f3n:<br \/>\nLata conteniendo 300 g con medida dosificadora de 4g.<\/p>\n<p>Mayor practicidad sachets de 100g y 300g.<\/p>\n","protected":false},"excerpt":{"rendered":"<p>Alimento Sustitutivo de la leche matrena para la alimentaci\u00f3n Animal<\/p>\n<p>Posee probi\u00f3ticos<\/p>\n<p>Posee Prote\u00ednas del suero de la leche<\/p>\n<p>Sin Lactosa<\/p>\n<p>&nbsp;<\/p>\n","protected":false},"featured_media":6099,"template":"","meta":{"pgc_sgb_lightbox_settings":""},"product_brand":[],"product_cat":[75],"product_tag":[],"class_list":{"0":"post-6124","1":"product","2":"type-product","3":"status-publish","4":"has-post-thumbnail","6":"product_cat-pets","8":"first","9":"instock","10":"shipping-taxable","11":"product-type-simple"},"yoast_head":"<!-- This site is optimized with the Yoast SEO plugin v26.1.1 - https:\/\/yoast.com\/wordpress\/plugins\/seo\/ -->\n<title>Pet Milk - Vetnil<\/title>\n<meta name=\"robots\" content=\"index, follow, max-snippet:-1, max-image-preview:large, max-video-preview:-1\" \/>\n<link rel=\"canonical\" href=\"https:\/\/sadenir.com.uy\/vetnil\/product\/pet-milk\/\" \/>\n<meta property=\"og:locale\" content=\"es_ES\" \/>\n<meta property=\"og:type\" content=\"article\" \/>\n<meta property=\"og:title\" content=\"Pet Milk - Vetnil\" \/>\n<meta property=\"og:description\" content=\"Alimento Sustitutivo de la leche matrena para la alimentaci\u00f3n Animal  Posee probi\u00f3ticos  Posee Prote\u00ednas del suero de la leche  Sin Lactosa  &nbsp;\" \/>\n<meta property=\"og:url\" content=\"https:\/\/sadenir.com.uy\/vetnil\/product\/pet-milk\/\" \/>\n<meta property=\"og:site_name\" content=\"Vetnil\" \/>\n<meta property=\"article:modified_time\" content=\"2020-09-28T19:54:00+00:00\" \/>\n<meta property=\"og:image\" content=\"https:\/\/sadenir.com.uy\/vetnil\/wp-content\/uploads\/sites\/8\/2020\/09\/pet_milk.jpg\" \/>\n\t<meta property=\"og:image:width\" content=\"801\" \/>\n\t<meta property=\"og:image:height\" content=\"800\" \/>\n\t<meta property=\"og:image:type\" content=\"image\/jpeg\" \/>\n<meta name=\"twitter:card\" content=\"summary_large_image\" \/>\n<meta name=\"twitter:label1\" content=\"Tiempo de lectura\" \/>\n\t<meta name=\"twitter:data1\" content=\"2 minutos\" \/>\n<script type=\"application\/ld+json\" class=\"yoast-schema-graph\">{\"@context\":\"https:\/\/schema.org\",\"@graph\":[{\"@type\":\"WebPage\",\"@id\":\"https:\/\/sadenir.com.uy\/vetnil\/product\/pet-milk\/\",\"url\":\"https:\/\/sadenir.com.uy\/vetnil\/product\/pet-milk\/\",\"name\":\"Pet Milk - Vetnil\",\"isPartOf\":{\"@id\":\"https:\/\/sadenir.com.uy\/vetnil\/#website\"},\"primaryImageOfPage\":{\"@id\":\"https:\/\/sadenir.com.uy\/vetnil\/product\/pet-milk\/#primaryimage\"},\"image\":{\"@id\":\"https:\/\/sadenir.com.uy\/vetnil\/product\/pet-milk\/#primaryimage\"},\"thumbnailUrl\":\"https:\/\/sadenir.com.uy\/vetnil\/wp-content\/uploads\/sites\/8\/2020\/09\/pet_milk.jpg\",\"datePublished\":\"2020-09-28T19:52:54+00:00\",\"dateModified\":\"2020-09-28T19:54:00+00:00\",\"breadcrumb\":{\"@id\":\"https:\/\/sadenir.com.uy\/vetnil\/product\/pet-milk\/#breadcrumb\"},\"inLanguage\":\"es-AR\",\"potentialAction\":[{\"@type\":\"ReadAction\",\"target\":[\"https:\/\/sadenir.com.uy\/vetnil\/product\/pet-milk\/\"]}]},{\"@type\":\"ImageObject\",\"inLanguage\":\"es-AR\",\"@id\":\"https:\/\/sadenir.com.uy\/vetnil\/product\/pet-milk\/#primaryimage\",\"url\":\"https:\/\/sadenir.com.uy\/vetnil\/wp-content\/uploads\/sites\/8\/2020\/09\/pet_milk.jpg\",\"contentUrl\":\"https:\/\/sadenir.com.uy\/vetnil\/wp-content\/uploads\/sites\/8\/2020\/09\/pet_milk.jpg\",\"width\":801,\"height\":800},{\"@type\":\"BreadcrumbList\",\"@id\":\"https:\/\/sadenir.com.uy\/vetnil\/product\/pet-milk\/#breadcrumb\",\"itemListElement\":[{\"@type\":\"ListItem\",\"position\":1,\"name\":\"Inicio\",\"item\":\"https:\/\/sadenir.com.uy\/vetnil\/\"},{\"@type\":\"ListItem\",\"position\":2,\"name\":\"Productos\",\"item\":\"https:\/\/sadenir.com.uy\/vetnil\/productos\/\"},{\"@type\":\"ListItem\",\"position\":3,\"name\":\"Pet Milk\"}]},{\"@type\":\"WebSite\",\"@id\":\"https:\/\/sadenir.com.uy\/vetnil\/#website\",\"url\":\"https:\/\/sadenir.com.uy\/vetnil\/\",\"name\":\"Vetnil\",\"description\":\"Excelencia en nutrici\u00f3n\",\"potentialAction\":[{\"@type\":\"SearchAction\",\"target\":{\"@type\":\"EntryPoint\",\"urlTemplate\":\"https:\/\/sadenir.com.uy\/vetnil\/?s={search_term_string}\"},\"query-input\":{\"@type\":\"PropertyValueSpecification\",\"valueRequired\":true,\"valueName\":\"search_term_string\"}}],\"inLanguage\":\"es-AR\"}]}<\/script>\n<!-- \/ Yoast SEO plugin. -->","yoast_head_json":{"title":"Pet Milk - Vetnil","robots":{"index":"index","follow":"follow","max-snippet":"max-snippet:-1","max-image-preview":"max-image-preview:large","max-video-preview":"max-video-preview:-1"},"canonical":"https:\/\/sadenir.com.uy\/vetnil\/product\/pet-milk\/","og_locale":"es_ES","og_type":"article","og_title":"Pet Milk - Vetnil","og_description":"Alimento Sustitutivo de la leche matrena para la alimentaci\u00f3n Animal  Posee probi\u00f3ticos  Posee Prote\u00ednas del suero de la leche  Sin Lactosa  &nbsp;","og_url":"https:\/\/sadenir.com.uy\/vetnil\/product\/pet-milk\/","og_site_name":"Vetnil","article_modified_time":"2020-09-28T19:54:00+00:00","og_image":[{"width":801,"height":800,"url":"https:\/\/sadenir.com.uy\/vetnil\/wp-content\/uploads\/sites\/8\/2020\/09\/pet_milk.jpg","type":"image\/jpeg"}],"twitter_card":"summary_large_image","twitter_misc":{"Tiempo de lectura":"2 minutos"},"schema":{"@context":"https:\/\/schema.org","@graph":[{"@type":"WebPage","@id":"https:\/\/sadenir.com.uy\/vetnil\/product\/pet-milk\/","url":"https:\/\/sadenir.com.uy\/vetnil\/product\/pet-milk\/","name":"Pet Milk - Vetnil","isPartOf":{"@id":"https:\/\/sadenir.com.uy\/vetnil\/#website"},"primaryImageOfPage":{"@id":"https:\/\/sadenir.com.uy\/vetnil\/product\/pet-milk\/#primaryimage"},"image":{"@id":"https:\/\/sadenir.com.uy\/vetnil\/product\/pet-milk\/#primaryimage"},"thumbnailUrl":"https:\/\/sadenir.com.uy\/vetnil\/wp-content\/uploads\/sites\/8\/2020\/09\/pet_milk.jpg","datePublished":"2020-09-28T19:52:54+00:00","dateModified":"2020-09-28T19:54:00+00:00","breadcrumb":{"@id":"https:\/\/sadenir.com.uy\/vetnil\/product\/pet-milk\/#breadcrumb"},"inLanguage":"es-AR","potentialAction":[{"@type":"ReadAction","target":["https:\/\/sadenir.com.uy\/vetnil\/product\/pet-milk\/"]}]},{"@type":"ImageObject","inLanguage":"es-AR","@id":"https:\/\/sadenir.com.uy\/vetnil\/product\/pet-milk\/#primaryimage","url":"https:\/\/sadenir.com.uy\/vetnil\/wp-content\/uploads\/sites\/8\/2020\/09\/pet_milk.jpg","contentUrl":"https:\/\/sadenir.com.uy\/vetnil\/wp-content\/uploads\/sites\/8\/2020\/09\/pet_milk.jpg","width":801,"height":800},{"@type":"BreadcrumbList","@id":"https:\/\/sadenir.com.uy\/vetnil\/product\/pet-milk\/#breadcrumb","itemListElement":[{"@type":"ListItem","position":1,"name":"Inicio","item":"https:\/\/sadenir.com.uy\/vetnil\/"},{"@type":"ListItem","position":2,"name":"Productos","item":"https:\/\/sadenir.com.uy\/vetnil\/productos\/"},{"@type":"ListItem","position":3,"name":"Pet Milk"}]},{"@type":"WebSite","@id":"https:\/\/sadenir.com.uy\/vetnil\/#website","url":"https:\/\/sadenir.com.uy\/vetnil\/","name":"Vetnil","description":"Excelencia en nutrici\u00f3n","potentialAction":[{"@type":"SearchAction","target":{"@type":"EntryPoint","urlTemplate":"https:\/\/sadenir.com.uy\/vetnil\/?s={search_term_string}"},"query-input":{"@type":"PropertyValueSpecification","valueRequired":true,"valueName":"search_term_string"}}],"inLanguage":"es-AR"}]}},"_links":{"self":[{"href":"https:\/\/sadenir.com.uy\/vetnil\/wp-json\/wp\/v2\/product\/6124","targetHints":{"allow":["GET"]}}],"collection":[{"href":"https:\/\/sadenir.com.uy\/vetnil\/wp-json\/wp\/v2\/product"}],"about":[{"href":"https:\/\/sadenir.com.uy\/vetnil\/wp-json\/wp\/v2\/types\/product"}],"wp:featuredmedia":[{"embeddable":true,"href":"https:\/\/sadenir.com.uy\/vetnil\/wp-json\/wp\/v2\/media\/6099"}],"wp:attachment":[{"href":"https:\/\/sadenir.com.uy\/vetnil\/wp-json\/wp\/v2\/media?parent=6124"}],"wp:term":[{"taxonomy":"product_brand","embeddable":true,"href":"https:\/\/sadenir.com.uy\/vetnil\/wp-json\/wp\/v2\/product_brand?post=6124"},{"taxonomy":"product_cat","embeddable":true,"href":"https:\/\/sadenir.com.uy\/vetnil\/wp-json\/wp\/v2\/product_cat?post=6124"},{"taxonomy":"product_tag","embeddable":true,"href":"https:\/\/sadenir.com.uy\/vetnil\/wp-json\/wp\/v2\/product_tag?post=6124"}],"curies":[{"name":"wp","href":"https:\/\/api.w.org\/{rel}","templated":true}]}}